{"id":3340,"date":"2024-06-22T17:43:43","date_gmt":"2024-06-22T17:43:43","guid":{"rendered":"https:\/\/wp.xperiencehr.com\/security-and-hosting\/"},"modified":"2024-08-14T17:54:28","modified_gmt":"2024-08-14T17:54:28","slug":"informacie-o-zabezpeceni-a-hostingu","status":"publish","type":"page","link":"https:\/\/www.xperiencehr.com\/sk\/informacie-o-zabezpeceni-a-hostingu\/","title":{"rendered":"Inform\u00e1cie o zabezpe\u010den\u00ed a hostingu"},"content":{"rendered":"\t\t<div data-elementor-type=\"wp-page\" data-elementor-id=\"3340\" class=\"elementor elementor-3340 elementor-1737\">\n\t\t\t\t<div class=\"elementor-element elementor-element-c9df08e e-flex e-con-boxed e-con e-parent\" data-id=\"c9df08e\" data-element_type=\"container\" data-settings=\"{&quot;background_background&quot;:&quot;classic&quot;}\">\n\t\t\t\t\t<div class=\"e-con-inner\">\n\t\t<div class=\"elementor-element elementor-element-f66fc02 e-con-full e-flex e-con e-child\" data-id=\"f66fc02\" data-element_type=\"container\">\n\t\t<div class=\"elementor-element elementor-element-9966e54 e-con-full e-flex e-con e-child\" data-id=\"9966e54\" data-element_type=\"container\">\n\t\t\t\t<div class=\"elementor-element elementor-element-765b2c3 elementor-widget elementor-widget-elementskit-heading\" data-id=\"765b2c3\" data-element_type=\"widget\" data-settings=\"{&quot;ekit_we_effect_on&quot;:&quot;none&quot;}\" data-widget_type=\"elementskit-heading.default\">\n\t\t\t\t<div class=\"elementor-widget-container\">\n\t\t\t<div class=\"ekit-wid-con\" ><div class=\"ekit-heading elementskit-section-title-wraper text_left   ekit_heading_tablet-   ekit_heading_mobile-\"><h1 class=\"ekit-heading--title elementskit-section-title \"><span><span>Zabezpe\u010denie<\/span><\/span> a <span><span>hosting<\/span><\/span><\/h1>\t\t\t\t<div class='ekit-heading__description'>\n\t\t\t\t\t<p>Va\u0161e \u00fadaje s\u00fa u n\u00e1s v bezpe\u010d\u00ed. Bezpe\u010dnos\u0165 m\u00e1 vo XperienceHR maxim\u00e1lny v\u00fdznam. \u010c\u00edtajte \u010falej a dozviete sa, ako zabezpe\u010dujeme ochranu a dostupnos\u0165 va\u0161ich \u00fadajov.<\/p>\n\t\t\t\t<\/div>\n\t\t\t<\/div><\/div>\t\t<\/div>\n\t\t\t\t<\/div>\n\t\t\t\t<\/div>\n\t\t<div class=\"elementor-element elementor-element-93d228f e-con-full e-flex e-con e-child\" data-id=\"93d228f\" data-element_type=\"container\" data-settings=\"{&quot;background_background&quot;:&quot;classic&quot;}\">\n\t\t\t\t<div class=\"elementor-element elementor-element-63b5910 elementor-widget elementor-widget-image\" data-id=\"63b5910\" data-element_type=\"widget\" data-settings=\"{&quot;ekit_we_effect_on&quot;:&quot;none&quot;}\" data-widget_type=\"image.default\">\n\t\t\t\t<div class=\"elementor-widget-container\">\n\t\t\t\t\t\t\t\t\t\t\t\t\t<img fetchpriority=\"high\" decoding=\"async\" width=\"1000\" height=\"1000\" src=\"https:\/\/www.xperiencehr.com\/wp-content\/uploads\/2024\/06\/security_hosting_xperiencehr.webp\" class=\"attachment-large size-large wp-image-687\" alt=\"security hosting xperiencehr\" srcset=\"https:\/\/www.xperiencehr.com\/wp-content\/uploads\/2024\/06\/security_hosting_xperiencehr.webp 1000w, https:\/\/www.xperiencehr.com\/wp-content\/uploads\/2024\/06\/security_hosting_xperiencehr-300x300.webp 300w, https:\/\/www.xperiencehr.com\/wp-content\/uploads\/2024\/06\/security_hosting_xperiencehr-150x150.webp 150w, https:\/\/www.xperiencehr.com\/wp-content\/uploads\/2024\/06\/security_hosting_xperiencehr-768x768.webp 768w, https:\/\/www.xperiencehr.com\/wp-content\/uploads\/2024\/06\/security_hosting_xperiencehr-710x710.webp 710w\" sizes=\"(max-width: 1000px) 100vw, 1000px\" \/>\t\t\t\t\t\t\t\t\t\t\t\t\t<\/div>\n\t\t\t\t<\/div>\n\t\t\t\t<\/div>\n\t\t\t\t<\/div>\n\t\t\t\t\t<\/div>\n\t\t\t\t<\/div>\n\t\t<div class=\"elementor-element elementor-element-e3a2579 e-flex e-con-boxed e-con e-parent\" data-id=\"e3a2579\" data-element_type=\"container\" data-settings=\"{&quot;background_background&quot;:&quot;classic&quot;}\">\n\t\t\t\t\t<div class=\"e-con-inner\">\n\t\t<div class=\"elementor-element elementor-element-2142d31 e-con-full e-flex e-con e-child\" data-id=\"2142d31\" data-element_type=\"container\">\n\t\t<div class=\"elementor-element elementor-element-ab6bc2d e-con-full e-flex e-con e-child\" data-id=\"ab6bc2d\" data-element_type=\"container\" data-settings=\"{&quot;background_background&quot;:&quot;classic&quot;}\">\n\t\t\t\t<div class=\"elementor-element elementor-element-56aed1b elementor-widget elementor-widget-image\" data-id=\"56aed1b\" data-element_type=\"widget\" data-settings=\"{&quot;ekit_we_effect_on&quot;:&quot;none&quot;}\" data-widget_type=\"image.default\">\n\t\t\t\t<div class=\"elementor-widget-container\">\n\t\t\t\t\t\t\t\t\t\t\t\t\t<img decoding=\"async\" width=\"1000\" height=\"1000\" src=\"https:\/\/www.xperiencehr.com\/wp-content\/uploads\/2024\/06\/security_xperiencehr.webp\" class=\"attachment-large size-large wp-image-688\" alt=\"security xperiencehr\" srcset=\"https:\/\/www.xperiencehr.com\/wp-content\/uploads\/2024\/06\/security_xperiencehr.webp 1000w, https:\/\/www.xperiencehr.com\/wp-content\/uploads\/2024\/06\/security_xperiencehr-300x300.webp 300w, https:\/\/www.xperiencehr.com\/wp-content\/uploads\/2024\/06\/security_xperiencehr-150x150.webp 150w, https:\/\/www.xperiencehr.com\/wp-content\/uploads\/2024\/06\/security_xperiencehr-768x768.webp 768w, https:\/\/www.xperiencehr.com\/wp-content\/uploads\/2024\/06\/security_xperiencehr-710x710.webp 710w\" sizes=\"(max-width: 1000px) 100vw, 1000px\" \/>\t\t\t\t\t\t\t\t\t\t\t\t\t<\/div>\n\t\t\t\t<\/div>\n\t\t\t\t<\/div>\n\t\t<div class=\"elementor-element elementor-element-bc18728 e-con-full e-flex e-con e-child\" data-id=\"bc18728\" data-element_type=\"container\">\n\t\t\t\t<div class=\"elementor-element elementor-element-129a91f elementor-widget elementor-widget-elementskit-heading\" data-id=\"129a91f\" data-element_type=\"widget\" data-settings=\"{&quot;ekit_we_effect_on&quot;:&quot;none&quot;}\" data-widget_type=\"elementskit-heading.default\">\n\t\t\t\t<div class=\"elementor-widget-container\">\n\t\t\t<div class=\"ekit-wid-con\" ><div class=\"ekit-heading elementskit-section-title-wraper text_left   ekit_heading_tablet-   ekit_heading_mobile-\"><h2 class=\"ekit-heading--title elementskit-section-title \"><span><span>GDPR<\/span><\/span><\/h2>\t\t\t\t<div class='ekit-heading__description'>\n\t\t\t\t\t<p>Pr\u00e1vo na s\u00fakromie pre na\u0161ich klientov je v XperienceHR na\u0161ou najvy\u0161\u0161ou prioritou. N\u00e1\u0161 z\u00e1v\u00e4zok dodr\u017ea\u0165 medzin\u00e1rodn\u00e9 pr\u00e1vo a regul\u00e1cie E\u00da n\u00e1s viedol k zavedeniu aktualiz\u00e1ci\u00ed t\u00fdkaj\u00facich sa s\u00fakromia, po\u010dn\u00fac 25. m\u00e1jom 2018. XperienceHR sp\u013a\u0148a v\u0161etky aspekty GDPR nariadenia, vr\u00e1tane s\u00fakromia pou\u017e\u00edvate\u013eov, zabezpe\u010denia a kontroloy ich s\u00fakromn\u00fdch \u00fadajov. V\u0161etky na\u0161e \u00fadaje s\u00fa ulo\u017een\u00e9 v r\u00e1mci Eur\u00f3pskej \u00fanie, aby sme zabezpe\u010dili, \u017ee bud\u00fa chr\u00e1nen\u00e9 nariadeniami E\u00da o ochrane \u00fadajov. Na\u0161e servery s\u00fa hos\u0165ovan\u00e9 v d\u00f4veryhodnom cloude Amazon s d\u00e1tov\u00fdmi centrami v \u00cdrsku, Nemecku a Franc\u00fazsku. T\u00e1to distribuovan\u00e1 infra\u0161trukt\u00fara n\u00e1m umo\u017e\u0148uje poskytova\u0165 r\u00fdchle a spo\u013eahliv\u00e9 slu\u017eby na\u0161im z\u00e1kazn\u00edkom, pri\u010dom zais\u0165uje, \u017ee \u00fadaje s\u00fa v\u017edy bezpe\u010dn\u00e9 a dostupn\u00e9.<\/p>\n\t\t\t\t<\/div>\n\t\t\t<\/div><\/div>\t\t<\/div>\n\t\t\t\t<\/div>\n\t\t\t\t<div class=\"elementor-element elementor-element-3956b32 elementor-widget elementor-widget-elementskit-button\" data-id=\"3956b32\" data-element_type=\"widget\" data-settings=\"{&quot;ekit_we_effect_on&quot;:&quot;none&quot;}\" data-widget_type=\"elementskit-button.default\">\n\t\t\t\t<div class=\"elementor-widget-container\">\n\t\t\t<div class=\"ekit-wid-con\" >\t\t<div class=\"ekit-btn-wraper\">\n\t\t\t\t\t\t\t<a href=\"https:\/\/www.xperiencehr.com\/sk\/kontakt\/\" class=\"elementskit-btn  whitespace--normal\" id=\"\">\n\t\t\t\t\tPre viac info n\u00e1s kontaktujte\t\t\t\t<\/a>\n\t\t\t\t\t<\/div>\n        <\/div>\t\t<\/div>\n\t\t\t\t<\/div>\n\t\t\t\t<\/div>\n\t\t\t\t<\/div>\n\t\t\t\t\t<\/div>\n\t\t\t\t<\/div>\n\t\t<div class=\"elementor-element elementor-element-11d7301 e-flex e-con-boxed e-con e-parent\" data-id=\"11d7301\" data-element_type=\"container\" data-settings=\"{&quot;background_background&quot;:&quot;classic&quot;}\">\n\t\t\t\t\t<div class=\"e-con-inner\">\n\t\t<div class=\"elementor-element elementor-element-78f3b49 e-con-full e-flex e-con e-child\" data-id=\"78f3b49\" data-element_type=\"container\">\n\t\t\t\t<div class=\"elementor-element elementor-element-3c4516a animated-fast elementor-widget__width-initial elementor-invisible elementor-widget elementor-widget-elementskit-heading\" data-id=\"3c4516a\" data-element_type=\"widget\" data-settings=\"{&quot;_animation&quot;:&quot;fadeIn&quot;,&quot;_animation_delay&quot;:100,&quot;ekit_we_effect_on&quot;:&quot;none&quot;}\" data-widget_type=\"elementskit-heading.default\">\n\t\t\t\t<div class=\"elementor-widget-container\">\n\t\t\t<div class=\"ekit-wid-con\" ><div class=\"ekit-heading elementskit-section-title-wraper text_center   ekit_heading_tablet-   ekit_heading_mobile-\"><h2 class=\"ekit-heading--title elementskit-section-title \"><span><span>Ot\u00e1zky oh\u013eadom hostingu a bezpe\u010dnosti?<\/span><\/span><\/h2><\/div><\/div>\t\t<\/div>\n\t\t\t\t<\/div>\n\t\t\t\t<\/div>\n\t\t<div class=\"elementor-element elementor-element-ec782f5 e-flex e-con-boxed e-con e-child\" data-id=\"ec782f5\" data-element_type=\"container\">\n\t\t\t\t\t<div class=\"e-con-inner\">\n\t\t\t\t<div class=\"elementor-element elementor-element-ddbfaa1 elementor-widget elementor-widget-elementskit-button\" data-id=\"ddbfaa1\" data-element_type=\"widget\" data-settings=\"{&quot;ekit_we_effect_on&quot;:&quot;none&quot;}\" data-widget_type=\"elementskit-button.default\">\n\t\t\t\t<div class=\"elementor-widget-container\">\n\t\t\t<div class=\"ekit-wid-con\" >\t\t<div class=\"ekit-btn-wraper\">\n\t\t\t\t\t\t\t<a href=\"https:\/\/www.xperiencehr.com\/sk\/kontaktovat\" class=\"elementskit-btn  whitespace--normal\" id=\"\">\n\t\t\t\t\tKONTAKTOVA\u0164\t\t\t\t<\/a>\n\t\t\t\t\t<\/div>\n        <\/div>\t\t<\/div>\n\t\t\t\t<\/div>\n\t\t\t\t\t<\/div>\n\t\t\t\t<\/div>\n\t\t\t\t<div class=\"elementor-element elementor-element-e2ab5ba elementor-absolute animated-fast elementor-hidden-tablet elementor-hidden-mobile elementor-invisible elementor-widget elementor-widget-image\" data-id=\"e2ab5ba\" data-element_type=\"widget\" data-settings=\"{&quot;_position&quot;:&quot;absolute&quot;,&quot;ekit_we_effect_on&quot;:&quot;onscroll&quot;,&quot;ekit_we_scroll_animation_value&quot;:100,&quot;ekit_we_scroll_smoothness&quot;:0,&quot;_animation&quot;:&quot;fadeIn&quot;,&quot;_animation_delay&quot;:200,&quot;ekit_we_on_test_mode&quot;:&quot;on&quot;,&quot;ekit_we_scroll_animation&quot;:&quot;translateY&quot;,&quot;ekit_we_scroll_offsettop&quot;:0,&quot;ekit_we_scroll_offsetbottom&quot;:0}\" data-widget_type=\"image.default\">\n\t\t\t\t<div class=\"elementor-widget-container\">\n\t\t\t\t\t\t\t\t\t\t\t\t\t<img decoding=\"async\" width=\"374\" height=\"374\" src=\"https:\/\/www.xperiencehr.com\/wp-content\/uploads\/2024\/06\/dots-shape.svg\" class=\"attachment-large size-large wp-image-99\" alt=\"\" \/>\t\t\t\t\t\t\t\t\t\t\t\t\t<\/div>\n\t\t\t\t<\/div>\n\t\t\t\t\t<\/div>\n\t\t\t\t<\/div>\n\t\t\t\t<\/div>\n\t\t","protected":false},"excerpt":{"rendered":"<p>Zabezpe\u010denie a hosting Va\u0161e \u00fadaje s\u00fa u n\u00e1s v bezpe\u010d\u00ed. Bezpe\u010dnos\u0165 m\u00e1 vo XperienceHR maxim\u00e1lny v\u00fdznam. \u010c\u00edtajte \u010falej a dozviete sa, ako zabezpe\u010dujeme ochranu a dostupnos\u0165 va\u0161ich \u00fadajov. GDPR Pr\u00e1vo na s\u00fakromie pre na\u0161ich klientov je v XperienceHR na\u0161ou najvy\u0161\u0161ou prioritou. N\u00e1\u0161 z\u00e1v\u00e4zok dodr\u017ea\u0165 medzin\u00e1rodn\u00e9 pr\u00e1vo a regul\u00e1cie E\u00da n\u00e1s viedol k zavedeniu aktualiz\u00e1ci\u00ed t\u00fdkaj\u00facich [&hellip;]<\/p>\n","protected":false},"author":4,"featured_media":3291,"parent":0,"menu_order":0,"comment_status":"closed","ping_status":"closed","template":"","meta":{"footnotes":""},"class_list":["post-3340","page","type-page","status-publish","has-post-thumbnail","hentry"],"_links":{"self":[{"href":"https:\/\/www.xperiencehr.com\/sk\/wp-json\/wp\/v2\/pages\/3340","targetHints":{"allow":["GET"]}}],"collection":[{"href":"https:\/\/www.xperiencehr.com\/sk\/wp-json\/wp\/v2\/pages"}],"about":[{"href":"https:\/\/www.xperiencehr.com\/sk\/wp-json\/wp\/v2\/types\/page"}],"author":[{"embeddable":true,"href":"https:\/\/www.xperiencehr.com\/sk\/wp-json\/wp\/v2\/users\/4"}],"replies":[{"embeddable":true,"href":"https:\/\/www.xperiencehr.com\/sk\/wp-json\/wp\/v2\/comments?post=3340"}],"version-history":[{"count":4,"href":"https:\/\/www.xperiencehr.com\/sk\/wp-json\/wp\/v2\/pages\/3340\/revisions"}],"predecessor-version":[{"id":3449,"href":"https:\/\/www.xperiencehr.com\/sk\/wp-json\/wp\/v2\/pages\/3340\/revisions\/3449"}],"wp:featuredmedia":[{"embeddable":true,"href":"https:\/\/www.xperiencehr.com\/sk\/wp-json\/wp\/v2\/media\/3291"}],"wp:attachment":[{"href":"https:\/\/www.xperiencehr.com\/sk\/wp-json\/wp\/v2\/media?parent=3340"}],"curies":[{"name":"wp","href":"https:\/\/api.w.org\/{rel}","templated":true}]}}