{"id":3342,"date":"2024-06-22T17:33:00","date_gmt":"2024-06-22T17:33:00","guid":{"rendered":"https:\/\/wp.xperiencehr.com\/core-hr\/"},"modified":"2024-08-14T17:38:58","modified_gmt":"2024-08-14T17:38:58","slug":"core-hr","status":"publish","type":"page","link":"https:\/\/www.xperiencehr.com\/sk\/core-hr\/","title":{"rendered":"Core HR Datab\u00e1za"},"content":{"rendered":"\t\t<div data-elementor-type=\"wp-page\" data-elementor-id=\"3342\" class=\"elementor elementor-3342 elementor-1678\">\n\t\t\t\t<div class=\"elementor-element elementor-element-2f11bde e-flex e-con-boxed e-con e-parent\" data-id=\"2f11bde\" data-element_type=\"container\" data-settings=\"{&quot;background_background&quot;:&quot;classic&quot;}\">\n\t\t\t\t\t<div class=\"e-con-inner\">\n\t\t<div class=\"elementor-element elementor-element-27c3c3f e-con-full e-flex e-con e-child\" data-id=\"27c3c3f\" data-element_type=\"container\">\n\t\t<div class=\"elementor-element elementor-element-4019d49 e-con-full e-flex e-con e-child\" data-id=\"4019d49\" data-element_type=\"container\">\n\t\t\t\t<div class=\"elementor-element elementor-element-7935c83 elementor-widget elementor-widget-elementskit-heading\" data-id=\"7935c83\" data-element_type=\"widget\" data-settings=\"{&quot;ekit_we_effect_on&quot;:&quot;none&quot;}\" data-widget_type=\"elementskit-heading.default\">\n\t\t\t\t<div class=\"elementor-widget-container\">\n\t\t\t<div class=\"ekit-wid-con\" ><div class=\"ekit-heading elementskit-section-title-wraper text_left   ekit_heading_tablet-   ekit_heading_mobile-\"><h1 class=\"ekit-heading--title elementskit-section-title \"><span><span>Core HR Datab\u00e1za<\/span><\/span><\/h1>\t\t\t\t<div class='ekit-heading__description'>\n\t\t\t\t\t<p>XperienceHR Core HR je \u00faplne nov\u00fd poh\u013ead na HR rie\u0161enia. Rozhodnut\u00edm zapoji\u0165 V\u00e1s do procesu jeho kon\u0161trukcie sme boli schopn\u00ed vytvori\u0165 praktick\u00fd n\u00e1stroj na spr\u00e1vu HR presne pod\u013ea Va\u0161ich predst\u00e1v. V\u0161etko \u010do o svojich \u013eu\u010foch potrebujete vedie\u0165 je ulo\u017een\u00e9 na jednom mieste.<\/p>\n\t\t\t\t<\/div>\n\t\t\t<\/div><\/div>\t\t<\/div>\n\t\t\t\t<\/div>\n\t\t\t\t<\/div>\n\t\t<div class=\"elementor-element elementor-element-09abb26 e-con-full e-flex e-con e-child\" data-id=\"09abb26\" data-element_type=\"container\" data-settings=\"{&quot;background_background&quot;:&quot;classic&quot;}\">\n\t\t\t\t<div class=\"elementor-element elementor-element-18f4aed elementor-widget elementor-widget-image\" data-id=\"18f4aed\" data-element_type=\"widget\" data-settings=\"{&quot;ekit_we_effect_on&quot;:&quot;none&quot;}\" data-widget_type=\"image.default\">\n\t\t\t\t<div class=\"elementor-widget-container\">\n\t\t\t\t\t\t\t\t\t\t\t\t\t<img fetchpriority=\"high\" decoding=\"async\" width=\"1000\" height=\"1000\" src=\"https:\/\/www.xperiencehr.com\/wp-content\/uploads\/2024\/06\/Online_content_xperiencehr.webp\" class=\"attachment-large size-large wp-image-680\" alt=\"Online content xperiencehr\" srcset=\"https:\/\/www.xperiencehr.com\/wp-content\/uploads\/2024\/06\/Online_content_xperiencehr.webp 1000w, https:\/\/www.xperiencehr.com\/wp-content\/uploads\/2024\/06\/Online_content_xperiencehr-300x300.webp 300w, https:\/\/www.xperiencehr.com\/wp-content\/uploads\/2024\/06\/Online_content_xperiencehr-150x150.webp 150w, https:\/\/www.xperiencehr.com\/wp-content\/uploads\/2024\/06\/Online_content_xperiencehr-768x768.webp 768w, https:\/\/www.xperiencehr.com\/wp-content\/uploads\/2024\/06\/Online_content_xperiencehr-710x710.webp 710w\" sizes=\"(max-width: 1000px) 100vw, 1000px\" \/>\t\t\t\t\t\t\t\t\t\t\t\t\t<\/div>\n\t\t\t\t<\/div>\n\t\t\t\t<\/div>\n\t\t\t\t<\/div>\n\t\t\t\t\t<\/div>\n\t\t\t\t<\/div>\n\t\t<div class=\"elementor-element elementor-element-bc7c363 e-flex e-con-boxed e-con e-parent\" data-id=\"bc7c363\" data-element_type=\"container\" data-settings=\"{&quot;background_background&quot;:&quot;classic&quot;}\">\n\t\t\t\t\t<div class=\"e-con-inner\">\n\t\t<div class=\"elementor-element elementor-element-80ad570 e-con-full e-flex e-con e-child\" data-id=\"80ad570\" data-element_type=\"container\">\n\t\t<div class=\"elementor-element elementor-element-3d5c200 e-con-full e-flex e-con e-child\" data-id=\"3d5c200\" data-element_type=\"container\" data-settings=\"{&quot;background_background&quot;:&quot;classic&quot;}\">\n\t\t\t\t<div class=\"elementor-element elementor-element-6816f7a elementor-widget elementor-widget-image\" data-id=\"6816f7a\" data-element_type=\"widget\" data-settings=\"{&quot;ekit_we_effect_on&quot;:&quot;none&quot;}\" data-widget_type=\"image.default\">\n\t\t\t\t<div class=\"elementor-widget-container\">\n\t\t\t\t\t\t\t\t\t\t\t\t\t<img decoding=\"async\" width=\"1000\" height=\"1000\" src=\"https:\/\/www.xperiencehr.com\/wp-content\/uploads\/2024\/06\/Employee_Card_Mockup_xperiencehr.webp\" class=\"attachment-large size-large wp-image-666\" alt=\"Employee Card Mockup xperiencehr\" srcset=\"https:\/\/www.xperiencehr.com\/wp-content\/uploads\/2024\/06\/Employee_Card_Mockup_xperiencehr.webp 1000w, https:\/\/www.xperiencehr.com\/wp-content\/uploads\/2024\/06\/Employee_Card_Mockup_xperiencehr-300x300.webp 300w, https:\/\/www.xperiencehr.com\/wp-content\/uploads\/2024\/06\/Employee_Card_Mockup_xperiencehr-150x150.webp 150w, https:\/\/www.xperiencehr.com\/wp-content\/uploads\/2024\/06\/Employee_Card_Mockup_xperiencehr-768x768.webp 768w, https:\/\/www.xperiencehr.com\/wp-content\/uploads\/2024\/06\/Employee_Card_Mockup_xperiencehr-710x710.webp 710w\" sizes=\"(max-width: 1000px) 100vw, 1000px\" \/>\t\t\t\t\t\t\t\t\t\t\t\t\t<\/div>\n\t\t\t\t<\/div>\n\t\t\t\t<\/div>\n\t\t<div class=\"elementor-element elementor-element-c0d6e72 e-con-full e-flex e-con e-child\" data-id=\"c0d6e72\" data-element_type=\"container\">\n\t\t\t\t<div class=\"elementor-element elementor-element-9cec286 elementor-widget elementor-widget-elementskit-heading\" data-id=\"9cec286\" data-element_type=\"widget\" data-settings=\"{&quot;ekit_we_effect_on&quot;:&quot;none&quot;}\" data-widget_type=\"elementskit-heading.default\">\n\t\t\t\t<div class=\"elementor-widget-container\">\n\t\t\t<div class=\"ekit-wid-con\" ><div class=\"ekit-heading elementskit-section-title-wraper text_left   ekit_heading_tablet-   ekit_heading_mobile-\"><h2 class=\"ekit-heading--title elementskit-section-title \">Ovl\u00e1dnite <span><span>zamestnaneck\u00e9 d\u00e1ta<\/span><\/span><\/h2>\t\t\t\t<div class='ekit-heading__description'>\n\t\t\t\t\t<p>V na\u0161om XperienceHR Core HR okrem z\u00e1kladn\u00fdch modulov Doch\u00e1dzka, V\u00fdkazy Pr\u00e1ce a Absencie dominuje aj \u0161pi\u010dkov\u00fd Core HR alebo Hlavn\u00e1 datab\u00e1za zamestnancov. Va\u0161e v\u00fdkazy pr\u00e1ce a absenci\u00ed s\u00fa priebe\u017ene zbieran\u00e9 XperienceHR web aplik\u00e1ciou, ktor\u00e1 n\u00e1sledne potrebn\u00e9 d\u00e1ta pos\u00fava do Va\u0161ej datab\u00e1zy zamestnancov. Tak\u00fdto model zoh\u013ead\u0148uje v\u0161etko, \u010do Va\u0161e HR oddelenie potrebuje na pr\u00e1cu so mzdov\u00fdm syst\u00e9mom. Core HR v XperienceHR m\u00f4\u017eete pou\u017e\u00edva\u0165 ako prim\u00e1rnu alebo sekund\u00e1rnu datab\u00e1zu, vy si zadefinujete, ktor\u00e1 je pre v\u00e1s hlavn\u00e1. Zmeny v hlavnej datab\u00e1ze sa zosynchronizuj\u00fa so sekund\u00e1rnou datab\u00e1zou.<\/p>\n\t\t\t\t<\/div>\n\t\t\t<\/div><\/div>\t\t<\/div>\n\t\t\t\t<\/div>\n\t\t\t\t<div class=\"elementor-element elementor-element-0156ccb elementor-widget elementor-widget-elementskit-button\" data-id=\"0156ccb\" data-element_type=\"widget\" data-settings=\"{&quot;ekit_we_effect_on&quot;:&quot;none&quot;}\" data-widget_type=\"elementskit-button.default\">\n\t\t\t\t<div class=\"elementor-widget-container\">\n\t\t\t<div class=\"ekit-wid-con\" >\t\t<div class=\"ekit-btn-wraper\">\n\t\t\t\t\t\t\t<a href=\"https:\/\/www.xperiencehr.com\/sk\/kontakt\/\" class=\"elementskit-btn  whitespace--normal\" id=\"\">\n\t\t\t\t\tZistite viac\t\t\t\t<\/a>\n\t\t\t\t\t<\/div>\n        <\/div>\t\t<\/div>\n\t\t\t\t<\/div>\n\t\t\t\t<\/div>\n\t\t\t\t<\/div>\n\t\t\t\t\t<\/div>\n\t\t\t\t<\/div>\n\t\t<div class=\"elementor-element elementor-element-1942080 e-flex e-con-boxed e-con e-parent\" data-id=\"1942080\" data-element_type=\"container\">\n\t\t\t\t\t<div class=\"e-con-inner\">\n\t\t\t\t<div class=\"elementor-element elementor-element-997d7f3 elementor-widget elementor-widget-spacer\" data-id=\"997d7f3\" data-element_type=\"widget\" data-settings=\"{&quot;ekit_we_effect_on&quot;:&quot;none&quot;}\" data-widget_type=\"spacer.default\">\n\t\t\t\t<div class=\"elementor-widget-container\">\n\t\t\t\t\t<div class=\"elementor-spacer\">\n\t\t\t<div class=\"elementor-spacer-inner\"><\/div>\n\t\t<\/div>\n\t\t\t\t<\/div>\n\t\t\t\t<\/div>\n\t\t\t\t\t<\/div>\n\t\t\t\t<\/div>\n\t\t<div class=\"elementor-element elementor-element-91f3c21 e-flex e-con-boxed e-con e-parent\" data-id=\"91f3c21\" data-element_type=\"container\" data-settings=\"{&quot;background_background&quot;:&quot;classic&quot;}\">\n\t\t\t\t\t<div class=\"e-con-inner\">\n\t\t<div class=\"elementor-element elementor-element-08d1553 e-con-full e-flex e-con e-child\" data-id=\"08d1553\" data-element_type=\"container\">\n\t\t\t\t<div class=\"elementor-element elementor-element-277d737 animated-fast elementor-widget__width-initial elementor-invisible elementor-widget elementor-widget-elementskit-heading\" data-id=\"277d737\" data-element_type=\"widget\" data-settings=\"{&quot;_animation&quot;:&quot;fadeIn&quot;,&quot;_animation_delay&quot;:100,&quot;ekit_we_effect_on&quot;:&quot;none&quot;}\" data-widget_type=\"elementskit-heading.default\">\n\t\t\t\t<div class=\"elementor-widget-container\">\n\t\t\t<div class=\"ekit-wid-con\" ><div class=\"ekit-heading elementskit-section-title-wraper text_center   ekit_heading_tablet-   ekit_heading_mobile-\"><h2 class=\"ekit-heading--title elementskit-section-title \"><span><span>Pripraven\u00ed vysk\u00fa\u0161a\u0165 XperienceHR? Zaregistrujte sa a dostanete 7-d\u0148ov\u00fa sk\u00fa\u0161obn\u00fa verziu \u00faplne zadarmo.<\/span><\/span><\/h2><\/div><\/div>\t\t<\/div>\n\t\t\t\t<\/div>\n\t\t\t\t<\/div>\n\t\t<div class=\"elementor-element elementor-element-ee46a98 e-flex e-con-boxed e-con e-child\" data-id=\"ee46a98\" data-element_type=\"container\">\n\t\t\t\t\t<div class=\"e-con-inner\">\n\t\t\t\t<div class=\"elementor-element elementor-element-379b8df elementor-widget elementor-widget-elementskit-button\" data-id=\"379b8df\" data-element_type=\"widget\" data-settings=\"{&quot;ekit_we_effect_on&quot;:&quot;none&quot;}\" data-widget_type=\"elementskit-button.default\">\n\t\t\t\t<div class=\"elementor-widget-container\">\n\t\t\t<div class=\"ekit-wid-con\" >\t\t<div class=\"ekit-btn-wraper\">\n\t\t\t\t\t\t\t<a href=\"https:\/\/www.xperiencehr.com\/sk\/registracia\" class=\"elementskit-btn  whitespace--normal\" id=\"\">\n\t\t\t\t\tREGISTRUJTE SA\t\t\t\t<\/a>\n\t\t\t\t\t<\/div>\n        <\/div>\t\t<\/div>\n\t\t\t\t<\/div>\n\t\t\t\t\t<\/div>\n\t\t\t\t<\/div>\n\t\t\t\t<div class=\"elementor-element elementor-element-28e335e elementor-absolute animated-fast elementor-hidden-tablet elementor-hidden-mobile elementor-invisible elementor-widget elementor-widget-image\" data-id=\"28e335e\" data-element_type=\"widget\" data-settings=\"{&quot;_position&quot;:&quot;absolute&quot;,&quot;ekit_we_effect_on&quot;:&quot;onscroll&quot;,&quot;ekit_we_scroll_animation_value&quot;:100,&quot;ekit_we_scroll_smoothness&quot;:0,&quot;_animation&quot;:&quot;fadeIn&quot;,&quot;_animation_delay&quot;:200,&quot;ekit_we_on_test_mode&quot;:&quot;on&quot;,&quot;ekit_we_scroll_animation&quot;:&quot;translateY&quot;,&quot;ekit_we_scroll_offsettop&quot;:0,&quot;ekit_we_scroll_offsetbottom&quot;:0}\" data-widget_type=\"image.default\">\n\t\t\t\t<div class=\"elementor-widget-container\">\n\t\t\t\t\t\t\t\t\t\t\t\t\t<img decoding=\"async\" width=\"374\" height=\"374\" src=\"https:\/\/www.xperiencehr.com\/wp-content\/uploads\/2024\/06\/dots-shape.svg\" class=\"attachment-large size-large wp-image-99\" alt=\"\" \/>\t\t\t\t\t\t\t\t\t\t\t\t\t<\/div>\n\t\t\t\t<\/div>\n\t\t\t\t\t<\/div>\n\t\t\t\t<\/div>\n\t\t<div class=\"elementor-element elementor-element-5f2c4f4 e-flex e-con-boxed e-con e-parent\" data-id=\"5f2c4f4\" data-element_type=\"container\">\n\t\t\t\t\t<div class=\"e-con-inner\">\n\t\t<div class=\"elementor-element elementor-element-184d6d2 e-con-full e-grid e-con e-child\" data-id=\"184d6d2\" data-element_type=\"container\">\n\t\t\t\t<div class=\"elementor-element elementor-element-00097a8 ekit-equal-height-enable elementor-widget elementor-widget-elementskit-icon-box\" data-id=\"00097a8\" data-element_type=\"widget\" data-settings=\"{&quot;ekit_we_effect_on&quot;:&quot;none&quot;}\" data-widget_type=\"elementskit-icon-box.default\">\n\t\t\t\t<div class=\"elementor-widget-container\">\n\t\t\t<div class=\"ekit-wid-con\" >        <!-- link opening -->\n                <!-- end link opening -->\n\n        <div class=\"elementskit-infobox text-center text- icon-top-align elementor-animation-   \">\n                    <div class=\"elementskit-box-header elementor-animation-\">\n                <div class=\"elementskit-info-box-icon  \">\n                    <i aria-hidden=\"true\" class=\"elementkit-infobox-icon fab fa-whmcs\"><\/i>\n                <\/div>\n          <\/div>\n                        <div class=\"box-body\">\n                            <h3 class=\"elementskit-info-box-title\">\n                    Prisp\u00f4sobite\u013en\u00e9 \u00fadaje o zamestnancoch                <\/h3>\n                        \t\t  <p>Zamestnaneck\u00e9 inform\u00e1cie s\u00fa vlastn\u00e9 definovan\u00e9 tak, aby vyhovovali va\u0161im potreb\u00e1m \u00fadajov o zamestnancoch.<\/p>\n                                <\/div>\n        \n        \n                <\/div>\n        <\/div>\t\t<\/div>\n\t\t\t\t<\/div>\n\t\t\t\t<div class=\"elementor-element elementor-element-a1ad7f7 ekit-equal-height-enable elementor-widget elementor-widget-elementskit-icon-box\" data-id=\"a1ad7f7\" data-element_type=\"widget\" data-settings=\"{&quot;ekit_we_effect_on&quot;:&quot;none&quot;}\" data-widget_type=\"elementskit-icon-box.default\">\n\t\t\t\t<div class=\"elementor-widget-container\">\n\t\t\t<div class=\"ekit-wid-con\" >        <!-- link opening -->\n                <!-- end link opening -->\n\n        <div class=\"elementskit-infobox text-center text- icon-top-align elementor-animation-   \">\n                    <div class=\"elementskit-box-header elementor-animation-\">\n                <div class=\"elementskit-info-box-icon  \">\n                    <i aria-hidden=\"true\" class=\"elementkit-infobox-icon fas fa-folder-open\"><\/i>\n                <\/div>\n          <\/div>\n                        <div class=\"box-body\">\n                            <h3 class=\"elementskit-info-box-title\">\n                    Dokumenty zamestnanca                <\/h3>\n                        \t\t  <p>Mo\u017enos\u0165 ulo\u017ei\u0165 v\u0161etky zamestnaneck\u00e9 zmluvy a dokumenty do HCM.<\/p>\n                                <\/div>\n        \n        \n                <\/div>\n        <\/div>\t\t<\/div>\n\t\t\t\t<\/div>\n\t\t\t\t<div class=\"elementor-element elementor-element-eacb649 ekit-equal-height-enable elementor-widget elementor-widget-elementskit-icon-box\" data-id=\"eacb649\" data-element_type=\"widget\" data-settings=\"{&quot;ekit_we_effect_on&quot;:&quot;none&quot;}\" data-widget_type=\"elementskit-icon-box.default\">\n\t\t\t\t<div class=\"elementor-widget-container\">\n\t\t\t<div class=\"ekit-wid-con\" >        <!-- link opening -->\n                <!-- end link opening -->\n\n        <div class=\"elementskit-infobox text-center text- icon-top-align elementor-animation-   \">\n                    <div class=\"elementskit-box-header elementor-animation-\">\n                <div class=\"elementskit-info-box-icon  \">\n                    <i aria-hidden=\"true\" class=\"elementkit-infobox-icon fas fa-people-arrows\"><\/i>\n                <\/div>\n          <\/div>\n                        <div class=\"box-body\">\n                            <h3 class=\"elementskit-info-box-title\">\n                    Efekt\u00edvne rozhodovanie                <\/h3>\n                        \t\t  <p>Osobn\u00e9 a profesion\u00e1lne \u00fadaje zamestnancov uchov\u00e1vame na jednom mieste, v\u010faka \u010domu m\u00f4\u017eu mana\u017e\u00e9ri a HR robi\u0165 presn\u00e9 a v\u010dasn\u00e9 rozhodnutia.<\/p>\n                                <\/div>\n        \n        \n                <\/div>\n        <\/div>\t\t<\/div>\n\t\t\t\t<\/div>\n\t\t\t\t<\/div>\n\t\t\t\t\t<\/div>\n\t\t\t\t<\/div>\n\t\t\t\t<\/div>\n\t\t","protected":false},"excerpt":{"rendered":"<p>Core HR Datab\u00e1za XperienceHR Core HR je \u00faplne nov\u00fd poh\u013ead na HR rie\u0161enia. Rozhodnut\u00edm zapoji\u0165 V\u00e1s do procesu jeho kon\u0161trukcie sme boli schopn\u00ed vytvori\u0165 praktick\u00fd n\u00e1stroj na spr\u00e1vu HR presne pod\u013ea Va\u0161ich predst\u00e1v. V\u0161etko \u010do o svojich \u013eu\u010foch potrebujete vedie\u0165 je ulo\u017een\u00e9 na jednom mieste. Ovl\u00e1dnite zamestnaneck\u00e9 d\u00e1ta V na\u0161om XperienceHR Core HR okrem z\u00e1kladn\u00fdch [&hellip;]<\/p>\n","protected":false},"author":4,"featured_media":3285,"parent":0,"menu_order":0,"comment_status":"closed","ping_status":"closed","template":"","meta":{"footnotes":""},"class_list":["post-3342","page","type-page","status-publish","has-post-thumbnail","hentry"],"_links":{"self":[{"href":"https:\/\/www.xperiencehr.com\/sk\/wp-json\/wp\/v2\/pages\/3342","targetHints":{"allow":["GET"]}}],"collection":[{"href":"https:\/\/www.xperiencehr.com\/sk\/wp-json\/wp\/v2\/pages"}],"about":[{"href":"https:\/\/www.xperiencehr.com\/sk\/wp-json\/wp\/v2\/types\/page"}],"author":[{"embeddable":true,"href":"https:\/\/www.xperiencehr.com\/sk\/wp-json\/wp\/v2\/users\/4"}],"replies":[{"embeddable":true,"href":"https:\/\/www.xperiencehr.com\/sk\/wp-json\/wp\/v2\/comments?post=3342"}],"version-history":[{"count":4,"href":"https:\/\/www.xperiencehr.com\/sk\/wp-json\/wp\/v2\/pages\/3342\/revisions"}],"predecessor-version":[{"id":3433,"href":"https:\/\/www.xperiencehr.com\/sk\/wp-json\/wp\/v2\/pages\/3342\/revisions\/3433"}],"wp:featuredmedia":[{"embeddable":true,"href":"https:\/\/www.xperiencehr.com\/sk\/wp-json\/wp\/v2\/media\/3285"}],"wp:attachment":[{"href":"https:\/\/www.xperiencehr.com\/sk\/wp-json\/wp\/v2\/media?parent=3342"}],"curies":[{"name":"wp","href":"https:\/\/api.w.org\/{rel}","templated":true}]}}