{"id":3343,"date":"2024-06-22T17:26:09","date_gmt":"2024-06-22T17:26:09","guid":{"rendered":"https:\/\/wp.xperiencehr.com\/attendance-for-manufacturing\/"},"modified":"2024-08-14T17:36:33","modified_gmt":"2024-08-14T17:36:33","slug":"dochadzka-pre-vyrobu","status":"publish","type":"page","link":"https:\/\/www.xperiencehr.com\/sk\/dochadzka-pre-vyrobu\/","title":{"rendered":"Doch\u00e1dzkov\u00fd syst\u00e9m pre v\u00fdrobu"},"content":{"rendered":"\t\t<div data-elementor-type=\"wp-page\" data-elementor-id=\"3343\" class=\"elementor elementor-3343 elementor-1638\">\n\t\t\t\t<div class=\"elementor-element elementor-element-c4ce1c7 e-flex e-con-boxed e-con e-parent\" data-id=\"c4ce1c7\" data-element_type=\"container\" data-settings=\"{&quot;background_background&quot;:&quot;classic&quot;}\">\n\t\t\t\t\t<div class=\"e-con-inner\">\n\t\t<div class=\"elementor-element elementor-element-778d9e5 e-con-full e-flex e-con e-child\" data-id=\"778d9e5\" data-element_type=\"container\">\n\t\t<div class=\"elementor-element elementor-element-d031e8c e-con-full e-flex e-con e-child\" data-id=\"d031e8c\" data-element_type=\"container\">\n\t\t\t\t<div class=\"elementor-element elementor-element-64119f8 elementor-widget elementor-widget-elementskit-heading\" data-id=\"64119f8\" data-element_type=\"widget\" data-settings=\"{&quot;ekit_we_effect_on&quot;:&quot;none&quot;}\" data-widget_type=\"elementskit-heading.default\">\n\t\t\t\t<div class=\"elementor-widget-container\">\n\t\t\t<div class=\"ekit-wid-con\" ><div class=\"ekit-heading elementskit-section-title-wraper text_left   ekit_heading_tablet-   ekit_heading_mobile-\"><h1 class=\"ekit-heading--title elementskit-section-title \"><span><span>Doch\u00e1dzkov\u00fd<\/span><\/span> syst\u00e9m pre v\u00fdrobu<\/h1>\t\t\t\t<div class='ekit-heading__description'>\n\t\t\t\t\t<p>Doch\u00e1dzka do v\u00fdroby a logistiky ur\u010dite predstavuje ur\u010dit\u00e9 nuansy. XperienceHR v\u00e1m poskytuje okam\u017eit\u00fd preh\u013ead o po\u010dte zamestnancov v tov\u00e1rni, sklade a na ka\u017edej v\u00fdrobnej linke vr\u00e1tane inform\u00e1ci\u00ed o zru\u010dnostiach a certifik\u00e1toch. Pozrite sa, ako to funguje!<\/p>\n\t\t\t\t<\/div>\n\t\t\t<\/div><\/div>\t\t<\/div>\n\t\t\t\t<\/div>\n\t\t\t\t<\/div>\n\t\t<div class=\"elementor-element elementor-element-2e44453 e-con-full e-flex e-con e-child\" data-id=\"2e44453\" data-element_type=\"container\" data-settings=\"{&quot;background_background&quot;:&quot;classic&quot;}\">\n\t\t\t\t<div class=\"elementor-element elementor-element-cd3a410 elementor-widget elementor-widget-image\" data-id=\"cd3a410\" data-element_type=\"widget\" data-settings=\"{&quot;ekit_we_effect_on&quot;:&quot;none&quot;}\" data-widget_type=\"image.default\">\n\t\t\t\t<div class=\"elementor-widget-container\">\n\t\t\t\t\t\t\t\t\t\t\t\t\t<img fetchpriority=\"high\" decoding=\"async\" width=\"1000\" height=\"1000\" src=\"https:\/\/www.xperiencehr.com\/wp-content\/uploads\/2024\/06\/manufacturing_xperiencehr.webp\" class=\"attachment-large size-large wp-image-676\" alt=\"manufacturing xperiencehr\" srcset=\"https:\/\/www.xperiencehr.com\/wp-content\/uploads\/2024\/06\/manufacturing_xperiencehr.webp 1000w, https:\/\/www.xperiencehr.com\/wp-content\/uploads\/2024\/06\/manufacturing_xperiencehr-300x300.webp 300w, https:\/\/www.xperiencehr.com\/wp-content\/uploads\/2024\/06\/manufacturing_xperiencehr-150x150.webp 150w, https:\/\/www.xperiencehr.com\/wp-content\/uploads\/2024\/06\/manufacturing_xperiencehr-768x768.webp 768w, https:\/\/www.xperiencehr.com\/wp-content\/uploads\/2024\/06\/manufacturing_xperiencehr-710x710.webp 710w\" sizes=\"(max-width: 1000px) 100vw, 1000px\" \/>\t\t\t\t\t\t\t\t\t\t\t\t\t<\/div>\n\t\t\t\t<\/div>\n\t\t\t\t<\/div>\n\t\t\t\t<\/div>\n\t\t\t\t\t<\/div>\n\t\t\t\t<\/div>\n\t\t<div class=\"elementor-element elementor-element-ac540fe e-flex e-con-boxed e-con e-parent\" data-id=\"ac540fe\" data-element_type=\"container\" data-settings=\"{&quot;background_background&quot;:&quot;classic&quot;}\">\n\t\t\t\t\t<div class=\"e-con-inner\">\n\t\t<div class=\"elementor-element elementor-element-c6beddf e-con-full e-flex e-con e-child\" data-id=\"c6beddf\" data-element_type=\"container\">\n\t\t<div class=\"elementor-element elementor-element-4398845 e-con-full e-flex e-con e-child\" data-id=\"4398845\" data-element_type=\"container\">\n\t\t\t\t<div class=\"elementor-element elementor-element-31d4eb6 animated-fast elementor-invisible elementor-widget elementor-widget-elementskit-heading\" data-id=\"31d4eb6\" data-element_type=\"widget\" data-settings=\"{&quot;_animation&quot;:&quot;fadeIn&quot;,&quot;_animation_delay&quot;:200,&quot;ekit_we_effect_on&quot;:&quot;none&quot;}\" data-widget_type=\"elementskit-heading.default\">\n\t\t\t\t<div class=\"elementor-widget-container\">\n\t\t\t<div class=\"ekit-wid-con\" ><div class=\"ekit-heading elementskit-section-title-wraper text_left   ekit_heading_tablet-   ekit_heading_mobile-\"><h2 class=\"ekit-heading--title elementskit-section-title \"><span><span>Doch\u00e1dzkov\u00e9 termin\u00e1ly<\/span><\/span> s du\u00e1lnymi kartami<\/h2>\t\t\t\t<div class='ekit-heading__description'>\n\t\t\t\t\t<p>Doch\u00e1dkov\u00e9 termin\u00e1ly zaznamen\u00e1vaj\u00fa \u010das a \u010dinnosti zamestnancov. Tieto z\u00e1znamy sa v syst\u00e9me porovn\u00e1vaj\u00fa s pracovn\u00fdmi kalend\u00e1rmi zamestnancov\/pl\u00e1nmi zmien. Termin\u00e1ly m\u00f4\u017eu by\u0165 umiestnen\u00e9 na r\u00f4znych miestach na sledovanie akt\u00edvneho pracovn\u00e9ho \u010dasu a prest\u00e1vok. Napr\u00edklad \u010das str\u00e1ven\u00fd v \u0161atni, na faj\u010diarskej prest\u00e1vke, a \u010das str\u00e1ven\u00fd skuto\u010dnou pr\u00e1cou. Ka\u017ed\u00fd zamestnanec vlastn\u00ed kartu s jedine\u010dn\u00fdm identifika\u010dn\u00fdm \u010d\u00edslom. Karta m\u00f4\u017ee ssl\u00fa\u017ei\u0165 na: 1\/ zaznamen\u00e1vanie pr\u00edchodov a odchodov prilo\u017een\u00edm karty k termin\u00e1lu 2\/ na otv\u00e1ranie dver\u00ed, r\u00e1mp alebo na pr\u00edstup na konkr\u00e9tne miesta v r\u00e1mci pracovn\u00e9ho are\u00e1lu Ak chcete vyu\u017e\u00edva\u0165 karty na obe mo\u017enosti, poskytujeme du\u00e1lne karty so sign\u00e1lmi NFC a RDIF.<\/p>\n\t\t\t\t<\/div>\n\t\t\t<\/div><\/div>\t\t<\/div>\n\t\t\t\t<\/div>\n\t\t\t\t<\/div>\n\t\t<div class=\"elementor-element elementor-element-45655c6 e-con-full animated-fast e-flex elementor-invisible e-con e-child\" data-id=\"45655c6\" data-element_type=\"container\" data-settings=\"{&quot;background_background&quot;:&quot;classic&quot;,&quot;animation&quot;:&quot;fadeInUp&quot;,&quot;animation_delay&quot;:200}\">\n\t\t\t\t<div class=\"elementor-element elementor-element-cda40f7 animated-fast elementor-invisible elementor-widget elementor-widget-image\" data-id=\"cda40f7\" data-element_type=\"widget\" data-settings=\"{&quot;_animation&quot;:&quot;fadeInUp&quot;,&quot;_animation_delay&quot;:400,&quot;ekit_we_effect_on&quot;:&quot;none&quot;}\" data-widget_type=\"image.default\">\n\t\t\t\t<div class=\"elementor-widget-container\">\n\t\t\t\t\t\t\t\t\t\t\t\t\t<img decoding=\"async\" width=\"1000\" height=\"1000\" src=\"https:\/\/www.xperiencehr.com\/wp-content\/uploads\/2024\/06\/cards_xperiencehr.webp\" class=\"attachment-full size-full wp-image-663\" alt=\"cards xperiencehr\" srcset=\"https:\/\/www.xperiencehr.com\/wp-content\/uploads\/2024\/06\/cards_xperiencehr.webp 1000w, https:\/\/www.xperiencehr.com\/wp-content\/uploads\/2024\/06\/cards_xperiencehr-300x300.webp 300w, https:\/\/www.xperiencehr.com\/wp-content\/uploads\/2024\/06\/cards_xperiencehr-150x150.webp 150w, https:\/\/www.xperiencehr.com\/wp-content\/uploads\/2024\/06\/cards_xperiencehr-768x768.webp 768w, https:\/\/www.xperiencehr.com\/wp-content\/uploads\/2024\/06\/cards_xperiencehr-710x710.webp 710w\" sizes=\"(max-width: 1000px) 100vw, 1000px\" \/>\t\t\t\t\t\t\t\t\t\t\t\t\t<\/div>\n\t\t\t\t<\/div>\n\t\t\t\t<\/div>\n\t\t\t\t<\/div>\n\t\t\t\t\t<\/div>\n\t\t\t\t<\/div>\n\t\t<div class=\"elementor-element elementor-element-e666f24 e-flex e-con-boxed e-con e-parent\" data-id=\"e666f24\" data-element_type=\"container\" data-settings=\"{&quot;background_background&quot;:&quot;classic&quot;}\">\n\t\t\t\t\t<div class=\"e-con-inner\">\n\t\t<div class=\"elementor-element elementor-element-de36966 e-con-full e-flex e-con e-child\" data-id=\"de36966\" data-element_type=\"container\">\n\t\t<div class=\"elementor-element elementor-element-3668a81 e-con-full e-flex e-con e-child\" data-id=\"3668a81\" data-element_type=\"container\">\n\t\t\t\t<div class=\"elementor-element elementor-element-8f3286c elementor-widget elementor-widget-elementskit-heading\" data-id=\"8f3286c\" data-element_type=\"widget\" data-settings=\"{&quot;ekit_we_effect_on&quot;:&quot;none&quot;}\" data-widget_type=\"elementskit-heading.default\">\n\t\t\t\t<div class=\"elementor-widget-container\">\n\t\t\t<div class=\"ekit-wid-con\" ><div class=\"ekit-heading elementskit-section-title-wraper text_left   ekit_heading_tablet-   ekit_heading_mobile-\"><h2 class=\"ekit-heading--title elementskit-section-title \"><span><span>Efekt\u00edvnos\u0165<\/span><\/span> a <span><span>funkcia<\/span><\/span> Me\u0161kania a Nepr\u00edtomnosti<\/h2>\t\t\t\t<div class='ekit-heading__description'>\n\t\t\t\t\t<p>Ved\u00faci zmien alebo mana\u017e\u00e9ri maj\u00fa neust\u00e1ly a okam\u017eit\u00fd preh\u013ead o mno\u017estve pracovn\u00edkov na pracovisku. Syst\u00e9m umo\u017e\u0148uje nastavi\u0165 pravidl\u00e1 me\u0161kan\u00ed a nepr\u00edtomnost\u00ed. Ch\u00fdbaj\u00faci zamestnanci m\u00f4\u017eu by\u0165 na povinnos\u0165 nast\u00fapi\u0165 do zmeny upozornen\u00ed pomocou sms . Pl\u00e1n zmien definuje po\u010det pracovn\u00edkov po\u017eadovan\u00fdch na ka\u017edej v\u00fdrobnej linke so \u0161pecifick\u00fdm zoznamom zru\u010dnost\u00ed.<br \/>\nAk d\u00f4jde k zmene, napr. niektor\u00ed pracovn\u00edci ch\u00fdbaj\u00fa alebo je pr\u00e1ca dokon\u010den\u00e1 r\u00fdchlej\u0161ie, ako sa pl\u00e1novalo, m\u00f4\u017ee mana\u017e\u00e9r na zv\u00fd\u0161enie efektivity premiestni\u0165 pracovn\u00fa silu.<\/p>\n\t\t\t\t<\/div>\n\t\t\t<\/div><\/div>\t\t<\/div>\n\t\t\t\t<\/div>\n\t\t\t\t<\/div>\n\t\t<div class=\"elementor-element elementor-element-28d9292 e-con-full e-flex e-con e-child\" data-id=\"28d9292\" data-element_type=\"container\" data-settings=\"{&quot;background_background&quot;:&quot;classic&quot;}\">\n\t\t\t\t<div class=\"elementor-element elementor-element-8b144a5 elementor-widget elementor-widget-image\" data-id=\"8b144a5\" data-element_type=\"widget\" data-settings=\"{&quot;ekit_we_effect_on&quot;:&quot;none&quot;}\" data-widget_type=\"image.default\">\n\t\t\t\t<div class=\"elementor-widget-container\">\n\t\t\t\t\t\t\t\t\t\t\t\t\t<img decoding=\"async\" width=\"1000\" height=\"1000\" src=\"https:\/\/www.xperiencehr.com\/wp-content\/uploads\/2024\/06\/analysis_xperiencehr.webp\" class=\"attachment-large size-large wp-image-658\" alt=\"analysis xperiencehr\" srcset=\"https:\/\/www.xperiencehr.com\/wp-content\/uploads\/2024\/06\/analysis_xperiencehr.webp 1000w, https:\/\/www.xperiencehr.com\/wp-content\/uploads\/2024\/06\/analysis_xperiencehr-300x300.webp 300w, https:\/\/www.xperiencehr.com\/wp-content\/uploads\/2024\/06\/analysis_xperiencehr-150x150.webp 150w, https:\/\/www.xperiencehr.com\/wp-content\/uploads\/2024\/06\/analysis_xperiencehr-768x768.webp 768w, https:\/\/www.xperiencehr.com\/wp-content\/uploads\/2024\/06\/analysis_xperiencehr-710x710.webp 710w\" sizes=\"(max-width: 1000px) 100vw, 1000px\" \/>\t\t\t\t\t\t\t\t\t\t\t\t\t<\/div>\n\t\t\t\t<\/div>\n\t\t\t\t<\/div>\n\t\t\t\t<\/div>\n\t\t\t\t\t<\/div>\n\t\t\t\t<\/div>\n\t\t<div class=\"elementor-element elementor-element-1ff0fd0 e-flex e-con-boxed e-con e-parent\" data-id=\"1ff0fd0\" data-element_type=\"container\" data-settings=\"{&quot;background_background&quot;:&quot;classic&quot;}\">\n\t\t\t\t\t<div class=\"e-con-inner\">\n\t\t<div class=\"elementor-element elementor-element-aa3e0d4 e-con-full e-flex e-con e-child\" data-id=\"aa3e0d4\" data-element_type=\"container\">\n\t\t<div class=\"elementor-element elementor-element-617085a e-con-full e-flex e-con e-child\" data-id=\"617085a\" data-element_type=\"container\">\n\t\t\t\t<div class=\"elementor-element elementor-element-78054b6 animated-fast elementor-invisible elementor-widget elementor-widget-elementskit-heading\" data-id=\"78054b6\" data-element_type=\"widget\" data-settings=\"{&quot;_animation&quot;:&quot;fadeIn&quot;,&quot;_animation_delay&quot;:200,&quot;ekit_we_effect_on&quot;:&quot;none&quot;}\" data-widget_type=\"elementskit-heading.default\">\n\t\t\t\t<div class=\"elementor-widget-container\">\n\t\t\t<div class=\"ekit-wid-con\" ><div class=\"ekit-heading elementskit-section-title-wraper text_left   ekit_heading_tablet-   ekit_heading_mobile-\"><h2 class=\"ekit-heading--title elementskit-section-title \">Doch\u00e1dzka v <span><span>re\u00e1lnom \u010dase<\/span><\/span><\/h2>\t\t\t\t<div class='ekit-heading__description'>\n\t\t\t\t\t<p>N\u00e1stenka doch\u00e1dzky poskytuje aktu\u00e1lne \u00fadaje o ka\u017edej v\u00fdrobnej linke alebo akomko\u013evek inom monitorovanom mieste pracoviska. \u00dadaje v re\u00e1lnom \u010dase s\u00fa vo forme grafov a tabuliek.<\/p>\n\t\t\t\t<\/div>\n\t\t\t<\/div><\/div>\t\t<\/div>\n\t\t\t\t<\/div>\n\t\t\t\t<\/div>\n\t\t<div class=\"elementor-element elementor-element-72cbb8d e-con-full animated-fast e-flex elementor-invisible e-con e-child\" data-id=\"72cbb8d\" data-element_type=\"container\" data-settings=\"{&quot;background_background&quot;:&quot;classic&quot;,&quot;animation&quot;:&quot;fadeInUp&quot;,&quot;animation_delay&quot;:200}\">\n\t\t\t\t<div class=\"elementor-element elementor-element-e290efd animated-fast elementor-invisible elementor-widget elementor-widget-image\" data-id=\"e290efd\" data-element_type=\"widget\" data-settings=\"{&quot;_animation&quot;:&quot;fadeInUp&quot;,&quot;_animation_delay&quot;:400,&quot;ekit_we_effect_on&quot;:&quot;none&quot;}\" data-widget_type=\"image.default\">\n\t\t\t\t<div class=\"elementor-widget-container\">\n\t\t\t\t\t\t\t\t\t\t\t\t\t<img loading=\"lazy\" decoding=\"async\" width=\"1000\" height=\"1000\" src=\"https:\/\/www.xperiencehr.com\/wp-content\/uploads\/2024\/06\/realtime_xperiencehr.webp\" class=\"attachment-full size-full wp-image-684\" alt=\"realtime xperiencehr\" srcset=\"https:\/\/www.xperiencehr.com\/wp-content\/uploads\/2024\/06\/realtime_xperiencehr.webp 1000w, https:\/\/www.xperiencehr.com\/wp-content\/uploads\/2024\/06\/realtime_xperiencehr-300x300.webp 300w, https:\/\/www.xperiencehr.com\/wp-content\/uploads\/2024\/06\/realtime_xperiencehr-150x150.webp 150w, https:\/\/www.xperiencehr.com\/wp-content\/uploads\/2024\/06\/realtime_xperiencehr-768x768.webp 768w, https:\/\/www.xperiencehr.com\/wp-content\/uploads\/2024\/06\/realtime_xperiencehr-710x710.webp 710w\" sizes=\"(max-width: 1000px) 100vw, 1000px\" \/>\t\t\t\t\t\t\t\t\t\t\t\t\t<\/div>\n\t\t\t\t<\/div>\n\t\t\t\t<\/div>\n\t\t\t\t<\/div>\n\t\t\t\t\t<\/div>\n\t\t\t\t<\/div>\n\t\t<div class=\"elementor-element elementor-element-3ab4936 e-flex e-con-boxed e-con e-parent\" data-id=\"3ab4936\" data-element_type=\"container\">\n\t\t\t\t\t<div class=\"e-con-inner\">\n\t\t<div class=\"elementor-element elementor-element-8d12ddb e-con-full e-grid e-con e-child\" data-id=\"8d12ddb\" data-element_type=\"container\">\n\t\t\t\t<div class=\"elementor-element elementor-element-2431db2 ekit-equal-height-enable elementor-widget elementor-widget-elementskit-icon-box\" data-id=\"2431db2\" data-element_type=\"widget\" data-settings=\"{&quot;ekit_we_effect_on&quot;:&quot;none&quot;}\" data-widget_type=\"elementskit-icon-box.default\">\n\t\t\t\t<div class=\"elementor-widget-container\">\n\t\t\t<div class=\"ekit-wid-con\" >        <!-- link opening -->\n                <!-- end link opening -->\n\n        <div class=\"elementskit-infobox text-center text- icon-top-align elementor-animation-   \">\n                    <div class=\"elementskit-box-header elementor-animation-\">\n                <div class=\"elementskit-info-box-icon  \">\n                    <i aria-hidden=\"true\" class=\"elementkit-infobox-icon fas fa-clipboard-check\"><\/i>\n                <\/div>\n          <\/div>\n                        <div class=\"box-body\">\n                            <h3 class=\"elementskit-info-box-title\">\n                    Zru\u010dnosti                <\/h3>\n                        \t\t  <p>Funkcionalita Zru\u010dnosti bola vyvinut\u00e1 v \u00fazkej spolupr\u00e1ci s na\u0161im klientom \u2013 jednou z najv\u00e4\u010d\u0161\u00edch person\u00e1lnych agent\u00far v Eur\u00f3pe. Modul Zru\u010dnosti je \u0161iroko pou\u017e\u00edvan\u00fd vo v\u00fdrobe a logistike.<\/p>\n                                <\/div>\n        \n        \n                <\/div>\n        <\/div>\t\t<\/div>\n\t\t\t\t<\/div>\n\t\t\t\t<div class=\"elementor-element elementor-element-3a65a52 ekit-equal-height-enable elementor-widget elementor-widget-elementskit-icon-box\" data-id=\"3a65a52\" data-element_type=\"widget\" data-settings=\"{&quot;ekit_we_effect_on&quot;:&quot;none&quot;}\" data-widget_type=\"elementskit-icon-box.default\">\n\t\t\t\t<div class=\"elementor-widget-container\">\n\t\t\t<div class=\"ekit-wid-con\" >        <!-- link opening -->\n                <!-- end link opening -->\n\n        <div class=\"elementskit-infobox text-center text- icon-top-align elementor-animation-   \">\n                    <div class=\"elementskit-box-header elementor-animation-\">\n                <div class=\"elementskit-info-box-icon  \">\n                    <i aria-hidden=\"true\" class=\"elementkit-infobox-icon fas fa-calendar-alt\"><\/i>\n                <\/div>\n          <\/div>\n                        <div class=\"box-body\">\n                            <h3 class=\"elementskit-info-box-title\">\n                    Pl\u00e1nova\u010d zmien, ak\u00fdko\u013evek typ zmeny                <\/h3>\n                        \t\t  <p>Pl\u00e1nova\u010d zmien sl\u00fa\u017ei na riadenie \u010dast\u00e9ho striedania zmien a \u010dlenov t\u00edmu na r\u00f4znych miestach. T\u00e1to \u013eahko pou\u017eite\u013en\u00e1 funkcia umo\u017e\u0148uje mana\u017e\u00e9rom r\u00fdchlo pl\u00e1nova\u0165 zmeny pre svojich zamestnancov. Neobmedzen\u00fd typ, sadzba, trvanie zmeny a pr\u00edplatky v s\u00falade s legislat\u00edvou a va\u0161imi z\u00e1kazn\u00edckymi zmluvami.<\/p>\n                                <\/div>\n        \n        \n                <\/div>\n        <\/div>\t\t<\/div>\n\t\t\t\t<\/div>\n\t\t\t\t<div class=\"elementor-element elementor-element-ebe435e ekit-equal-height-enable elementor-widget elementor-widget-elementskit-icon-box\" data-id=\"ebe435e\" data-element_type=\"widget\" data-settings=\"{&quot;ekit_we_effect_on&quot;:&quot;none&quot;}\" data-widget_type=\"elementskit-icon-box.default\">\n\t\t\t\t<div class=\"elementor-widget-container\">\n\t\t\t<div class=\"ekit-wid-con\" >        <!-- link opening -->\n                <!-- end link opening -->\n\n        <div class=\"elementskit-infobox text-center text- icon-top-align elementor-animation-   \">\n                    <div class=\"elementskit-box-header elementor-animation-\">\n                <div class=\"elementskit-info-box-icon  \">\n                    <i aria-hidden=\"true\" class=\"elementkit-infobox-icon fas fa-bell\"><\/i>\n                <\/div>\n          <\/div>\n                        <div class=\"box-body\">\n                            <h3 class=\"elementskit-info-box-title\">\n                    Upozornenia v re\u00e1lnom \u010dase                <\/h3>\n                        \t\t  <p>Neskor\u00e9 a ch\u00fdbaj\u00face e-mailov\u00e9 upozornenia v\u00e1m pom\u00f4\u017eu vyrie\u0161i\u0165 prev\u00e1dzkov\u00e9 probl\u00e9my v re\u00e1lnom \u010dase. Zamestnanci m\u00f4\u017eu po\u017eiada\u0165 o vo\u013eno pomocou mobilnej aplik\u00e1cie alebo kontaktovan\u00edm ved\u00faceho zmeny, ktor\u00fd ich nepr\u00edtomnos\u0165 zaznamen\u00e1 do syst\u00e9mu. Mana\u017e\u00e9ri m\u00f4\u017eu hromadne schva\u013eova\u0165\/odmieta\u0165 absencie na webe alebo v mobilnej aplik\u00e1cii.<\/p>\n                                <\/div>\n        \n        \n                <\/div>\n        <\/div>\t\t<\/div>\n\t\t\t\t<\/div>\n\t\t\t\t<\/div>\n\t\t\t\t\t<\/div>\n\t\t\t\t<\/div>\n\t\t\t\t<\/div>\n\t\t","protected":false},"excerpt":{"rendered":"<p>Doch\u00e1dzkov\u00fd syst\u00e9m pre v\u00fdrobu Doch\u00e1dzka do v\u00fdroby a logistiky ur\u010dite predstavuje ur\u010dit\u00e9 nuansy. XperienceHR v\u00e1m poskytuje okam\u017eit\u00fd preh\u013ead o po\u010dte zamestnancov v tov\u00e1rni, sklade a na ka\u017edej v\u00fdrobnej linke vr\u00e1tane inform\u00e1ci\u00ed o zru\u010dnostiach a certifik\u00e1toch. Pozrite sa, ako to funguje! Doch\u00e1dzkov\u00e9 termin\u00e1ly s du\u00e1lnymi kartami Doch\u00e1dkov\u00e9 termin\u00e1ly zaznamen\u00e1vaj\u00fa \u010das a \u010dinnosti zamestnancov. Tieto z\u00e1znamy sa [&hellip;]<\/p>\n","protected":false},"author":4,"featured_media":3281,"parent":0,"menu_order":0,"comment_status":"closed","ping_status":"closed","template":"","meta":{"footnotes":""},"class_list":["post-3343","page","type-page","status-publish","has-post-thumbnail","hentry"],"_links":{"self":[{"href":"https:\/\/www.xperiencehr.com\/sk\/wp-json\/wp\/v2\/pages\/3343","targetHints":{"allow":["GET"]}}],"collection":[{"href":"https:\/\/www.xperiencehr.com\/sk\/wp-json\/wp\/v2\/pages"}],"about":[{"href":"https:\/\/www.xperiencehr.com\/sk\/wp-json\/wp\/v2\/types\/page"}],"author":[{"embeddable":true,"href":"https:\/\/www.xperiencehr.com\/sk\/wp-json\/wp\/v2\/users\/4"}],"replies":[{"embeddable":true,"href":"https:\/\/www.xperiencehr.com\/sk\/wp-json\/wp\/v2\/comments?post=3343"}],"version-history":[{"count":4,"href":"https:\/\/www.xperiencehr.com\/sk\/wp-json\/wp\/v2\/pages\/3343\/revisions"}],"predecessor-version":[{"id":3429,"href":"https:\/\/www.xperiencehr.com\/sk\/wp-json\/wp\/v2\/pages\/3343\/revisions\/3429"}],"wp:featuredmedia":[{"embeddable":true,"href":"https:\/\/www.xperiencehr.com\/sk\/wp-json\/wp\/v2\/media\/3281"}],"wp:attachment":[{"href":"https:\/\/www.xperiencehr.com\/sk\/wp-json\/wp\/v2\/media?parent=3343"}],"curies":[{"name":"wp","href":"https:\/\/api.w.org\/{rel}","templated":true}]}}