{"id":3345,"date":"2024-06-22T16:48:15","date_gmt":"2024-06-22T16:48:15","guid":{"rendered":"https:\/\/wp.xperiencehr.com\/by-employee-type\/"},"modified":"2024-08-14T17:34:21","modified_gmt":"2024-08-14T17:34:21","slug":"podla-typu-zamestnanca","status":"publish","type":"page","link":"https:\/\/www.xperiencehr.com\/sk\/podla-typu-zamestnanca\/","title":{"rendered":"Doch\u00e1dzka pre ka\u017ed\u00fd typ zamestnanca"},"content":{"rendered":"\t\t<div data-elementor-type=\"wp-page\" data-elementor-id=\"3345\" class=\"elementor elementor-3345 elementor-1520\">\n\t\t\t\t<div class=\"elementor-element elementor-element-e2264e2 e-flex e-con-boxed e-con e-parent\" data-id=\"e2264e2\" data-element_type=\"container\" data-settings=\"{&quot;background_background&quot;:&quot;classic&quot;}\">\n\t\t\t\t\t<div class=\"e-con-inner\">\n\t\t<div class=\"elementor-element elementor-element-e5a5a63 e-con-full e-flex e-con e-child\" data-id=\"e5a5a63\" data-element_type=\"container\">\n\t\t<div class=\"elementor-element elementor-element-3a280e7 e-con-full e-flex e-con e-child\" data-id=\"3a280e7\" data-element_type=\"container\">\n\t\t\t\t<div class=\"elementor-element elementor-element-bca3f8c elementor-widget elementor-widget-elementskit-heading\" data-id=\"bca3f8c\" data-element_type=\"widget\" data-settings=\"{&quot;ekit_we_effect_on&quot;:&quot;none&quot;}\" data-widget_type=\"elementskit-heading.default\">\n\t\t\t\t<div class=\"elementor-widget-container\">\n\t\t\t<div class=\"ekit-wid-con\" ><div class=\"ekit-heading elementskit-section-title-wraper text_left   ekit_heading_tablet-   ekit_heading_mobile-\"><h1 class=\"ekit-heading--title elementskit-section-title \"><span><span>Doch\u00e1dzka<\/span><\/span> pre ka\u017ed\u00fd typ zamestnanca<\/h1>\t\t\t\t<div class='ekit-heading__description'>\n\t\t\t\t\t<p>Doch\u00e1dzkov\u00fd syst\u00e9m od XperienceHR v\u00e1m umo\u017en\u00ed vykazova\u0165 kdeko\u013evek. Existuje cel\u00e1 \u0161k\u00e1la mo\u017enost\u00ed pre vykazovanie odpracovan\u00e9ho \u010dasu pre jednotlivcov ale aj t\u00edmy. Sp\u00f4sob vykazovania si jednoducho nastav\u00edte pod\u013ea typu pracovnej doby a prostredia.<\/p>\n\t\t\t\t<\/div>\n\t\t\t<\/div><\/div>\t\t<\/div>\n\t\t\t\t<\/div>\n\t\t\t\t<\/div>\n\t\t<div class=\"elementor-element elementor-element-75dca5e e-con-full e-flex e-con e-child\" data-id=\"75dca5e\" data-element_type=\"container\" data-settings=\"{&quot;background_background&quot;:&quot;classic&quot;}\">\n\t\t\t\t<div class=\"elementor-element elementor-element-afbee2c elementor-widget elementor-widget-image\" data-id=\"afbee2c\" data-element_type=\"widget\" data-settings=\"{&quot;ekit_we_effect_on&quot;:&quot;none&quot;}\" data-widget_type=\"image.default\">\n\t\t\t\t<div class=\"elementor-widget-container\">\n\t\t\t\t\t\t\t\t\t\t\t\t\t<img fetchpriority=\"high\" decoding=\"async\" width=\"1000\" height=\"1000\" src=\"https:\/\/www.xperiencehr.com\/wp-content\/uploads\/2024\/06\/dochadzka_pre_kazdeho_xperiencehr.webp\" class=\"attachment-large size-large wp-image-665\" alt=\"emplyee type xperiencehr\" srcset=\"https:\/\/www.xperiencehr.com\/wp-content\/uploads\/2024\/06\/dochadzka_pre_kazdeho_xperiencehr.webp 1000w, https:\/\/www.xperiencehr.com\/wp-content\/uploads\/2024\/06\/dochadzka_pre_kazdeho_xperiencehr-300x300.webp 300w, https:\/\/www.xperiencehr.com\/wp-content\/uploads\/2024\/06\/dochadzka_pre_kazdeho_xperiencehr-150x150.webp 150w, https:\/\/www.xperiencehr.com\/wp-content\/uploads\/2024\/06\/dochadzka_pre_kazdeho_xperiencehr-768x768.webp 768w, https:\/\/www.xperiencehr.com\/wp-content\/uploads\/2024\/06\/dochadzka_pre_kazdeho_xperiencehr-710x710.webp 710w\" sizes=\"(max-width: 1000px) 100vw, 1000px\" \/>\t\t\t\t\t\t\t\t\t\t\t\t\t<\/div>\n\t\t\t\t<\/div>\n\t\t\t\t<\/div>\n\t\t\t\t<\/div>\n\t\t\t\t\t<\/div>\n\t\t\t\t<\/div>\n\t\t<div class=\"elementor-element elementor-element-6c0de75 e-flex e-con-boxed e-con e-parent\" data-id=\"6c0de75\" data-element_type=\"container\" data-settings=\"{&quot;background_background&quot;:&quot;classic&quot;}\">\n\t\t\t\t\t<div class=\"e-con-inner\">\n\t\t<div class=\"elementor-element elementor-element-800b550 e-con-full e-flex e-con e-child\" data-id=\"800b550\" data-element_type=\"container\">\n\t\t<div class=\"elementor-element elementor-element-0ea527c e-con-full e-flex e-con e-child\" data-id=\"0ea527c\" data-element_type=\"container\">\n\t\t\t\t<div class=\"elementor-element elementor-element-4eab958 animated-fast elementor-invisible elementor-widget elementor-widget-elementskit-heading\" data-id=\"4eab958\" data-element_type=\"widget\" data-settings=\"{&quot;_animation&quot;:&quot;fadeIn&quot;,&quot;_animation_delay&quot;:200,&quot;ekit_we_effect_on&quot;:&quot;none&quot;}\" data-widget_type=\"elementskit-heading.default\">\n\t\t\t\t<div class=\"elementor-widget-container\">\n\t\t\t<div class=\"ekit-wid-con\" ><div class=\"ekit-heading elementskit-section-title-wraper text_left   ekit_heading_tablet-   ekit_heading_mobile-\"><h2 class=\"ekit-heading--title elementskit-section-title \"><span><span>Profesion\u00e1li<\/span><\/span> a zamestnanci z kancel\u00e1rskeho prostredia<\/h2>\t\t\t\t<div class='ekit-heading__description'>\n\t\t\t\t\t<p>Webov\u00e9 rozhranie pon\u00faka \u0161irok\u00e1 \u0161k\u00e1lu mo\u017enost\u00ed vykazovania \u010dasu a doch\u00e1dzky a zaznamen\u00e1vania nepr\u00edtomnost\u00ed. Jednotn\u00fd prihlasovac\u00ed pr\u00edstup (Single Sign-On) pon\u00faka mo\u017enos\u0165 z\u00edska\u0165 okam\u017eit\u00fd pr\u00edstup do XperienceHR synchronizovan\u00fd s va\u0161im firemn\u00fdm emailom. Mobiln\u00e1 aplik\u00e1cia je vhodn\u00fd a jednoduch\u00fd sp\u00f4sob vykazovania pre v\u0161etk\u00fdch pou\u017e\u00edvate\u013eov smartf\u00f3nov.<\/p>\n\t\t\t\t<\/div>\n\t\t\t<\/div><\/div>\t\t<\/div>\n\t\t\t\t<\/div>\n\t\t\t\t<\/div>\n\t\t<div class=\"elementor-element elementor-element-d6be372 e-con-full animated-fast e-flex elementor-invisible e-con e-child\" data-id=\"d6be372\" data-element_type=\"container\" data-settings=\"{&quot;background_background&quot;:&quot;classic&quot;,&quot;animation&quot;:&quot;fadeInUp&quot;,&quot;animation_delay&quot;:200}\">\n\t\t\t\t<div class=\"elementor-element elementor-element-54ccc99 animated-fast elementor-invisible elementor-widget elementor-widget-image\" data-id=\"54ccc99\" data-element_type=\"widget\" data-settings=\"{&quot;_animation&quot;:&quot;fadeInUp&quot;,&quot;_animation_delay&quot;:400,&quot;ekit_we_effect_on&quot;:&quot;none&quot;}\" data-widget_type=\"image.default\">\n\t\t\t\t<div class=\"elementor-widget-container\">\n\t\t\t\t\t\t\t\t\t\t\t\t\t<img decoding=\"async\" width=\"1000\" height=\"1000\" src=\"https:\/\/www.xperiencehr.com\/wp-content\/uploads\/2024\/06\/vykazovanie_casu_xperiencehr.webp\" class=\"attachment-full size-full wp-image-580\" alt=\"manager xperiencehr\" srcset=\"https:\/\/www.xperiencehr.com\/wp-content\/uploads\/2024\/06\/vykazovanie_casu_xperiencehr.webp 1000w, https:\/\/www.xperiencehr.com\/wp-content\/uploads\/2024\/06\/vykazovanie_casu_xperiencehr-300x300.webp 300w, https:\/\/www.xperiencehr.com\/wp-content\/uploads\/2024\/06\/vykazovanie_casu_xperiencehr-150x150.webp 150w, https:\/\/www.xperiencehr.com\/wp-content\/uploads\/2024\/06\/vykazovanie_casu_xperiencehr-768x768.webp 768w, https:\/\/www.xperiencehr.com\/wp-content\/uploads\/2024\/06\/vykazovanie_casu_xperiencehr-710x710.webp 710w\" sizes=\"(max-width: 1000px) 100vw, 1000px\" \/>\t\t\t\t\t\t\t\t\t\t\t\t\t<\/div>\n\t\t\t\t<\/div>\n\t\t\t\t<\/div>\n\t\t\t\t<\/div>\n\t\t\t\t\t<\/div>\n\t\t\t\t<\/div>\n\t\t<div class=\"elementor-element elementor-element-7155ffb e-flex e-con-boxed e-con e-parent\" data-id=\"7155ffb\" data-element_type=\"container\" data-settings=\"{&quot;background_background&quot;:&quot;classic&quot;}\">\n\t\t\t\t\t<div class=\"e-con-inner\">\n\t\t<div class=\"elementor-element elementor-element-b0a9da7 e-con-full e-flex e-con e-child\" data-id=\"b0a9da7\" data-element_type=\"container\">\n\t\t<div class=\"elementor-element elementor-element-325539e e-con-full e-flex e-con e-child\" data-id=\"325539e\" data-element_type=\"container\">\n\t\t\t\t<div class=\"elementor-element elementor-element-19e5e33 elementor-widget elementor-widget-elementskit-heading\" data-id=\"19e5e33\" data-element_type=\"widget\" data-settings=\"{&quot;ekit_we_effect_on&quot;:&quot;none&quot;}\" data-widget_type=\"elementskit-heading.default\">\n\t\t\t\t<div class=\"elementor-widget-container\">\n\t\t\t<div class=\"ekit-wid-con\" ><div class=\"ekit-heading elementskit-section-title-wraper text_left   ekit_heading_tablet-   ekit_heading_mobile-\"><h2 class=\"ekit-heading--title elementskit-section-title \"><span><span>Pracovn\u00edci<\/span><\/span> v\u00fdroby a logistiky<\/h2>\t\t\t\t<div class='ekit-heading__description'>\n\t\t\t\t\t<p>NFC termin\u00e1ly pre jednoduch\u00e9 zaznamen\u00e1vanie pr\u00edchodu a odchodu. \u017diadne zlo\u017eit\u00e9 tla\u010didl\u00e1. Zamestnanci pou\u017e\u00edvaj\u00fa programovateln\u00e9 NFC karty. Mo\u017enos\u0165 pou\u017e\u00edva\u0165 NFC n\u00e1ramky, odznaky, tri\u010dk\u00e1 a tie\u017e stravn\u00e9 karty. D\u00e1ta v re\u00e1lnom \u010dase umo\u017e\u0148uj\u00fa presn\u00fd preh\u013ead pr\u00edtomnosti v\u0161etk\u00fdch zamestnancov. Mana\u017e\u00e9ri maj\u00fa k dispoz\u00edcii inform\u00e1cie o me\u0161kaniach a ch\u00fdbaj\u00facich zamestnancoch. Doch\u00e1dzkov\u00e9 d\u00e1ta na v\u00fdplaty s\u00fa k dispoz\u00edcii na konci ka\u017ed\u00e9ho mesiaca.<\/p>\n\t\t\t\t<\/div>\n\t\t\t<\/div><\/div>\t\t<\/div>\n\t\t\t\t<\/div>\n\t\t\t\t<\/div>\n\t\t<div class=\"elementor-element elementor-element-e5b40d9 e-con-full e-flex e-con e-child\" data-id=\"e5b40d9\" data-element_type=\"container\" data-settings=\"{&quot;background_background&quot;:&quot;classic&quot;}\">\n\t\t\t\t<div class=\"elementor-element elementor-element-a9eebca elementor-widget elementor-widget-image\" data-id=\"a9eebca\" data-element_type=\"widget\" data-settings=\"{&quot;ekit_we_effect_on&quot;:&quot;none&quot;}\" data-widget_type=\"image.default\">\n\t\t\t\t<div class=\"elementor-widget-container\">\n\t\t\t\t\t\t\t\t\t\t\t\t\t<img decoding=\"async\" width=\"1000\" height=\"1000\" src=\"https:\/\/www.xperiencehr.com\/wp-content\/uploads\/2024\/06\/logistics_xperiencehr.webp\" class=\"attachment-large size-large wp-image-673\" alt=\"logistics xperiencehr\" srcset=\"https:\/\/www.xperiencehr.com\/wp-content\/uploads\/2024\/06\/logistics_xperiencehr.webp 1000w, https:\/\/www.xperiencehr.com\/wp-content\/uploads\/2024\/06\/logistics_xperiencehr-300x300.webp 300w, https:\/\/www.xperiencehr.com\/wp-content\/uploads\/2024\/06\/logistics_xperiencehr-150x150.webp 150w, https:\/\/www.xperiencehr.com\/wp-content\/uploads\/2024\/06\/logistics_xperiencehr-768x768.webp 768w, https:\/\/www.xperiencehr.com\/wp-content\/uploads\/2024\/06\/logistics_xperiencehr-710x710.webp 710w\" sizes=\"(max-width: 1000px) 100vw, 1000px\" \/>\t\t\t\t\t\t\t\t\t\t\t\t\t<\/div>\n\t\t\t\t<\/div>\n\t\t\t\t<\/div>\n\t\t\t\t<\/div>\n\t\t\t\t\t<\/div>\n\t\t\t\t<\/div>\n\t\t<div class=\"elementor-element elementor-element-c574147 e-flex e-con-boxed e-con e-parent\" data-id=\"c574147\" data-element_type=\"container\" data-settings=\"{&quot;background_background&quot;:&quot;classic&quot;}\">\n\t\t\t\t\t<div class=\"e-con-inner\">\n\t\t<div class=\"elementor-element elementor-element-ef6bb0f e-con-full e-flex e-con e-child\" data-id=\"ef6bb0f\" data-element_type=\"container\">\n\t\t<div class=\"elementor-element elementor-element-c48153d e-con-full e-flex e-con e-child\" data-id=\"c48153d\" data-element_type=\"container\">\n\t\t\t\t<div class=\"elementor-element elementor-element-e6ce499 animated-fast elementor-invisible elementor-widget elementor-widget-elementskit-heading\" data-id=\"e6ce499\" data-element_type=\"widget\" data-settings=\"{&quot;_animation&quot;:&quot;fadeIn&quot;,&quot;_animation_delay&quot;:200,&quot;ekit_we_effect_on&quot;:&quot;none&quot;}\" data-widget_type=\"elementskit-heading.default\">\n\t\t\t\t<div class=\"elementor-widget-container\">\n\t\t\t<div class=\"ekit-wid-con\" ><div class=\"ekit-heading elementskit-section-title-wraper text_left   ekit_heading_tablet-   ekit_heading_mobile-\"><h2 class=\"ekit-heading--title elementskit-section-title \"><span><span>Ter\u00e9nni pracovn\u00edci<\/span><\/span><\/h2>\t\t\t\t<div class='ekit-heading__description'>\n\t\t\t\t\t<p>Odoln\u00e9 rie\u0161enie pre ak\u00fdko\u013evek typ prostredia. T\u00edmov\u00e9 v\u00fdkazy pre riadenie \u010dast\u00fdch zmien a vari\u00e1ci\u00ed v pracovnej dobe a pracovn\u00edkov v r\u00f4znych lok\u00e1ci\u00e1ch.<\/p>\n\t\t\t\t<\/div>\n\t\t\t<\/div><\/div>\t\t<\/div>\n\t\t\t\t<\/div>\n\t\t\t\t<\/div>\n\t\t<div class=\"elementor-element elementor-element-b170c92 e-con-full animated-fast e-flex elementor-invisible e-con e-child\" data-id=\"b170c92\" data-element_type=\"container\" data-settings=\"{&quot;background_background&quot;:&quot;classic&quot;,&quot;animation&quot;:&quot;fadeInUp&quot;,&quot;animation_delay&quot;:200}\">\n\t\t\t\t<div class=\"elementor-element elementor-element-0645dca animated-fast elementor-invisible elementor-widget elementor-widget-image\" data-id=\"0645dca\" data-element_type=\"widget\" data-settings=\"{&quot;_animation&quot;:&quot;fadeInUp&quot;,&quot;_animation_delay&quot;:400,&quot;ekit_we_effect_on&quot;:&quot;none&quot;}\" data-widget_type=\"image.default\">\n\t\t\t\t<div class=\"elementor-widget-container\">\n\t\t\t\t\t\t\t\t\t\t\t\t\t<img loading=\"lazy\" decoding=\"async\" width=\"1000\" height=\"1000\" src=\"https:\/\/www.xperiencehr.com\/wp-content\/uploads\/2024\/06\/gardener_xperiencehr.webp\" class=\"attachment-full size-full wp-image-667\" alt=\"gardener xperiencehr\" srcset=\"https:\/\/www.xperiencehr.com\/wp-content\/uploads\/2024\/06\/gardener_xperiencehr.webp 1000w, https:\/\/www.xperiencehr.com\/wp-content\/uploads\/2024\/06\/gardener_xperiencehr-300x300.webp 300w, https:\/\/www.xperiencehr.com\/wp-content\/uploads\/2024\/06\/gardener_xperiencehr-150x150.webp 150w, https:\/\/www.xperiencehr.com\/wp-content\/uploads\/2024\/06\/gardener_xperiencehr-768x768.webp 768w, https:\/\/www.xperiencehr.com\/wp-content\/uploads\/2024\/06\/gardener_xperiencehr-710x710.webp 710w\" sizes=\"(max-width: 1000px) 100vw, 1000px\" \/>\t\t\t\t\t\t\t\t\t\t\t\t\t<\/div>\n\t\t\t\t<\/div>\n\t\t\t\t<\/div>\n\t\t\t\t<\/div>\n\t\t\t\t\t<\/div>\n\t\t\t\t<\/div>\n\t\t<div class=\"elementor-element elementor-element-7256623 e-flex e-con-boxed e-con e-parent\" data-id=\"7256623\" data-element_type=\"container\" data-settings=\"{&quot;background_background&quot;:&quot;classic&quot;}\">\n\t\t\t\t\t<div class=\"e-con-inner\">\n\t\t<div class=\"elementor-element elementor-element-5a45468 e-con-full e-flex e-con e-child\" data-id=\"5a45468\" data-element_type=\"container\">\n\t\t<div class=\"elementor-element elementor-element-e093119 e-con-full e-flex e-con e-child\" data-id=\"e093119\" data-element_type=\"container\">\n\t\t\t\t<div class=\"elementor-element elementor-element-41db37f elementor-widget elementor-widget-elementskit-heading\" data-id=\"41db37f\" data-element_type=\"widget\" data-settings=\"{&quot;ekit_we_effect_on&quot;:&quot;none&quot;}\" data-widget_type=\"elementskit-heading.default\">\n\t\t\t\t<div class=\"elementor-widget-container\">\n\t\t\t<div class=\"ekit-wid-con\" ><div class=\"ekit-heading elementskit-section-title-wraper text_left   ekit_heading_tablet-   ekit_heading_mobile-\"><h2 class=\"ekit-heading--title elementskit-section-title \"><span><span>Pl\u00e1nova\u010d zmien<\/span><\/span> pre rozlo\u017eenie pracovn\u00e9ho \u010dasu<\/h2>\t\t\t\t<div class='ekit-heading__description'>\n\t\t\t\t\t<p>N\u00e1\u0161 pl\u00e1nova\u010d zmien v\u00e1m umo\u017e\u0148uje pl\u00e1nova\u0165 zmeny a riadi\u0165 ich aktualiz\u00e1cie v re\u00e1lnom \u010dase. \u00dapravy zmien sa \u010dasto dej\u00fa na dennej b\u00e1ze, napr. v pr\u00edpade neo\u010dak\u00e1van\u00fdch absenci\u00ed. T\u00e1to funkcia v\u00e1m pom\u00f4\u017ee zlep\u0161i\u0165 komunik\u00e1ciu medzi mana\u017e\u00e9rmi a va\u0161imi zamestnancami, v\u00fdsledkom \u010doho bude efekt\u00edvnej\u0161ie a organizovanej\u0161ie pracovn\u00e9 prostredie s flexibiln\u00fdmi aktualiz\u00e1ciami.<\/p>\n\t\t\t\t<\/div>\n\t\t\t<\/div><\/div>\t\t<\/div>\n\t\t\t\t<\/div>\n\t\t\t\t<\/div>\n\t\t<div class=\"elementor-element elementor-element-9836f87 e-con-full e-flex e-con e-child\" data-id=\"9836f87\" data-element_type=\"container\" data-settings=\"{&quot;background_background&quot;:&quot;classic&quot;}\">\n\t\t\t\t<div class=\"elementor-element elementor-element-fd279a4 elementor-widget elementor-widget-image\" data-id=\"fd279a4\" data-element_type=\"widget\" data-settings=\"{&quot;ekit_we_effect_on&quot;:&quot;none&quot;}\" data-widget_type=\"image.default\">\n\t\t\t\t<div class=\"elementor-widget-container\">\n\t\t\t\t\t\t\t\t\t\t\t\t\t<img loading=\"lazy\" decoding=\"async\" width=\"1024\" height=\"1024\" src=\"https:\/\/www.xperiencehr.com\/wp-content\/uploads\/2024\/06\/Shift_Planner_Notebook_Mockup_xperiencehr-1024x1024.webp\" class=\"attachment-large size-large wp-image-689\" alt=\"Shift Planner Notebook Mockup xperiencehr\" srcset=\"https:\/\/www.xperiencehr.com\/wp-content\/uploads\/2024\/06\/Shift_Planner_Notebook_Mockup_xperiencehr-1024x1024.webp 1024w, https:\/\/www.xperiencehr.com\/wp-content\/uploads\/2024\/06\/Shift_Planner_Notebook_Mockup_xperiencehr-300x300.webp 300w, https:\/\/www.xperiencehr.com\/wp-content\/uploads\/2024\/06\/Shift_Planner_Notebook_Mockup_xperiencehr-150x150.webp 150w, https:\/\/www.xperiencehr.com\/wp-content\/uploads\/2024\/06\/Shift_Planner_Notebook_Mockup_xperiencehr-768x768.webp 768w, https:\/\/www.xperiencehr.com\/wp-content\/uploads\/2024\/06\/Shift_Planner_Notebook_Mockup_xperiencehr-710x710.webp 710w, https:\/\/www.xperiencehr.com\/wp-content\/uploads\/2024\/06\/Shift_Planner_Notebook_Mockup_xperiencehr.webp 1080w\" sizes=\"(max-width: 1024px) 100vw, 1024px\" \/>\t\t\t\t\t\t\t\t\t\t\t\t\t<\/div>\n\t\t\t\t<\/div>\n\t\t\t\t<\/div>\n\t\t\t\t<\/div>\n\t\t\t\t\t<\/div>\n\t\t\t\t<\/div>\n\t\t<div class=\"elementor-element elementor-element-c3f771e e-flex e-con-boxed e-con e-parent\" data-id=\"c3f771e\" data-element_type=\"container\" data-settings=\"{&quot;background_background&quot;:&quot;classic&quot;}\">\n\t\t\t\t\t<div class=\"e-con-inner\">\n\t\t<div class=\"elementor-element elementor-element-8013091 e-con-full e-flex e-con e-child\" data-id=\"8013091\" data-element_type=\"container\">\n\t\t<div class=\"elementor-element elementor-element-542b7e2 e-con-full e-flex e-con e-child\" data-id=\"542b7e2\" data-element_type=\"container\">\n\t\t\t\t<div class=\"elementor-element elementor-element-325f53c animated-fast elementor-invisible elementor-widget elementor-widget-elementskit-heading\" data-id=\"325f53c\" data-element_type=\"widget\" data-settings=\"{&quot;_animation&quot;:&quot;fadeIn&quot;,&quot;_animation_delay&quot;:200,&quot;ekit_we_effect_on&quot;:&quot;none&quot;}\" data-widget_type=\"elementskit-heading.default\">\n\t\t\t\t<div class=\"elementor-widget-container\">\n\t\t\t<div class=\"ekit-wid-con\" ><div class=\"ekit-heading elementskit-section-title-wraper text_left   ekit_heading_tablet-   ekit_heading_mobile-\"><h2 class=\"ekit-heading--title elementskit-section-title \"><span><span>Automatick\u00fd pl\u00e1nova\u010d<\/span><\/span> zmien<\/h2>\t\t\t\t<div class='ekit-heading__description'>\n\t\t\t\t\t<p>Zadajte <strong>n\u00e1zov, k\u00f3d a farbu<\/strong> pre jednoduch\u0161iu identifik\u00e1ciu zmeny. Nastavte <strong>\u010das za\u010diatku a konca <\/strong>pre ur\u010denie trvania ka\u017edej zmeny. Pomocou mo\u017enosti <strong>Opakova\u0165<\/strong> vytvorte opakovan\u00e9 zmeny. N\u00e1\u0161 pl\u00e1nova\u010d v\u00e1m umo\u017e\u0148uje nastavi\u0165 maxim\u00e1lny po\u010det zamestnancov po\u017eadovan\u00fd pre ka\u017ed\u00fa zmenu pre zabezpe\u010denie optimaliz\u00e1cie pracovn\u00e9ho \u010dasu. T\u00e1to funkcia zais\u0165uje, \u017ee m\u00e1te k dispoz\u00edcii spr\u00e1vny <strong>Po\u010det zamestnancov<\/strong> pre splnenie prev\u00e1dzkov\u00fdch potrieb bez nadmern\u00e9ho alebo nedostato\u010dn\u00e9ho po\u010dtu zamestnancov. Jednou z k\u013e\u00fa\u010dov\u00fdch prednost\u00ed n\u00e1\u0161ho automatick\u00e9ho pl\u00e1nova\u010da je schopnos\u0165 pl\u00e1nova\u0165 na z\u00e1klade konkr\u00e9tnych <strong>Zru\u010dnost\u00ed<\/strong>. Tu m\u00f4\u017eete zadefinova\u0165 po\u017eadovan\u00e9 zru\u010dnosti pre ka\u017ed\u00fa zmenu a zabezpe\u010di\u0165, \u017ee na tieto zmeny bud\u00fa pridelen\u00ed iba zamestnanci s potrebnou kvalifik\u00e1ciou.<\/p>\n\t\t\t\t<\/div>\n\t\t\t<\/div><\/div>\t\t<\/div>\n\t\t\t\t<\/div>\n\t\t\t\t<\/div>\n\t\t<div class=\"elementor-element elementor-element-74a7a82 e-con-full animated-fast e-flex elementor-invisible e-con e-child\" data-id=\"74a7a82\" data-element_type=\"container\" data-settings=\"{&quot;background_background&quot;:&quot;classic&quot;,&quot;animation&quot;:&quot;fadeInUp&quot;,&quot;animation_delay&quot;:200}\">\n\t\t\t\t<div class=\"elementor-element elementor-element-8311b78 animated-fast elementor-invisible elementor-widget elementor-widget-image\" data-id=\"8311b78\" data-element_type=\"widget\" data-settings=\"{&quot;_animation&quot;:&quot;fadeInUp&quot;,&quot;_animation_delay&quot;:400,&quot;ekit_we_effect_on&quot;:&quot;none&quot;}\" data-widget_type=\"image.default\">\n\t\t\t\t<div class=\"elementor-widget-container\">\n\t\t\t\t\t\t\t\t\t\t\t\t\t<img loading=\"lazy\" decoding=\"async\" width=\"1080\" height=\"1080\" src=\"https:\/\/www.xperiencehr.com\/wp-content\/uploads\/2024\/06\/Scheduler_Notebook_Mockup_xperiencehr.webp\" class=\"attachment-full size-full wp-image-690\" alt=\"Scheduler Notebook Mockup xperiencehr\" srcset=\"https:\/\/www.xperiencehr.com\/wp-content\/uploads\/2024\/06\/Scheduler_Notebook_Mockup_xperiencehr.webp 1080w, https:\/\/www.xperiencehr.com\/wp-content\/uploads\/2024\/06\/Scheduler_Notebook_Mockup_xperiencehr-300x300.webp 300w, https:\/\/www.xperiencehr.com\/wp-content\/uploads\/2024\/06\/Scheduler_Notebook_Mockup_xperiencehr-1024x1024.webp 1024w, https:\/\/www.xperiencehr.com\/wp-content\/uploads\/2024\/06\/Scheduler_Notebook_Mockup_xperiencehr-150x150.webp 150w, https:\/\/www.xperiencehr.com\/wp-content\/uploads\/2024\/06\/Scheduler_Notebook_Mockup_xperiencehr-768x768.webp 768w, https:\/\/www.xperiencehr.com\/wp-content\/uploads\/2024\/06\/Scheduler_Notebook_Mockup_xperiencehr-710x710.webp 710w\" sizes=\"(max-width: 1080px) 100vw, 1080px\" \/>\t\t\t\t\t\t\t\t\t\t\t\t\t<\/div>\n\t\t\t\t<\/div>\n\t\t\t\t<\/div>\n\t\t\t\t<\/div>\n\t\t\t\t\t<\/div>\n\t\t\t\t<\/div>\n\t\t\t\t<\/div>\n\t\t","protected":false},"excerpt":{"rendered":"<p>Doch\u00e1dzka pre ka\u017ed\u00fd typ zamestnanca Doch\u00e1dzkov\u00fd syst\u00e9m od XperienceHR v\u00e1m umo\u017en\u00ed vykazova\u0165 kdeko\u013evek. Existuje cel\u00e1 \u0161k\u00e1la mo\u017enost\u00ed pre vykazovanie odpracovan\u00e9ho \u010dasu pre jednotlivcov ale aj t\u00edmy. Sp\u00f4sob vykazovania si jednoducho nastav\u00edte pod\u013ea typu pracovnej doby a prostredia. Profesion\u00e1li a zamestnanci z kancel\u00e1rskeho prostredia Webov\u00e9 rozhranie pon\u00faka \u0161irok\u00e1 \u0161k\u00e1lu mo\u017enost\u00ed vykazovania \u010dasu a doch\u00e1dzky a zaznamen\u00e1vania [&hellip;]<\/p>\n","protected":false},"author":4,"featured_media":3271,"parent":0,"menu_order":0,"comment_status":"closed","ping_status":"closed","template":"","meta":{"footnotes":""},"class_list":["post-3345","page","type-page","status-publish","has-post-thumbnail","hentry"],"_links":{"self":[{"href":"https:\/\/www.xperiencehr.com\/sk\/wp-json\/wp\/v2\/pages\/3345","targetHints":{"allow":["GET"]}}],"collection":[{"href":"https:\/\/www.xperiencehr.com\/sk\/wp-json\/wp\/v2\/pages"}],"about":[{"href":"https:\/\/www.xperiencehr.com\/sk\/wp-json\/wp\/v2\/types\/page"}],"author":[{"embeddable":true,"href":"https:\/\/www.xperiencehr.com\/sk\/wp-json\/wp\/v2\/users\/4"}],"replies":[{"embeddable":true,"href":"https:\/\/www.xperiencehr.com\/sk\/wp-json\/wp\/v2\/comments?post=3345"}],"version-history":[{"count":4,"href":"https:\/\/www.xperiencehr.com\/sk\/wp-json\/wp\/v2\/pages\/3345\/revisions"}],"predecessor-version":[{"id":3425,"href":"https:\/\/www.xperiencehr.com\/sk\/wp-json\/wp\/v2\/pages\/3345\/revisions\/3425"}],"wp:featuredmedia":[{"embeddable":true,"href":"https:\/\/www.xperiencehr.com\/sk\/wp-json\/wp\/v2\/media\/3271"}],"wp:attachment":[{"href":"https:\/\/www.xperiencehr.com\/sk\/wp-json\/wp\/v2\/media?parent=3345"}],"curies":[{"name":"wp","href":"https:\/\/api.w.org\/{rel}","templated":true}]}}