{"id":3346,"date":"2024-06-22T16:38:53","date_gmt":"2024-06-22T16:38:53","guid":{"rendered":"https:\/\/wp.xperiencehr.com\/staffing\/"},"modified":"2024-08-14T17:32:07","modified_gmt":"2024-08-14T17:32:07","slug":"agentury-pre-docasne-zamestnavanie","status":"publish","type":"page","link":"https:\/\/www.xperiencehr.com\/sk\/agentury-pre-docasne-zamestnavanie\/","title":{"rendered":"Doch\u00e1dzka pre agent\u00fary"},"content":{"rendered":"\t\t<div data-elementor-type=\"wp-page\" data-elementor-id=\"3346\" class=\"elementor elementor-3346 elementor-1470\">\n\t\t\t\t<div class=\"elementor-element elementor-element-5806ccf e-flex e-con-boxed e-con e-parent\" data-id=\"5806ccf\" data-element_type=\"container\" data-settings=\"{&quot;background_background&quot;:&quot;classic&quot;}\">\n\t\t\t\t\t<div class=\"e-con-inner\">\n\t\t<div class=\"elementor-element elementor-element-e21299e e-con-full e-flex e-con e-child\" data-id=\"e21299e\" data-element_type=\"container\">\n\t\t<div class=\"elementor-element elementor-element-f9271c8 e-con-full e-flex e-con e-child\" data-id=\"f9271c8\" data-element_type=\"container\">\n\t\t\t\t<div class=\"elementor-element elementor-element-bb20494 elementor-widget elementor-widget-elementskit-heading\" data-id=\"bb20494\" data-element_type=\"widget\" data-settings=\"{&quot;ekit_we_effect_on&quot;:&quot;none&quot;}\" data-widget_type=\"elementskit-heading.default\">\n\t\t\t\t<div class=\"elementor-widget-container\">\n\t\t\t<div class=\"ekit-wid-con\" ><div class=\"ekit-heading elementskit-section-title-wraper text_left   ekit_heading_tablet-   ekit_heading_mobile-\"><h1 class=\"ekit-heading--title elementskit-section-title \"><span><span>Doch\u00e1dzka<\/span><\/span> pre agent\u00fary<\/h1>\t\t\t\t<div class='ekit-heading__description'>\n\t\t\t\t\t<p>S XperienceHR m\u00f4\u017eete predbehn\u00fa\u0165 konkurenciu. Ako? Ke\u010f brig\u00e1dnik me\u0161k\u00e1 alebo nepr\u00edde na zmenu, zist\u00edte to sk\u00f4r, ako v\u00e1m zavol\u00e1 nahnevan\u00fd klient. \u00dadaje v re\u00e1lnom \u010dase umo\u017e\u0148uj\u00fa proakt\u00edvny pr\u00edstup ku klientovi. Okam\u017eite m\u00f4\u017eete klienta informova\u0165, \u017ee situ\u00e1cia je pod kontrolou a posielate n\u00e1hradn\u00e9ho pracovn\u00edka.<\/p>\n\t\t\t\t<\/div>\n\t\t\t<\/div><\/div>\t\t<\/div>\n\t\t\t\t<\/div>\n\t\t\t\t<\/div>\n\t\t<div class=\"elementor-element elementor-element-511a922 e-con-full e-flex e-con e-child\" data-id=\"511a922\" data-element_type=\"container\" data-settings=\"{&quot;background_background&quot;:&quot;classic&quot;}\">\n\t\t\t\t<div class=\"elementor-element elementor-element-b97140a elementor-widget elementor-widget-image\" data-id=\"b97140a\" data-element_type=\"widget\" data-settings=\"{&quot;ekit_we_effect_on&quot;:&quot;none&quot;}\" data-widget_type=\"image.default\">\n\t\t\t\t<div class=\"elementor-widget-container\">\n\t\t\t\t\t\t\t\t\t\t\t\t\t<img fetchpriority=\"high\" decoding=\"async\" width=\"1000\" height=\"1000\" src=\"https:\/\/www.xperiencehr.com\/wp-content\/uploads\/2024\/06\/staffing_xperiencehr.webp\" class=\"attachment-large size-large wp-image-692\" alt=\"staffing xperiencehr\" srcset=\"https:\/\/www.xperiencehr.com\/wp-content\/uploads\/2024\/06\/staffing_xperiencehr.webp 1000w, https:\/\/www.xperiencehr.com\/wp-content\/uploads\/2024\/06\/staffing_xperiencehr-300x300.webp 300w, https:\/\/www.xperiencehr.com\/wp-content\/uploads\/2024\/06\/staffing_xperiencehr-150x150.webp 150w, https:\/\/www.xperiencehr.com\/wp-content\/uploads\/2024\/06\/staffing_xperiencehr-768x768.webp 768w, https:\/\/www.xperiencehr.com\/wp-content\/uploads\/2024\/06\/staffing_xperiencehr-710x710.webp 710w\" sizes=\"(max-width: 1000px) 100vw, 1000px\" \/>\t\t\t\t\t\t\t\t\t\t\t\t\t<\/div>\n\t\t\t\t<\/div>\n\t\t\t\t<\/div>\n\t\t\t\t<\/div>\n\t\t\t\t\t<\/div>\n\t\t\t\t<\/div>\n\t\t<div class=\"elementor-element elementor-element-4832204 e-flex e-con-boxed e-con e-parent\" data-id=\"4832204\" data-element_type=\"container\" data-settings=\"{&quot;background_background&quot;:&quot;classic&quot;}\">\n\t\t\t\t\t<div class=\"e-con-inner\">\n\t\t<div class=\"elementor-element elementor-element-a6ee614 e-con-full e-flex e-con e-child\" data-id=\"a6ee614\" data-element_type=\"container\">\n\t\t<div class=\"elementor-element elementor-element-26bff39 e-con-full e-flex e-con e-child\" data-id=\"26bff39\" data-element_type=\"container\">\n\t\t\t\t<div class=\"elementor-element elementor-element-9ef7d6e animated-fast elementor-invisible elementor-widget elementor-widget-elementskit-heading\" data-id=\"9ef7d6e\" data-element_type=\"widget\" data-settings=\"{&quot;_animation&quot;:&quot;fadeIn&quot;,&quot;_animation_delay&quot;:200,&quot;ekit_we_effect_on&quot;:&quot;none&quot;}\" data-widget_type=\"elementskit-heading.default\">\n\t\t\t\t<div class=\"elementor-widget-container\">\n\t\t\t<div class=\"ekit-wid-con\" ><div class=\"ekit-heading elementskit-section-title-wraper text_left   ekit_heading_tablet-   ekit_heading_mobile-\"><h2 class=\"ekit-heading--title elementskit-section-title \"><span><span>Z\u00edskajte efektivitu<\/span><\/span> v re\u00e1lnom \u010dase<\/h2>\t\t\t\t<div class='ekit-heading__description'>\n\t\t\t\t\t<p>Zlep\u0161ite hospod\u00e1renie pomocou digit\u00e1lnych d\u00e1tov\u00fdch tokov, zv\u00fd\u0161te obr\u00e1tkovos\u0165 faktur\u00e1cie v\u010faka men\u0161iemu po\u010dtu absenci\u00ed a zr\u00fdchlite faktura\u010dn\u00fd cyklus v\u010faka online d\u00e1tam.<\/p>\n\t\t\t\t<\/div>\n\t\t\t<\/div><\/div>\t\t<\/div>\n\t\t\t\t<\/div>\n\t\t\t\t<\/div>\n\t\t<div class=\"elementor-element elementor-element-b4fe03c e-con-full animated-fast e-flex elementor-invisible e-con e-child\" data-id=\"b4fe03c\" data-element_type=\"container\" data-settings=\"{&quot;background_background&quot;:&quot;classic&quot;,&quot;animation&quot;:&quot;fadeInUp&quot;,&quot;animation_delay&quot;:200}\">\n\t\t\t\t<div class=\"elementor-element elementor-element-2299a41 animated-fast elementor-invisible elementor-widget elementor-widget-image\" data-id=\"2299a41\" data-element_type=\"widget\" data-settings=\"{&quot;_animation&quot;:&quot;fadeInUp&quot;,&quot;_animation_delay&quot;:400,&quot;ekit_we_effect_on&quot;:&quot;none&quot;}\" data-widget_type=\"image.default\">\n\t\t\t\t<div class=\"elementor-widget-container\">\n\t\t\t\t\t\t\t\t\t\t\t\t\t<img decoding=\"async\" width=\"1000\" height=\"1000\" src=\"https:\/\/www.xperiencehr.com\/wp-content\/uploads\/2024\/06\/real_time_xperiencehr.webp\" class=\"attachment-full size-full wp-image-683\" alt=\"real time xperiencehr\" srcset=\"https:\/\/www.xperiencehr.com\/wp-content\/uploads\/2024\/06\/real_time_xperiencehr.webp 1000w, https:\/\/www.xperiencehr.com\/wp-content\/uploads\/2024\/06\/real_time_xperiencehr-300x300.webp 300w, https:\/\/www.xperiencehr.com\/wp-content\/uploads\/2024\/06\/real_time_xperiencehr-150x150.webp 150w, https:\/\/www.xperiencehr.com\/wp-content\/uploads\/2024\/06\/real_time_xperiencehr-768x768.webp 768w, https:\/\/www.xperiencehr.com\/wp-content\/uploads\/2024\/06\/real_time_xperiencehr-710x710.webp 710w\" sizes=\"(max-width: 1000px) 100vw, 1000px\" \/>\t\t\t\t\t\t\t\t\t\t\t\t\t<\/div>\n\t\t\t\t<\/div>\n\t\t\t\t<\/div>\n\t\t\t\t<\/div>\n\t\t\t\t\t<\/div>\n\t\t\t\t<\/div>\n\t\t<div class=\"elementor-element elementor-element-7f6b328 e-flex e-con-boxed e-con e-parent\" data-id=\"7f6b328\" data-element_type=\"container\" data-settings=\"{&quot;background_background&quot;:&quot;classic&quot;}\">\n\t\t\t\t\t<div class=\"e-con-inner\">\n\t\t<div class=\"elementor-element elementor-element-e5f29b0 e-con-full e-flex e-con e-child\" data-id=\"e5f29b0\" data-element_type=\"container\">\n\t\t<div class=\"elementor-element elementor-element-c6eb58b e-con-full e-flex e-con e-child\" data-id=\"c6eb58b\" data-element_type=\"container\">\n\t\t\t\t<div class=\"elementor-element elementor-element-0599104 elementor-widget elementor-widget-elementskit-heading\" data-id=\"0599104\" data-element_type=\"widget\" data-settings=\"{&quot;ekit_we_effect_on&quot;:&quot;none&quot;}\" data-widget_type=\"elementskit-heading.default\">\n\t\t\t\t<div class=\"elementor-widget-container\">\n\t\t\t<div class=\"ekit-wid-con\" ><div class=\"ekit-heading elementskit-section-title-wraper text_left   ekit_heading_tablet-   ekit_heading_mobile-\"><h2 class=\"ekit-heading--title elementskit-section-title \"><span><span>Eliminujte podvody<\/span><\/span> s absenciami<\/h2>\t\t\t\t<div class='ekit-heading__description'>\n\t\t\t\t\t<p>Sledovanie absenci\u00ed v re\u00e1lnom \u010dase v\u00fdrazne redukuje podvody s absenciami, \u010do pre person\u00e1lne agent\u00fary znamen\u00e1 vy\u0161\u0161iu v\u00fdnosnos\u0165.<\/p>\n\t\t\t\t<\/div>\n\t\t\t<\/div><\/div>\t\t<\/div>\n\t\t\t\t<\/div>\n\t\t\t\t<\/div>\n\t\t<div class=\"elementor-element elementor-element-d46e662 e-con-full e-flex e-con e-child\" data-id=\"d46e662\" data-element_type=\"container\" data-settings=\"{&quot;background_background&quot;:&quot;classic&quot;}\">\n\t\t\t\t<div class=\"elementor-element elementor-element-c7b5f42 elementor-widget elementor-widget-image\" data-id=\"c7b5f42\" data-element_type=\"widget\" data-settings=\"{&quot;ekit_we_effect_on&quot;:&quot;none&quot;}\" data-widget_type=\"image.default\">\n\t\t\t\t<div class=\"elementor-widget-container\">\n\t\t\t\t\t\t\t\t\t\t\t\t\t<img decoding=\"async\" width=\"1000\" height=\"1000\" src=\"https:\/\/www.xperiencehr.com\/wp-content\/uploads\/2024\/06\/maker_xperiencehr.webp\" class=\"attachment-large size-large wp-image-674\" alt=\"maker xperiencehr\" srcset=\"https:\/\/www.xperiencehr.com\/wp-content\/uploads\/2024\/06\/maker_xperiencehr.webp 1000w, https:\/\/www.xperiencehr.com\/wp-content\/uploads\/2024\/06\/maker_xperiencehr-300x300.webp 300w, https:\/\/www.xperiencehr.com\/wp-content\/uploads\/2024\/06\/maker_xperiencehr-150x150.webp 150w, https:\/\/www.xperiencehr.com\/wp-content\/uploads\/2024\/06\/maker_xperiencehr-768x768.webp 768w, https:\/\/www.xperiencehr.com\/wp-content\/uploads\/2024\/06\/maker_xperiencehr-710x710.webp 710w\" sizes=\"(max-width: 1000px) 100vw, 1000px\" \/>\t\t\t\t\t\t\t\t\t\t\t\t\t<\/div>\n\t\t\t\t<\/div>\n\t\t\t\t<\/div>\n\t\t\t\t<\/div>\n\t\t\t\t\t<\/div>\n\t\t\t\t<\/div>\n\t\t<div class=\"elementor-element elementor-element-e41ba17 e-flex e-con-boxed e-con e-parent\" data-id=\"e41ba17\" data-element_type=\"container\" data-settings=\"{&quot;background_background&quot;:&quot;classic&quot;}\">\n\t\t\t\t\t<div class=\"e-con-inner\">\n\t\t<div class=\"elementor-element elementor-element-2eae3ca e-con-full e-flex e-con e-child\" data-id=\"2eae3ca\" data-element_type=\"container\">\n\t\t<div class=\"elementor-element elementor-element-891c868 e-con-full e-flex e-con e-child\" data-id=\"891c868\" data-element_type=\"container\">\n\t\t\t\t<div class=\"elementor-element elementor-element-78b125b animated-fast elementor-invisible elementor-widget elementor-widget-elementskit-heading\" data-id=\"78b125b\" data-element_type=\"widget\" data-settings=\"{&quot;_animation&quot;:&quot;fadeIn&quot;,&quot;_animation_delay&quot;:200,&quot;ekit_we_effect_on&quot;:&quot;none&quot;}\" data-widget_type=\"elementskit-heading.default\">\n\t\t\t\t<div class=\"elementor-widget-container\">\n\t\t\t<div class=\"ekit-wid-con\" ><div class=\"ekit-heading elementskit-section-title-wraper text_left   ekit_heading_tablet-   ekit_heading_mobile-\"><h2 class=\"ekit-heading--title elementskit-section-title \"><span><span>Udr\u017ete v\u00fddavky<\/span><\/span> pod kontrolou<\/h2>\t\t\t\t<div class='ekit-heading__description'>\n\t\t\t\t\t<p>Digit\u00e1lne d\u00e1tove toky, cenovo dostupn\u00e9 NFC rie\u0161enie pomocou clock-in karti\u010diek a mobiln\u00e9 aplik\u00e1cie v cene v\u00e1m umo\u017enia dosiahnu\u0165 po\u017eadovan\u00e9 v\u00fdsledky a to bez prehnan\u00fdch v\u00fddavkov.<\/p>\n\t\t\t\t<\/div>\n\t\t\t<\/div><\/div>\t\t<\/div>\n\t\t\t\t<\/div>\n\t\t\t\t<\/div>\n\t\t<div class=\"elementor-element elementor-element-5527b14 e-con-full animated-fast e-flex elementor-invisible e-con e-child\" data-id=\"5527b14\" data-element_type=\"container\" data-settings=\"{&quot;background_background&quot;:&quot;classic&quot;,&quot;animation&quot;:&quot;fadeInUp&quot;,&quot;animation_delay&quot;:200}\">\n\t\t\t\t<div class=\"elementor-element elementor-element-659f189 animated-fast elementor-invisible elementor-widget elementor-widget-image\" data-id=\"659f189\" data-element_type=\"widget\" data-settings=\"{&quot;_animation&quot;:&quot;fadeInUp&quot;,&quot;_animation_delay&quot;:400,&quot;ekit_we_effect_on&quot;:&quot;none&quot;}\" data-widget_type=\"image.default\">\n\t\t\t\t<div class=\"elementor-widget-container\">\n\t\t\t\t\t\t\t\t\t\t\t\t\t<img loading=\"lazy\" decoding=\"async\" width=\"1000\" height=\"1000\" src=\"https:\/\/www.xperiencehr.com\/wp-content\/uploads\/2024\/06\/money_xperiencehr.webp\" class=\"attachment-full size-full wp-image-678\" alt=\"money xperiencehr\" srcset=\"https:\/\/www.xperiencehr.com\/wp-content\/uploads\/2024\/06\/money_xperiencehr.webp 1000w, https:\/\/www.xperiencehr.com\/wp-content\/uploads\/2024\/06\/money_xperiencehr-300x300.webp 300w, https:\/\/www.xperiencehr.com\/wp-content\/uploads\/2024\/06\/money_xperiencehr-150x150.webp 150w, https:\/\/www.xperiencehr.com\/wp-content\/uploads\/2024\/06\/money_xperiencehr-768x768.webp 768w, https:\/\/www.xperiencehr.com\/wp-content\/uploads\/2024\/06\/money_xperiencehr-710x710.webp 710w\" sizes=\"(max-width: 1000px) 100vw, 1000px\" \/>\t\t\t\t\t\t\t\t\t\t\t\t\t<\/div>\n\t\t\t\t<\/div>\n\t\t\t\t<\/div>\n\t\t\t\t<\/div>\n\t\t\t\t\t<\/div>\n\t\t\t\t<\/div>\n\t\t<div class=\"elementor-element elementor-element-fc62ded e-flex e-con-boxed e-con e-parent\" data-id=\"fc62ded\" data-element_type=\"container\" data-settings=\"{&quot;background_background&quot;:&quot;classic&quot;}\">\n\t\t\t\t\t<div class=\"e-con-inner\">\n\t\t<div class=\"elementor-element elementor-element-8e91630 e-con-full e-flex e-con e-child\" data-id=\"8e91630\" data-element_type=\"container\">\n\t\t<div class=\"elementor-element elementor-element-3fb6bc9 e-con-full e-flex e-con e-child\" data-id=\"3fb6bc9\" data-element_type=\"container\">\n\t\t\t\t<div class=\"elementor-element elementor-element-b6bf560 elementor-widget elementor-widget-elementskit-heading\" data-id=\"b6bf560\" data-element_type=\"widget\" data-settings=\"{&quot;ekit_we_effect_on&quot;:&quot;none&quot;}\" data-widget_type=\"elementskit-heading.default\">\n\t\t\t\t<div class=\"elementor-widget-container\">\n\t\t\t<div class=\"ekit-wid-con\" ><div class=\"ekit-heading elementskit-section-title-wraper text_left   ekit_heading_tablet-   ekit_heading_mobile-\"><h2 class=\"ekit-heading--title elementskit-section-title \">Doch\u00e1dzkov\u00fd syst\u00e9m <span><span>pre v\u0161etky va\u0161e pobo\u010dky<\/span><\/span> a <span><span>spolo\u010dnosti<\/span><\/span><\/h2>\t\t\t\t<div class='ekit-heading__description'>\n\t\t\t\t\t<p>Jeden flexibiln\u00fd syst\u00e9m sleduje v\u0161etk\u00fdch va\u0161ich zamestnancov na r\u00f4znych miestach v\u00fdkonu pr\u00e1ce, v r\u00f4znych krajin\u00e1ch a v r\u00f4znych pr\u00e1vnych subjektoch. S na\u0161\u00edm syst\u00e9mom budete v\u017edy vedie\u0165 ko\u013eko \u013eud\u00ed m\u00e1te v ter\u00e9ne.<\/p>\n\t\t\t\t<\/div>\n\t\t\t<\/div><\/div>\t\t<\/div>\n\t\t\t\t<\/div>\n\t\t\t\t<\/div>\n\t\t<div class=\"elementor-element elementor-element-e2c5e2d e-con-full e-flex e-con e-child\" data-id=\"e2c5e2d\" data-element_type=\"container\" data-settings=\"{&quot;background_background&quot;:&quot;classic&quot;}\">\n\t\t\t\t<div class=\"elementor-element elementor-element-4ea5083 elementor-widget elementor-widget-image\" data-id=\"4ea5083\" data-element_type=\"widget\" data-settings=\"{&quot;ekit_we_effect_on&quot;:&quot;none&quot;}\" data-widget_type=\"image.default\">\n\t\t\t\t<div class=\"elementor-widget-container\">\n\t\t\t\t\t\t\t\t\t\t\t\t\t<img loading=\"lazy\" decoding=\"async\" width=\"1000\" height=\"1000\" src=\"https:\/\/www.xperiencehr.com\/wp-content\/uploads\/2024\/06\/world_connection_xperiencehr.webp\" class=\"attachment-large size-large wp-image-655\" alt=\"world connection xperiencehr\" srcset=\"https:\/\/www.xperiencehr.com\/wp-content\/uploads\/2024\/06\/world_connection_xperiencehr.webp 1000w, https:\/\/www.xperiencehr.com\/wp-content\/uploads\/2024\/06\/world_connection_xperiencehr-300x300.webp 300w, https:\/\/www.xperiencehr.com\/wp-content\/uploads\/2024\/06\/world_connection_xperiencehr-150x150.webp 150w, https:\/\/www.xperiencehr.com\/wp-content\/uploads\/2024\/06\/world_connection_xperiencehr-768x768.webp 768w, https:\/\/www.xperiencehr.com\/wp-content\/uploads\/2024\/06\/world_connection_xperiencehr-710x710.webp 710w\" sizes=\"(max-width: 1000px) 100vw, 1000px\" \/>\t\t\t\t\t\t\t\t\t\t\t\t\t<\/div>\n\t\t\t\t<\/div>\n\t\t\t\t<\/div>\n\t\t\t\t<\/div>\n\t\t\t\t\t<\/div>\n\t\t\t\t<\/div>\n\t\t<div class=\"elementor-element elementor-element-3510c81 e-flex e-con-boxed e-con e-parent\" data-id=\"3510c81\" data-element_type=\"container\" data-settings=\"{&quot;background_background&quot;:&quot;classic&quot;}\">\n\t\t\t\t\t<div class=\"e-con-inner\">\n\t\t<div class=\"elementor-element elementor-element-57c02e2 e-con-full e-flex e-con e-child\" data-id=\"57c02e2\" data-element_type=\"container\">\n\t\t<div class=\"elementor-element elementor-element-24db5a8 e-con-full e-flex e-con e-child\" data-id=\"24db5a8\" data-element_type=\"container\">\n\t\t\t\t<div class=\"elementor-element elementor-element-8fadd3f animated-fast elementor-invisible elementor-widget elementor-widget-elementskit-heading\" data-id=\"8fadd3f\" data-element_type=\"widget\" data-settings=\"{&quot;_animation&quot;:&quot;fadeIn&quot;,&quot;_animation_delay&quot;:200,&quot;ekit_we_effect_on&quot;:&quot;none&quot;}\" data-widget_type=\"elementskit-heading.default\">\n\t\t\t\t<div class=\"elementor-widget-container\">\n\t\t\t<div class=\"ekit-wid-con\" ><div class=\"ekit-heading elementskit-section-title-wraper text_left   ekit_heading_tablet-   ekit_heading_mobile-\"><h2 class=\"ekit-heading--title elementskit-section-title \"><span><span>Automatick\u00fd pl\u00e1nova\u010d<\/span><\/span> zmien<\/h2>\t\t\t\t<div class='ekit-heading__description'>\n\t\t\t\t\t<p>Zadajte <strong>n\u00e1zov, k\u00f3d a farbu<\/strong> pre jednoduch\u0161iu identifik\u00e1ciu zmeny. Nastavte <strong>\u010das za\u010diatku a konca <\/strong>pre ur\u010denie trvania ka\u017edej zmeny. Pomocou mo\u017enosti <strong>Opakova\u0165<\/strong> vytvorte opakovan\u00e9 zmeny. N\u00e1\u0161 pl\u00e1nova\u010d v\u00e1m umo\u017e\u0148uje nastavi\u0165 maxim\u00e1lny po\u010det zamestnancov po\u017eadovan\u00fd pre ka\u017ed\u00fa zmenu pre zabezpe\u010denie optimaliz\u00e1cie pracovn\u00e9ho \u010dasu. T\u00e1to funkcia zais\u0165uje, \u017ee m\u00e1te k dispoz\u00edcii spr\u00e1vny <strong>Po\u010det zamestnancov<\/strong> pre splnenie prev\u00e1dzkov\u00fdch potrieb bez nadmern\u00e9ho alebo nedostato\u010dn\u00e9ho po\u010dtu zamestnancov. Jednou z k\u013e\u00fa\u010dov\u00fdch prednost\u00ed n\u00e1\u0161ho automatick\u00e9ho pl\u00e1nova\u010da je schopnos\u0165 pl\u00e1nova\u0165 na z\u00e1klade konkr\u00e9tnych <strong>Zru\u010dnost\u00ed<\/strong>. Tu m\u00f4\u017eete zadefinova\u0165 po\u017eadovan\u00e9 zru\u010dnosti pre ka\u017ed\u00fa zmenu a zabezpe\u010di\u0165, \u017ee na tieto zmeny bud\u00fa pridelen\u00ed iba zamestnanci s potrebnou kvalifik\u00e1ciou.<\/p>\n\t\t\t\t<\/div>\n\t\t\t<\/div><\/div>\t\t<\/div>\n\t\t\t\t<\/div>\n\t\t\t\t<\/div>\n\t\t<div class=\"elementor-element elementor-element-d2658ef e-con-full animated-fast e-flex elementor-invisible e-con e-child\" data-id=\"d2658ef\" data-element_type=\"container\" data-settings=\"{&quot;background_background&quot;:&quot;classic&quot;,&quot;animation&quot;:&quot;fadeInUp&quot;,&quot;animation_delay&quot;:200}\">\n\t\t\t\t<div class=\"elementor-element elementor-element-43ac783 animated-fast elementor-invisible elementor-widget elementor-widget-image\" data-id=\"43ac783\" data-element_type=\"widget\" data-settings=\"{&quot;_animation&quot;:&quot;fadeInUp&quot;,&quot;_animation_delay&quot;:400,&quot;ekit_we_effect_on&quot;:&quot;none&quot;}\" data-widget_type=\"image.default\">\n\t\t\t\t<div class=\"elementor-widget-container\">\n\t\t\t\t\t\t\t\t\t\t\t\t\t<img loading=\"lazy\" decoding=\"async\" width=\"1080\" height=\"1080\" src=\"https:\/\/www.xperiencehr.com\/wp-content\/uploads\/2024\/06\/Shift_Planner_Notebook_Mockup_xperiencehr.webp\" class=\"attachment-full size-full wp-image-689\" alt=\"Shift Planner Notebook Mockup xperiencehr\" srcset=\"https:\/\/www.xperiencehr.com\/wp-content\/uploads\/2024\/06\/Shift_Planner_Notebook_Mockup_xperiencehr.webp 1080w, https:\/\/www.xperiencehr.com\/wp-content\/uploads\/2024\/06\/Shift_Planner_Notebook_Mockup_xperiencehr-300x300.webp 300w, https:\/\/www.xperiencehr.com\/wp-content\/uploads\/2024\/06\/Shift_Planner_Notebook_Mockup_xperiencehr-1024x1024.webp 1024w, https:\/\/www.xperiencehr.com\/wp-content\/uploads\/2024\/06\/Shift_Planner_Notebook_Mockup_xperiencehr-150x150.webp 150w, https:\/\/www.xperiencehr.com\/wp-content\/uploads\/2024\/06\/Shift_Planner_Notebook_Mockup_xperiencehr-768x768.webp 768w, https:\/\/www.xperiencehr.com\/wp-content\/uploads\/2024\/06\/Shift_Planner_Notebook_Mockup_xperiencehr-710x710.webp 710w\" sizes=\"(max-width: 1080px) 100vw, 1080px\" \/>\t\t\t\t\t\t\t\t\t\t\t\t\t<\/div>\n\t\t\t\t<\/div>\n\t\t\t\t<\/div>\n\t\t\t\t<\/div>\n\t\t\t\t\t<\/div>\n\t\t\t\t<\/div>\n\t\t\t\t<\/div>\n\t\t","protected":false},"excerpt":{"rendered":"<p>Doch\u00e1dzka pre agent\u00fary S XperienceHR m\u00f4\u017eete predbehn\u00fa\u0165 konkurenciu. Ako? Ke\u010f brig\u00e1dnik me\u0161k\u00e1 alebo nepr\u00edde na zmenu, zist\u00edte to sk\u00f4r, ako v\u00e1m zavol\u00e1 nahnevan\u00fd klient. \u00dadaje v re\u00e1lnom \u010dase umo\u017e\u0148uj\u00fa proakt\u00edvny pr\u00edstup ku klientovi. Okam\u017eite m\u00f4\u017eete klienta informova\u0165, \u017ee situ\u00e1cia je pod kontrolou a posielate n\u00e1hradn\u00e9ho pracovn\u00edka. Z\u00edskajte efektivitu v re\u00e1lnom \u010dase Zlep\u0161ite hospod\u00e1renie pomocou digit\u00e1lnych [&hellip;]<\/p>\n","protected":false},"author":4,"featured_media":3296,"parent":0,"menu_order":0,"comment_status":"closed","ping_status":"closed","template":"","meta":{"footnotes":""},"class_list":["post-3346","page","type-page","status-publish","has-post-thumbnail","hentry"],"_links":{"self":[{"href":"https:\/\/www.xperiencehr.com\/sk\/wp-json\/wp\/v2\/pages\/3346","targetHints":{"allow":["GET"]}}],"collection":[{"href":"https:\/\/www.xperiencehr.com\/sk\/wp-json\/wp\/v2\/pages"}],"about":[{"href":"https:\/\/www.xperiencehr.com\/sk\/wp-json\/wp\/v2\/types\/page"}],"author":[{"embeddable":true,"href":"https:\/\/www.xperiencehr.com\/sk\/wp-json\/wp\/v2\/users\/4"}],"replies":[{"embeddable":true,"href":"https:\/\/www.xperiencehr.com\/sk\/wp-json\/wp\/v2\/comments?post=3346"}],"version-history":[{"count":4,"href":"https:\/\/www.xperiencehr.com\/sk\/wp-json\/wp\/v2\/pages\/3346\/revisions"}],"predecessor-version":[{"id":3421,"href":"https:\/\/www.xperiencehr.com\/sk\/wp-json\/wp\/v2\/pages\/3346\/revisions\/3421"}],"wp:featuredmedia":[{"embeddable":true,"href":"https:\/\/www.xperiencehr.com\/sk\/wp-json\/wp\/v2\/media\/3296"}],"wp:attachment":[{"href":"https:\/\/www.xperiencehr.com\/sk\/wp-json\/wp\/v2\/media?parent=3346"}],"curies":[{"name":"wp","href":"https:\/\/api.w.org\/{rel}","templated":true}]}}