{"id":3352,"date":"2024-06-22T07:02:20","date_gmt":"2024-06-22T07:02:20","guid":{"rendered":"https:\/\/wp.xperiencehr.com\/contact\/"},"modified":"2025-09-30T12:43:36","modified_gmt":"2025-09-30T12:43:36","slug":"contact","status":"publish","type":"page","link":"https:\/\/www.xperiencehr.com\/sk\/contact\/","title":{"rendered":"Kontakt"},"content":{"rendered":"\t\t<div data-elementor-type=\"wp-page\" data-elementor-id=\"3352\" class=\"elementor elementor-3352 elementor-897\">\n\t\t\t\t<div class=\"elementor-element elementor-element-8a53385 e-flex e-con-boxed e-con e-parent\" data-id=\"8a53385\" data-element_type=\"container\" data-settings=\"{&quot;background_background&quot;:&quot;classic&quot;}\">\n\t\t\t\t\t<div class=\"e-con-inner\">\n\t\t<div class=\"elementor-element elementor-element-04b9cfd e-con-full e-flex e-con e-child\" data-id=\"04b9cfd\" data-element_type=\"container\">\n\t\t<div class=\"elementor-element elementor-element-8a355e0 e-con-full e-flex e-con e-child\" data-id=\"8a355e0\" data-element_type=\"container\">\n\t\t\t\t<div class=\"elementor-element elementor-element-58228ba elementor-widget elementor-widget-elementskit-heading\" data-id=\"58228ba\" data-element_type=\"widget\" data-settings=\"{&quot;ekit_we_effect_on&quot;:&quot;none&quot;}\" data-widget_type=\"elementskit-heading.default\">\n\t\t\t\t<div class=\"elementor-widget-container\">\n\t\t\t<div class=\"ekit-wid-con\" ><div class=\"ekit-heading elementskit-section-title-wraper text_left   ekit_heading_tablet-   ekit_heading_mobile-\"><h1 class=\"ekit-heading--title elementskit-section-title \"><span><span>Kontaktujte n\u00e1s<\/span><\/span><\/h1>\t\t\t\t<div class='ekit-heading__description'>\n\t\t\t\t\t<p>M\u00e1te nejak\u00e9 ot\u00e1zky? Spojte sa s na\u0161\u00edm t\u00edmom! Pre n\u00e1s neexistuje probl\u00e9m pr\u00edli\u0161 ve\u013ek\u00fd ani pr\u00edli\u0161 mal\u00fd. T\u00edm XperienceHR r\u00e1d pom\u00e1ha na\u0161im klientom.<\/p>\n\t\t\t\t<\/div>\n\t\t\t<\/div><\/div>\t\t<\/div>\n\t\t\t\t<\/div>\n\t\t\t\t<\/div>\n\t\t<div class=\"elementor-element elementor-element-e7cdb06 e-con-full e-flex e-con e-child\" data-id=\"e7cdb06\" data-element_type=\"container\" data-settings=\"{&quot;background_background&quot;:&quot;classic&quot;}\">\n\t\t\t\t<div class=\"elementor-element elementor-element-4c6601e elementor-widget elementor-widget-image\" data-id=\"4c6601e\" data-element_type=\"widget\" data-settings=\"{&quot;ekit_we_effect_on&quot;:&quot;none&quot;}\" data-widget_type=\"image.default\">\n\t\t\t\t<div class=\"elementor-widget-container\">\n\t\t\t\t\t\t\t\t\t\t\t\t\t<img fetchpriority=\"high\" decoding=\"async\" width=\"1000\" height=\"1000\" src=\"https:\/\/www.xperiencehr.com\/wp-content\/uploads\/2024\/06\/contact_xperiencehr.webp\" class=\"attachment-large size-large wp-image-664\" alt=\"\" srcset=\"https:\/\/www.xperiencehr.com\/wp-content\/uploads\/2024\/06\/contact_xperiencehr.webp 1000w, https:\/\/www.xperiencehr.com\/wp-content\/uploads\/2024\/06\/contact_xperiencehr-300x300.webp 300w, https:\/\/www.xperiencehr.com\/wp-content\/uploads\/2024\/06\/contact_xperiencehr-150x150.webp 150w, https:\/\/www.xperiencehr.com\/wp-content\/uploads\/2024\/06\/contact_xperiencehr-768x768.webp 768w, https:\/\/www.xperiencehr.com\/wp-content\/uploads\/2024\/06\/contact_xperiencehr-710x710.webp 710w\" sizes=\"(max-width: 1000px) 100vw, 1000px\" \/>\t\t\t\t\t\t\t\t\t\t\t\t\t<\/div>\n\t\t\t\t<\/div>\n\t\t\t\t<\/div>\n\t\t\t\t<\/div>\n\t\t\t\t\t<\/div>\n\t\t\t\t<\/div>\n\t\t<div class=\"elementor-element elementor-element-6d4ec0c e-flex e-con-boxed e-con e-parent\" data-id=\"6d4ec0c\" data-element_type=\"container\">\n\t\t\t\t\t<div class=\"e-con-inner\">\n\t\t<div class=\"elementor-element elementor-element-89e8a14 e-con-full e-flex e-con e-child\" data-id=\"89e8a14\" data-element_type=\"container\">\n\t\t\t\t<div class=\"elementor-element elementor-element-5fae497 elementor-widget elementor-widget-elementskit-heading\" data-id=\"5fae497\" data-element_type=\"widget\" data-settings=\"{&quot;ekit_we_effect_on&quot;:&quot;none&quot;}\" data-widget_type=\"elementskit-heading.default\">\n\t\t\t\t<div class=\"elementor-widget-container\">\n\t\t\t<div class=\"ekit-wid-con\" ><div class=\"ekit-heading elementskit-section-title-wraper text_center   ekit_heading_tablet-   ekit_heading_mobile-\"><h2 class=\"ekit-heading--title elementskit-section-title \"><span><span>Spojte sa s nami<\/span><\/h2><\/div><\/div>\t\t<\/div>\n\t\t\t\t<\/div>\n\t\t\t\t<\/div>\n\t\t<div class=\"elementor-element elementor-element-8c13fab e-con-full e-flex e-con e-child\" data-id=\"8c13fab\" data-element_type=\"container\">\n\t\t<div class=\"elementor-element elementor-element-1374c98 e-con-full e-flex e-con e-child\" data-id=\"1374c98\" data-element_type=\"container\">\n\t\t\t\t<div class=\"elementor-element elementor-element-0a262f2 elementor-widget__width-inherit elementor-widget elementor-widget-elementskit-google-map\" data-id=\"0a262f2\" data-element_type=\"widget\" data-settings=\"{&quot;ekit_we_effect_on&quot;:&quot;none&quot;}\" data-widget_type=\"elementskit-google-map.default\">\n\t\t\t\t<div class=\"elementor-widget-container\">\n\t\t\t<div class=\"ekit-wid-con\" >\n\t\t\t<div class=\"ekit-google-map\" id=\"ekit-google-map-0a262f2\" data-id=\"0a262f2\" data-api_key=\"AIzaSyC5mVkmewc9maW-4krpX7up-I8qjVmf6K4\" style=\"margin-left:auto;margin-right:auto;text-align:center;\" data-map_type=\"basic\" data-map_address_type=\"coordinates\" data-map_lat=\"48.14816\" data-map_lng=\"17.10674\" data-map_basic_marker_content=\"Reding Tower 2, Ra\u010dianska 153, 83154 Bratislava\" data-map_zoom=\"14\" data-map_theme=\"%22%5B%7B%5C%22stylers%5C%22%3A%5B%7B%5C%22hue%5C%22%3A%5C%22%23007fff%5C%22%7D%2C%7B%5C%22saturation%5C%22%3A89%7D%5D%7D%2C%7B%5C%22featureType%5C%22%3A%5C%22water%5C%22%2C%5C%22stylers%5C%22%3A%5B%7B%5C%22color%5C%22%3A%5C%22%23ffffff%5C%22%7D%5D%7D%2C%7B%5C%22featureType%5C%22%3A%5C%22administrative.country%5C%22%2C%5C%22elementType%5C%22%3A%5C%22labels%5C%22%2C%5C%22stylers%5C%22%3A%5B%7B%5C%22visibility%5C%22%3A%5C%22off%5C%22%7D%5D%7D%5D%22\" data-map_markers=\"null\" data-map_polylines=\"null\" data-map_streeview_control=\"false\" data-map_type_control=\"false\" data-map_zoom_control=\"true\" data-map_fullscreen_control=\"true\" data-map_scroll_zoom=\"false\"><\/div>\n\t\t\t<div class=\"google-map-notice\"><\/div>\n\t<\/div>\t\t<\/div>\n\t\t\t\t<\/div>\n\t\t\t\t<\/div>\n\t\t<div class=\"elementor-element elementor-element-fd01efc e-con-full e-flex e-con e-child\" data-id=\"fd01efc\" data-element_type=\"container\">\n\t\t<div class=\"elementor-element elementor-element-4b96c37 e-con-full e-flex e-con e-child\" data-id=\"4b96c37\" data-element_type=\"container\">\n\t\t\t\t<div class=\"elementor-element elementor-element-99d3285 elementor-widget elementor-widget-elementskit-heading\" data-id=\"99d3285\" data-element_type=\"widget\" data-settings=\"{&quot;ekit_we_effect_on&quot;:&quot;none&quot;}\" data-widget_type=\"elementskit-heading.default\">\n\t\t\t\t<div class=\"elementor-widget-container\">\n\t\t\t<div class=\"ekit-wid-con\" ><div class=\"ekit-heading elementskit-section-title-wraper text_left   ekit_heading_tablet-   ekit_heading_mobile-\"><h2 class=\"ekit-heading--title elementskit-section-title \"><span><span>Zanechajte spr\u00e1vu<\/span><\/span><\/h2><\/div><\/div>\t\t<\/div>\n\t\t\t\t<\/div>\n\t\t\t\t<div class=\"elementor-element elementor-element-ed14887 elementor-widget elementor-widget-elementskit-contact-form7\" data-id=\"ed14887\" data-element_type=\"widget\" data-settings=\"{&quot;ekit_we_effect_on&quot;:&quot;none&quot;}\" data-widget_type=\"elementskit-contact-form7.default\">\n\t\t\t\t<div class=\"elementor-widget-container\">\n\t\t\t<div class=\"ekit-wid-con\" ><div class=\"ekit-form\">\n<div class=\"wpcf7 no-js\" id=\"wpcf7-f3364-o1\" lang=\"sk-SK\" dir=\"ltr\" data-wpcf7-id=\"3364\">\n<div class=\"screen-reader-response\"><p role=\"status\" aria-live=\"polite\" aria-atomic=\"true\"><\/p> <ul><\/ul><\/div>\n<form action=\"\/sk\/wp-json\/wp\/v2\/pages\/3352#wpcf7-f3364-o1\" method=\"post\" class=\"wpcf7-form init\" aria-label=\"Kontaktn\u00fd formul\u00e1r\" novalidate=\"novalidate\" data-status=\"init\">\n<div style=\"display: none;\">\n<input type=\"hidden\" name=\"_wpcf7\" value=\"3364\" \/>\n<input type=\"hidden\" name=\"_wpcf7_version\" value=\"6.0.1\" \/>\n<input type=\"hidden\" name=\"_wpcf7_locale\" value=\"sk_SK\" \/>\n<input type=\"hidden\" name=\"_wpcf7_unit_tag\" value=\"wpcf7-f3364-o1\" \/>\n<input type=\"hidden\" name=\"_wpcf7_container_post\" value=\"0\" \/>\n<input type=\"hidden\" name=\"_wpcf7_posted_data_hash\" value=\"\" \/>\n<input type=\"hidden\" name=\"_wpcf7_recaptcha_response\" value=\"\" \/>\n<\/div>\n<div class=\"inline-form\">\n\t<div class=\"keydesign-label\">\n\t\t<p><label>Meno<\/label><span class=\"wpcf7-form-control-wrap\" data-name=\"first-name\"><input size=\"40\" maxlength=\"400\" class=\"wpcf7-form-control wpcf7-text wpcf7-validates-as-required\" aria-required=\"true\" aria-invalid=\"false\" value=\"\" type=\"text\" name=\"first-name\" \/><\/span>\n\t\t<\/p>\n\t<\/div>\n\t<div class=\"keydesign-label\">\n\t\t<p><label>Priezvisko<\/label><span class=\"wpcf7-form-control-wrap\" data-name=\"surname\"><input size=\"40\" maxlength=\"400\" class=\"wpcf7-form-control wpcf7-text wpcf7-validates-as-required\" aria-required=\"true\" aria-invalid=\"false\" value=\"\" type=\"text\" name=\"surname\" \/><\/span>\n\t\t<\/p>\n\t<\/div>\n\t<div class=\"keydesign-label\">\n\t\t<p><label>V\u00e1\u0161 Email<\/label><span class=\"wpcf7-form-control-wrap\" data-name=\"email\"><input size=\"40\" maxlength=\"400\" class=\"wpcf7-form-control wpcf7-email wpcf7-validates-as-required wpcf7-text wpcf7-validates-as-email\" aria-required=\"true\" aria-invalid=\"false\" value=\"\" type=\"email\" name=\"email\" \/><\/span>\n\t\t<\/p>\n\t<\/div>\n<\/div>\n<div class=\"keydesign-label\">\n\t<p><label>Spr\u00e1va<\/label><span class=\"wpcf7-form-control-wrap\" data-name=\"message\"><textarea cols=\"40\" rows=\"10\" maxlength=\"2000\" class=\"wpcf7-form-control wpcf7-textarea\" aria-invalid=\"false\" name=\"message\"><\/textarea><\/span>\n\t<\/p>\n<\/div>\n<p><input class=\"wpcf7-form-control wpcf7-submit has-spinner\" type=\"submit\" value=\"Odosla\u0165\" \/>\n<\/p><input type='hidden' class='wpcf7-pum' value='{\"closepopup\":false,\"closedelay\":0,\"openpopup\":false,\"openpopup_id\":0}' \/><div class=\"wpcf7-response-output\" aria-hidden=\"true\"><\/div>\n<\/form>\n<\/div>\n<\/div><\/div>\t\t<\/div>\n\t\t\t\t<\/div>\n\t\t\t\t<div class=\"elementor-element elementor-element-2edd80b elementor-widget elementor-widget-spacer\" data-id=\"2edd80b\" data-element_type=\"widget\" data-settings=\"{&quot;ekit_we_effect_on&quot;:&quot;none&quot;}\" data-widget_type=\"spacer.default\">\n\t\t\t\t<div class=\"elementor-widget-container\">\n\t\t\t\t\t<div class=\"elementor-spacer\">\n\t\t\t<div class=\"elementor-spacer-inner\"><\/div>\n\t\t<\/div>\n\t\t\t\t<\/div>\n\t\t\t\t<\/div>\n\t\t\t\t<div class=\"elementor-element elementor-element-a04f00c elementor-widget elementor-widget-elementskit-heading\" data-id=\"a04f00c\" data-element_type=\"widget\" data-settings=\"{&quot;ekit_we_effect_on&quot;:&quot;none&quot;}\" data-widget_type=\"elementskit-heading.default\">\n\t\t\t\t<div class=\"elementor-widget-container\">\n\t\t\t<div class=\"ekit-wid-con\" ><div class=\"ekit-heading elementskit-section-title-wraper text_left   ekit_heading_tablet-   ekit_heading_mobile-\"><h2 class=\"ekit-heading--title elementskit-section-title \"><span><span>Zavolajte n\u00e1m<\/span><\/span><\/h2>\t\t\t\t<div class='ekit-heading__description'>\n\t\t\t\t\t<div class=\"flex flex-col\">\n<h4 class=\"mt-2 md:mt-4\">Obchodn\u00e9 a v\u0161eobecn\u00e9 ot\u00e1zky<\/h4>\n<p><a class=\"hover:text-blue text-xl\" href=\"http:\/\/+421 915 890 309\">+421 915 890 309<\/a><\/p>\n<\/div>\n<div class=\"flex flex-col\">\n<h4>USA<\/h4>\n<\/div>\n<div class=\"flex flex-col\">\n<p><a class=\"hover:text-blue text-xl\" href=\"tel:%20646%\">+1 646 926 0897<\/a><\/p>\n<\/div>\n\t\t\t\t<\/div>\n\t\t\t<\/div><\/div>\t\t<\/div>\n\t\t\t\t<\/div>\n\t\t\t\t<div class=\"elementor-element elementor-element-d5d450b elementor-widget elementor-widget-elementskit-social-media\" data-id=\"d5d450b\" data-element_type=\"widget\" data-settings=\"{&quot;ekit_we_effect_on&quot;:&quot;none&quot;}\" data-widget_type=\"elementskit-social-media.default\">\n\t\t\t\t<div class=\"elementor-widget-container\">\n\t\t\t<div class=\"ekit-wid-con\" >\t\t\t <ul class=\"ekit_social_media\">\n\t\t\t\t\t\t\t\t\t\t\t\t\t\t<li class=\"elementor-repeater-item-172011e\">\n\t\t\t\t\t    <a\n\t\t\t\t\t\thref=\"https:\/\/www.facebook.com\/xperience.hr\/\" aria-label=\"Facebook\" class=\"f\" >\n\t\t\t\t\t\t\t\t\t\t\t\t\t\t\n\t\t\t\t\t\t\t<i aria-hidden=\"true\" class=\"fab fa-facebook-f\"><\/i>\t\t\t\t\t\t\t\t\t\n                                                                                                            <\/a>\n                    <\/li>\n                    \t\t\t\t\t\t\t\t\t\t\t\t\t\t<li class=\"elementor-repeater-item-0825b5a\">\n\t\t\t\t\t    <a\n\t\t\t\t\t\thref=\"https:\/\/www.twitter.com\/\" aria-label=\"Twitter\" class=\"twitter\" >\n\t\t\t\t\t\t\t\t\t\t\t\t\t\t\n\t\t\t\t\t\t\t<i aria-hidden=\"true\" class=\"fasicon icon-twitter\"><\/i>\t\t\t\t\t\t\t\t\t\n                                                                                                            <\/a>\n                    <\/li>\n                    \t\t\t\t\t\t\t\t\t\t\t\t\t\t<li class=\"elementor-repeater-item-fa40825\">\n\t\t\t\t\t    <a\n\t\t\t\t\t\thref=\"https:\/\/www.linkedin.com\/company\/xperience-hr\/\" aria-label=\"LinkedIn\" class=\"linkedin\" >\n\t\t\t\t\t\t\t\t\t\t\t\t\t\t\n\t\t\t\t\t\t\t<i aria-hidden=\"true\" class=\"icon icon-linkedin\"><\/i>\t\t\t\t\t\t\t\t\t\n                                                                                                            <\/a>\n                    <\/li>\n                    \t\t\t\t\t\t\t\t\t\t\t\t\t\t<li class=\"elementor-repeater-item-7487b71\">\n\t\t\t\t\t    <a\n\t\t\t\t\t\thref=\"https:\/\/wa.me\/421915890309\" aria-label=\"WhatsApp\" class=\"1\" >\n\t\t\t\t\t\t\t\t\t\t\t\t\t\t\n\t\t\t\t\t\t\t<i aria-hidden=\"true\" class=\"icon icon-whatsapp-1\"><\/i>\t\t\t\t\t\t\t\t\t\n                                                                                                            <\/a>\n                    <\/li>\n                    \t\t\t\t\t\t\t\t\t\t\t\t\t\t<li class=\"elementor-repeater-item-bc8520a\">\n\t\t\t\t\t    <a\n\t\t\t\t\t\thref=\"https:\/\/www.instagram.com\/xperiencehr\/\" aria-label=\"Instagram\" class=\"2\" >\n\t\t\t\t\t\t\t\t\t\t\t\t\t\t\n\t\t\t\t\t\t\t<i aria-hidden=\"true\" class=\"icon icon-instagram-2\"><\/i>\t\t\t\t\t\t\t\t\t\n                                                                                                            <\/a>\n                    <\/li>\n                    \t\t\t\t\t\t\t\t\t\t\t\t\t\t<li class=\"elementor-repeater-item-8b70108\">\n\t\t\t\t\t    <a\n\t\t\t\t\t\thref=\"https:\/\/www.youtube.com\/@xperiencehr\" aria-label=\"Youtube\" class=\"youtube\" >\n\t\t\t\t\t\t\t\t\t\t\t\t\t\t\n\t\t\t\t\t\t\t<i aria-hidden=\"true\" class=\"fab fa-youtube\"><\/i>\t\t\t\t\t\t\t\t\t\n                                                                                                            <\/a>\n                    <\/li>\n                    \t\t\t\t\t\t\t<\/ul>\n\t\t<\/div>\t\t<\/div>\n\t\t\t\t<\/div>\n\t\t\t\t<\/div>\n\t\t\t\t<\/div>\n\t\t\t\t<\/div>\n\t\t\t\t\t<\/div>\n\t\t\t\t<\/div>\n\t\t<div class=\"elementor-element elementor-element-667e970 e-flex e-con-boxed e-con e-parent\" data-id=\"667e970\" data-element_type=\"container\">\n\t\t\t\t\t<div class=\"e-con-inner\">\n\t\t\t\t<div class=\"elementor-element elementor-element-439d0e2 elementor-widget elementor-widget-spacer\" data-id=\"439d0e2\" data-element_type=\"widget\" data-settings=\"{&quot;ekit_we_effect_on&quot;:&quot;none&quot;}\" data-widget_type=\"spacer.default\">\n\t\t\t\t<div class=\"elementor-widget-container\">\n\t\t\t\t\t<div class=\"elementor-spacer\">\n\t\t\t<div class=\"elementor-spacer-inner\"><\/div>\n\t\t<\/div>\n\t\t\t\t<\/div>\n\t\t\t\t<\/div>\n\t\t\t\t\t<\/div>\n\t\t\t\t<\/div>\n\t\t\t\t<\/div>\n\t\t","protected":false},"excerpt":{"rendered":"<p>Kontaktujte n\u00e1s M\u00e1te nejak\u00e9 ot\u00e1zky? Spojte sa s na\u0161\u00edm t\u00edmom! Pre n\u00e1s neexistuje probl\u00e9m pr\u00edli\u0161 ve\u013ek\u00fd ani pr\u00edli\u0161 mal\u00fd. T\u00edm XperienceHR r\u00e1d pom\u00e1ha na\u0161im klientom. Spojte sa s nami Zanechajte spr\u00e1vu First Name Last Name Your Email Leave a message Zavolajte n\u00e1m Obchodn\u00e9 a v\u0161eobecn\u00e9 ot\u00e1zky +421 915 890 309 USA +1 646 926 0897<\/p>\n","protected":false},"author":4,"featured_media":3270,"parent":0,"menu_order":0,"comment_status":"closed","ping_status":"closed","template":"","meta":{"footnotes":""},"class_list":["post-3352","page","type-page","status-publish","has-post-thumbnail","hentry"],"_links":{"self":[{"href":"https:\/\/www.xperiencehr.com\/sk\/wp-json\/wp\/v2\/pages\/3352","targetHints":{"allow":["GET"]}}],"collection":[{"href":"https:\/\/www.xperiencehr.com\/sk\/wp-json\/wp\/v2\/pages"}],"about":[{"href":"https:\/\/www.xperiencehr.com\/sk\/wp-json\/wp\/v2\/types\/page"}],"author":[{"embeddable":true,"href":"https:\/\/www.xperiencehr.com\/sk\/wp-json\/wp\/v2\/users\/4"}],"replies":[{"embeddable":true,"href":"https:\/\/www.xperiencehr.com\/sk\/wp-json\/wp\/v2\/comments?post=3352"}],"version-history":[{"count":20,"href":"https:\/\/www.xperiencehr.com\/sk\/wp-json\/wp\/v2\/pages\/3352\/revisions"}],"predecessor-version":[{"id":4479,"href":"https:\/\/www.xperiencehr.com\/sk\/wp-json\/wp\/v2\/pages\/3352\/revisions\/4479"}],"wp:featuredmedia":[{"embeddable":true,"href":"https:\/\/www.xperiencehr.com\/sk\/wp-json\/wp\/v2\/media\/3270"}],"wp:attachment":[{"href":"https:\/\/www.xperiencehr.com\/sk\/wp-json\/wp\/v2\/media?parent=3352"}],"curies":[{"name":"wp","href":"https:\/\/api.w.org\/{rel}","templated":true}]}}