{"id":3355,"date":"2024-06-22T06:39:14","date_gmt":"2024-06-22T06:39:14","guid":{"rendered":"https:\/\/wp.xperiencehr.com\/paid-time-off-pto-absence-management\/"},"modified":"2024-08-14T18:08:52","modified_gmt":"2024-08-14T18:08:52","slug":"platene-pracovne-volno-zamestnancov","status":"publish","type":"page","link":"https:\/\/www.xperiencehr.com\/sk\/platene-pracovne-volno-zamestnancov\/","title":{"rendered":"Platen\u00e9 pracovn\u00e9 vo\u013eno"},"content":{"rendered":"\t\t<div data-elementor-type=\"wp-page\" data-elementor-id=\"3355\" class=\"elementor elementor-3355 elementor-793\">\n\t\t\t\t<div class=\"elementor-element elementor-element-0244078 e-flex e-con-boxed e-con e-parent\" data-id=\"0244078\" data-element_type=\"container\" data-settings=\"{&quot;background_background&quot;:&quot;classic&quot;}\">\n\t\t\t\t\t<div class=\"e-con-inner\">\n\t\t<div class=\"elementor-element elementor-element-74578e6 e-con-full e-flex e-con e-child\" data-id=\"74578e6\" data-element_type=\"container\">\n\t\t<div class=\"elementor-element elementor-element-25c3eea e-con-full e-flex e-con e-child\" data-id=\"25c3eea\" data-element_type=\"container\">\n\t\t\t\t<div class=\"elementor-element elementor-element-d0a3490 elementor-widget elementor-widget-elementskit-heading\" data-id=\"d0a3490\" data-element_type=\"widget\" data-settings=\"{&quot;ekit_we_effect_on&quot;:&quot;none&quot;}\" data-widget_type=\"elementskit-heading.default\">\n\t\t\t\t<div class=\"elementor-widget-container\">\n\t\t\t<div class=\"ekit-wid-con\" ><div class=\"ekit-heading elementskit-section-title-wraper text_left   ekit_heading_tablet-   ekit_heading_mobile-\"><h1 class=\"ekit-heading--title elementskit-section-title \"><span><span>Platen\u00e9 pracovn\u00e9 vo\u013eno<\/span><\/span><\/h1>\t\t\t\t<div class='ekit-heading__description'>\n\t\t\t\t\t<p>S XperienceHR sa m\u00f4\u017ete zbavi\u0165 viacer\u00fdch excelov, n\u00e1steniek a papierov\u00fdch priespustiek od lek\u00e1rov. Pre\u010d\u00edtajte s iviac o jednoduchom syst\u00e9me na pl\u00e1novanie, zaznamen\u00e1vanie a reportovanie platen\u00e9ho vo\u013ena.<\/p>\n\t\t\t\t<\/div>\n\t\t\t<\/div><\/div>\t\t<\/div>\n\t\t\t\t<\/div>\n\t\t\t\t<\/div>\n\t\t<div class=\"elementor-element elementor-element-6d0e613 e-con-full e-flex e-con e-child\" data-id=\"6d0e613\" data-element_type=\"container\" data-settings=\"{&quot;background_background&quot;:&quot;classic&quot;}\">\n\t\t\t\t<div class=\"elementor-element elementor-element-b067381 elementor-widget elementor-widget-image\" data-id=\"b067381\" data-element_type=\"widget\" data-settings=\"{&quot;ekit_we_effect_on&quot;:&quot;none&quot;}\" data-widget_type=\"image.default\">\n\t\t\t\t<div class=\"elementor-widget-container\">\n\t\t\t\t\t\t\t\t\t\t\t\t\t<img fetchpriority=\"high\" decoding=\"async\" width=\"1000\" height=\"1000\" src=\"https:\/\/www.xperiencehr.com\/wp-content\/uploads\/2024\/06\/platene_pracovne_volno_xperiencehr.webp\" class=\"attachment-large size-large wp-image-681\" alt=\"\" srcset=\"https:\/\/www.xperiencehr.com\/wp-content\/uploads\/2024\/06\/platene_pracovne_volno_xperiencehr.webp 1000w, https:\/\/www.xperiencehr.com\/wp-content\/uploads\/2024\/06\/platene_pracovne_volno_xperiencehr-300x300.webp 300w, https:\/\/www.xperiencehr.com\/wp-content\/uploads\/2024\/06\/platene_pracovne_volno_xperiencehr-150x150.webp 150w, https:\/\/www.xperiencehr.com\/wp-content\/uploads\/2024\/06\/platene_pracovne_volno_xperiencehr-768x768.webp 768w, https:\/\/www.xperiencehr.com\/wp-content\/uploads\/2024\/06\/platene_pracovne_volno_xperiencehr-710x710.webp 710w\" sizes=\"(max-width: 1000px) 100vw, 1000px\" \/>\t\t\t\t\t\t\t\t\t\t\t\t\t<\/div>\n\t\t\t\t<\/div>\n\t\t\t\t<\/div>\n\t\t\t\t<\/div>\n\t\t\t\t\t<\/div>\n\t\t\t\t<\/div>\n\t\t<div class=\"elementor-element elementor-element-f4b9f58 e-flex e-con-boxed e-con e-parent\" data-id=\"f4b9f58\" data-element_type=\"container\" data-settings=\"{&quot;background_background&quot;:&quot;classic&quot;}\">\n\t\t\t\t\t<div class=\"e-con-inner\">\n\t\t<div class=\"elementor-element elementor-element-205ed8a e-con-full e-flex e-con e-child\" data-id=\"205ed8a\" data-element_type=\"container\">\n\t\t<div class=\"elementor-element elementor-element-ede4887 e-con-full e-flex e-con e-child\" data-id=\"ede4887\" data-element_type=\"container\" data-settings=\"{&quot;background_background&quot;:&quot;classic&quot;}\">\n\t\t\t\t<div class=\"elementor-element elementor-element-886afe8 elementor-widget elementor-widget-image\" data-id=\"886afe8\" data-element_type=\"widget\" data-settings=\"{&quot;ekit_we_effect_on&quot;:&quot;none&quot;}\" data-widget_type=\"image.default\">\n\t\t\t\t<div class=\"elementor-widget-container\">\n\t\t\t\t\t\t\t\t\t\t\t\t\t<img decoding=\"async\" width=\"1000\" height=\"1000\" src=\"https:\/\/www.xperiencehr.com\/wp-content\/uploads\/2024\/06\/pracovne_volno_xperiencehr.webp\" class=\"attachment-large size-large wp-image-228\" alt=\"\" srcset=\"https:\/\/www.xperiencehr.com\/wp-content\/uploads\/2024\/06\/pracovne_volno_xperiencehr.webp 1000w, https:\/\/www.xperiencehr.com\/wp-content\/uploads\/2024\/06\/pracovne_volno_xperiencehr-300x300.webp 300w, https:\/\/www.xperiencehr.com\/wp-content\/uploads\/2024\/06\/pracovne_volno_xperiencehr-150x150.webp 150w, https:\/\/www.xperiencehr.com\/wp-content\/uploads\/2024\/06\/pracovne_volno_xperiencehr-768x768.webp 768w, https:\/\/www.xperiencehr.com\/wp-content\/uploads\/2024\/06\/pracovne_volno_xperiencehr-710x710.webp 710w\" sizes=\"(max-width: 1000px) 100vw, 1000px\" \/>\t\t\t\t\t\t\t\t\t\t\t\t\t<\/div>\n\t\t\t\t<\/div>\n\t\t\t\t<\/div>\n\t\t<div class=\"elementor-element elementor-element-d9c75b7 e-con-full e-flex e-con e-child\" data-id=\"d9c75b7\" data-element_type=\"container\">\n\t\t\t\t<div class=\"elementor-element elementor-element-f0f5354 elementor-widget elementor-widget-elementskit-heading\" data-id=\"f0f5354\" data-element_type=\"widget\" data-settings=\"{&quot;ekit_we_effect_on&quot;:&quot;none&quot;}\" data-widget_type=\"elementskit-heading.default\">\n\t\t\t\t<div class=\"elementor-widget-container\">\n\t\t\t<div class=\"ekit-wid-con\" ><div class=\"ekit-heading elementskit-section-title-wraper text_left   ekit_heading_tablet-   ekit_heading_mobile-\"><a href=\"https:\/\/www.xperiencehr.com\/pricing\"><h2 class=\"ekit-heading--title elementskit-section-title \"><span><span>Platen\u00e9 pracovn\u00e9 vo\u013eno<\/span><\/span><\/h2><\/a>\t\t\t\t<div class='ekit-heading__description'>\n\t\t\t\t\t<p>XperienceHR zah\u0155\u0148a funkciu riadenia platen\u00e9ho pracovn\u00e9ho vo\u013ena (PTO), ktor\u00e1 je plne integrovan\u00e1 so sledovan\u00edm \u010dasu zamestnancov. Ich vykazovanie v jednej spr\u00e1ve poskytne lep\u0161\u00ed obraz o mesa\u010dnom v\u00fdkone zamestnanca. Tento intuit\u00edvny samoobslu\u017en\u00fd n\u00e1stroj pre zamestnancov zni\u017euje n\u00e1klady na pracovn\u00fa silu potrebn\u00fa pri spracovan\u00ed mzdovej agendy.<\/p>\n\t\t\t\t<\/div>\n\t\t\t<\/div><\/div>\t\t<\/div>\n\t\t\t\t<\/div>\n\t\t\t\t<\/div>\n\t\t\t\t<\/div>\n\t\t\t\t\t<\/div>\n\t\t\t\t<\/div>\n\t\t<div class=\"elementor-element elementor-element-7084659 e-flex e-con-boxed e-con e-parent\" data-id=\"7084659\" data-element_type=\"container\" data-settings=\"{&quot;background_background&quot;:&quot;classic&quot;}\">\n\t\t\t\t\t<div class=\"e-con-inner\">\n\t\t<div class=\"elementor-element elementor-element-bba8930 e-con-full e-flex e-con e-child\" data-id=\"bba8930\" data-element_type=\"container\">\n\t\t<div class=\"elementor-element elementor-element-9217ecb e-con-full e-flex e-con e-child\" data-id=\"9217ecb\" data-element_type=\"container\">\n\t\t\t\t<div class=\"elementor-element elementor-element-6dafcc8 elementor-widget elementor-widget-elementskit-heading\" data-id=\"6dafcc8\" data-element_type=\"widget\" data-settings=\"{&quot;ekit_we_effect_on&quot;:&quot;none&quot;}\" data-widget_type=\"elementskit-heading.default\">\n\t\t\t\t<div class=\"elementor-widget-container\">\n\t\t\t<div class=\"ekit-wid-con\" ><div class=\"ekit-heading elementskit-section-title-wraper text_left   ekit_heading_tablet-   ekit_heading_mobile-\"><a href=\"https:\/\/www.xperiencehr.com\/pricing\"><h2 class=\"ekit-heading--title elementskit-section-title \"><span><span>Spracovanie<\/span><\/span> a <span><span>schv\u00e1lenie vo\u013ena<\/span><\/span><\/h2><\/a>\t\t\t\t<div class='ekit-heading__description'>\n\t\t\t\t\t<p>Ka\u017ed\u00e1 \u017eiados\u0165 o platen\u00e9 pracovn\u00e9 vo\u013eno sa zaznamen\u00e1 s \u010dasovou zn\u00e1mkou a ka\u017ed\u00e9 schv\u00e1lenie, zru\u0161enie alebo pozmenenie sa zaznamen\u00e1vaj\u00fa s menom osoby. S ka\u017edou \u017eiados\u0165ou syst\u00e9m posiela e-mail s ozn\u00e1men\u00edm pre mana\u017e\u00e9ra, ktor\u00fd \u017eiados\u0165 schv\u00e1li alebo zamietne.<\/p>\n\t\t\t\t<\/div>\n\t\t\t<\/div><\/div>\t\t<\/div>\n\t\t\t\t<\/div>\n\t\t\t\t<\/div>\n\t\t<div class=\"elementor-element elementor-element-4211817 e-con-full e-flex e-con e-child\" data-id=\"4211817\" data-element_type=\"container\" data-settings=\"{&quot;background_background&quot;:&quot;classic&quot;}\">\n\t\t\t\t<div class=\"elementor-element elementor-element-19d5dc6 elementor-widget elementor-widget-image\" data-id=\"19d5dc6\" data-element_type=\"widget\" data-settings=\"{&quot;ekit_we_effect_on&quot;:&quot;none&quot;}\" data-widget_type=\"image.default\">\n\t\t\t\t<div class=\"elementor-widget-container\">\n\t\t\t\t\t\t\t\t\t\t\t\t\t<img decoding=\"async\" width=\"1000\" height=\"1000\" src=\"https:\/\/www.xperiencehr.com\/wp-content\/uploads\/2024\/06\/checklist_xperiencehr.webp\" class=\"attachment-large size-large wp-image-671\" alt=\"\" srcset=\"https:\/\/www.xperiencehr.com\/wp-content\/uploads\/2024\/06\/checklist_xperiencehr.webp 1000w, https:\/\/www.xperiencehr.com\/wp-content\/uploads\/2024\/06\/checklist_xperiencehr-300x300.webp 300w, https:\/\/www.xperiencehr.com\/wp-content\/uploads\/2024\/06\/checklist_xperiencehr-150x150.webp 150w, https:\/\/www.xperiencehr.com\/wp-content\/uploads\/2024\/06\/checklist_xperiencehr-768x768.webp 768w, https:\/\/www.xperiencehr.com\/wp-content\/uploads\/2024\/06\/checklist_xperiencehr-710x710.webp 710w\" sizes=\"(max-width: 1000px) 100vw, 1000px\" \/>\t\t\t\t\t\t\t\t\t\t\t\t\t<\/div>\n\t\t\t\t<\/div>\n\t\t\t\t<\/div>\n\t\t\t\t<\/div>\n\t\t\t\t\t<\/div>\n\t\t\t\t<\/div>\n\t\t<div class=\"elementor-element elementor-element-0946cdc e-flex e-con-boxed e-con e-parent\" data-id=\"0946cdc\" data-element_type=\"container\" data-settings=\"{&quot;background_background&quot;:&quot;classic&quot;}\">\n\t\t\t\t\t<div class=\"e-con-inner\">\n\t\t<div class=\"elementor-element elementor-element-562dfe0 e-con-full e-flex e-con e-child\" data-id=\"562dfe0\" data-element_type=\"container\">\n\t\t<div class=\"elementor-element elementor-element-4fda8a2 e-con-full e-flex e-con e-child\" data-id=\"4fda8a2\" data-element_type=\"container\" data-settings=\"{&quot;background_background&quot;:&quot;classic&quot;}\">\n\t\t\t\t<div class=\"elementor-element elementor-element-9a2d790 elementor-widget elementor-widget-image\" data-id=\"9a2d790\" data-element_type=\"widget\" data-settings=\"{&quot;ekit_we_effect_on&quot;:&quot;none&quot;}\" data-widget_type=\"image.default\">\n\t\t\t\t<div class=\"elementor-widget-container\">\n\t\t\t\t\t\t\t\t\t\t\t\t\t<img loading=\"lazy\" decoding=\"async\" width=\"1024\" height=\"1024\" src=\"https:\/\/www.xperiencehr.com\/wp-content\/uploads\/2024\/06\/time_off_xperiencehr-1024x1024.gif\" class=\"attachment-large size-large wp-image-695\" alt=\"\" srcset=\"https:\/\/www.xperiencehr.com\/wp-content\/uploads\/2024\/06\/time_off_xperiencehr-1024x1024.gif 1024w, https:\/\/www.xperiencehr.com\/wp-content\/uploads\/2024\/06\/time_off_xperiencehr-300x300.gif 300w, https:\/\/www.xperiencehr.com\/wp-content\/uploads\/2024\/06\/time_off_xperiencehr-150x150.gif 150w, https:\/\/www.xperiencehr.com\/wp-content\/uploads\/2024\/06\/time_off_xperiencehr-768x768.gif 768w, https:\/\/www.xperiencehr.com\/wp-content\/uploads\/2024\/06\/time_off_xperiencehr-710x710.gif 710w\" sizes=\"(max-width: 1024px) 100vw, 1024px\" \/>\t\t\t\t\t\t\t\t\t\t\t\t\t<\/div>\n\t\t\t\t<\/div>\n\t\t\t\t<\/div>\n\t\t<div class=\"elementor-element elementor-element-087e9fb e-con-full e-flex e-con e-child\" data-id=\"087e9fb\" data-element_type=\"container\">\n\t\t\t\t<div class=\"elementor-element elementor-element-8a8f1e3 elementor-widget elementor-widget-elementskit-heading\" data-id=\"8a8f1e3\" data-element_type=\"widget\" data-settings=\"{&quot;ekit_we_effect_on&quot;:&quot;none&quot;}\" data-widget_type=\"elementskit-heading.default\">\n\t\t\t\t<div class=\"elementor-widget-container\">\n\t\t\t<div class=\"ekit-wid-con\" ><div class=\"ekit-heading elementskit-section-title-wraper text_left   ekit_heading_tablet-   ekit_heading_mobile-\"><a href=\"https:\/\/www.xperiencehr.com\/pricing\"><h2 class=\"ekit-heading--title elementskit-section-title \"><span><span>N\u00e1rok<\/span><\/span>, <span><span>\u010derpanie<\/span><\/span> a <span><span>prenos<\/span><\/span> platen\u00e9ho vo\u013ena<\/h2><\/a>\t\t\t\t<div class='ekit-heading__description'>\n\t\t\t\t\t<p>M\u00f4\u017eete si m\u00f4\u017ee nastavi\u0165 vlastn\u00fd typ potvrdzovania, priradi\u0165 celofiremn\u00e9 alebo individu\u00e1lne \u010derpanie a v pr\u00edpade potreby aj v\u00fdnimky. Zamestnanci maj\u00fa aktu\u00e1lne inform\u00e1cie o stave \u010derpania vo\u013ena z banky platen\u00e9ho pracovn\u00e9ho vo\u013ena. XperienceHR podporuje prenos dovolenky s mo\u017enos\u0165ou zrkadlenia z\u00e1sad prenosu do softv\u00e9ru tak, aby boli zahrnut\u00e9 limity prenosu a limity dovolenky. Zadefinujte ro\u010dn\u00e9 n\u00e1roky na z\u00e1klade seniority zamestnanca.<\/p>\n\t\t\t\t<\/div>\n\t\t\t<\/div><\/div>\t\t<\/div>\n\t\t\t\t<\/div>\n\t\t\t\t<\/div>\n\t\t\t\t<\/div>\n\t\t\t\t\t<\/div>\n\t\t\t\t<\/div>\n\t\t<div class=\"elementor-element elementor-element-56e5b77 e-flex e-con-boxed e-con e-parent\" data-id=\"56e5b77\" data-element_type=\"container\" data-settings=\"{&quot;background_background&quot;:&quot;classic&quot;}\">\n\t\t\t\t\t<div class=\"e-con-inner\">\n\t\t<div class=\"elementor-element elementor-element-ff32deb e-con-full e-flex e-con e-child\" data-id=\"ff32deb\" data-element_type=\"container\">\n\t\t\t\t<div class=\"elementor-element elementor-element-4c2285c animated-fast elementor-widget__width-initial elementor-invisible elementor-widget elementor-widget-elementskit-heading\" data-id=\"4c2285c\" data-element_type=\"widget\" data-settings=\"{&quot;_animation&quot;:&quot;fadeIn&quot;,&quot;_animation_delay&quot;:100,&quot;ekit_we_effect_on&quot;:&quot;none&quot;}\" data-widget_type=\"elementskit-heading.default\">\n\t\t\t\t<div class=\"elementor-widget-container\">\n\t\t\t<div class=\"ekit-wid-con\" ><div class=\"ekit-heading elementskit-section-title-wraper text_center   ekit_heading_tablet-   ekit_heading_mobile-\"><h2 class=\"ekit-heading--title elementskit-section-title \"><span><span>Ste pripraven\u00ed vysk\u00fa\u0161a\u0165 XperienceHR? Za\u010dnite u\u017e dnes!<\/span><\/span><\/h2><\/div><\/div>\t\t<\/div>\n\t\t\t\t<\/div>\n\t\t\t\t<\/div>\n\t\t<div class=\"elementor-element elementor-element-602fc7a e-flex e-con-boxed e-con e-child\" data-id=\"602fc7a\" data-element_type=\"container\">\n\t\t\t\t\t<div class=\"e-con-inner\">\n\t\t\t\t<div class=\"elementor-element elementor-element-c4080dd elementor-widget elementor-widget-elementskit-button\" data-id=\"c4080dd\" data-element_type=\"widget\" data-settings=\"{&quot;ekit_we_effect_on&quot;:&quot;none&quot;}\" data-widget_type=\"elementskit-button.default\">\n\t\t\t\t<div class=\"elementor-widget-container\">\n\t\t\t<div class=\"ekit-wid-con\" >\t\t<div class=\"ekit-btn-wraper\">\n\t\t\t\t\t\t\t<a href=\"https:\/\/www.xperiencehr.com\/sk\/registracia\" class=\"elementskit-btn  whitespace--normal\" id=\"\">\n\t\t\t\t\tREGISTROVA\u0164 SA\t\t\t\t<\/a>\n\t\t\t\t\t<\/div>\n        <\/div>\t\t<\/div>\n\t\t\t\t<\/div>\n\t\t\t\t\t<\/div>\n\t\t\t\t<\/div>\n\t\t\t\t<div class=\"elementor-element elementor-element-b1e2902 elementor-absolute animated-fast elementor-hidden-tablet elementor-hidden-mobile elementor-invisible elementor-widget elementor-widget-image\" data-id=\"b1e2902\" data-element_type=\"widget\" data-settings=\"{&quot;_position&quot;:&quot;absolute&quot;,&quot;ekit_we_effect_on&quot;:&quot;onscroll&quot;,&quot;ekit_we_scroll_animation_value&quot;:100,&quot;ekit_we_scroll_smoothness&quot;:0,&quot;_animation&quot;:&quot;fadeIn&quot;,&quot;_animation_delay&quot;:200,&quot;ekit_we_on_test_mode&quot;:&quot;on&quot;,&quot;ekit_we_scroll_animation&quot;:&quot;translateY&quot;,&quot;ekit_we_scroll_offsettop&quot;:0,&quot;ekit_we_scroll_offsetbottom&quot;:0}\" data-widget_type=\"image.default\">\n\t\t\t\t<div class=\"elementor-widget-container\">\n\t\t\t\t\t\t\t\t\t\t\t\t\t<img loading=\"lazy\" decoding=\"async\" width=\"374\" height=\"374\" src=\"https:\/\/www.xperiencehr.com\/wp-content\/uploads\/2024\/06\/dots-shape.svg\" class=\"attachment-large size-large wp-image-99\" alt=\"\" \/>\t\t\t\t\t\t\t\t\t\t\t\t\t<\/div>\n\t\t\t\t<\/div>\n\t\t\t\t\t<\/div>\n\t\t\t\t<\/div>\n\t\t<div class=\"elementor-element elementor-element-7579a6c e-flex e-con-boxed e-con e-parent\" data-id=\"7579a6c\" data-element_type=\"container\" data-settings=\"{&quot;background_background&quot;:&quot;classic&quot;}\">\n\t\t\t\t\t<div class=\"e-con-inner\">\n\t\t<div class=\"elementor-element elementor-element-f8306af e-con-full e-flex e-con e-child\" data-id=\"f8306af\" data-element_type=\"container\">\n\t\t<div class=\"elementor-element elementor-element-7433adf e-con-full e-flex e-con e-child\" data-id=\"7433adf\" data-element_type=\"container\">\n\t\t\t\t<div class=\"elementor-element elementor-element-35f4897 elementor-widget elementor-widget-elementskit-heading\" data-id=\"35f4897\" data-element_type=\"widget\" data-settings=\"{&quot;ekit_we_effect_on&quot;:&quot;none&quot;}\" data-widget_type=\"elementskit-heading.default\">\n\t\t\t\t<div class=\"elementor-widget-container\">\n\t\t\t<div class=\"ekit-wid-con\" ><div class=\"ekit-heading elementskit-section-title-wraper text_left   ekit_heading_tablet-   ekit_heading_mobile-\"><a href=\"https:\/\/www.xperiencehr.com\/pricing\"><h2 class=\"ekit-heading--title elementskit-section-title \">Svetov\u00e9 \u0161t\u00e1tne <span><span>sviatky<\/span><\/span><\/h2><\/a>\t\t\t\t<div class='ekit-heading__description'>\n\t\t\t\t\t<p>V softv\u00e9r XperienceHR vedie aktu\u00e1lny kalend\u00e1r slovensk\u00fdch \u0161t\u00e1tnych sviatkov. Ak sa \u017eiados\u0165 o pracovn\u00e9 vo\u013eno prekr\u00fdva so \u0161t\u00e1tnym sviatkom, XperienceHR automaticky vypo\u010d\u00edta po\u010det pracovn\u00fdch dn\u00ed. Funkcia riadenia pracovn\u00e9ho vo\u013ena bola vytvoren\u00e1 s podporou pre \u0161t\u00e1tne sviatky viacer\u00fdch kraj\u00edn v r\u00e1mci jedn\u00e9ho firemn\u00e9ho konta, tak\u017ee XperienceHR je v\u00fdborn\u00fd n\u00e1stroj pre podniky so zmie\u0161an\u00fdmi glob\u00e1lnymi t\u00edmami alebo oddeleniami.<\/p>\n\t\t\t\t<\/div>\n\t\t\t<\/div><\/div>\t\t<\/div>\n\t\t\t\t<\/div>\n\t\t\t\t<\/div>\n\t\t<div class=\"elementor-element elementor-element-8248218 e-con-full e-flex e-con e-child\" data-id=\"8248218\" data-element_type=\"container\" data-settings=\"{&quot;background_background&quot;:&quot;classic&quot;}\">\n\t\t\t\t<div class=\"elementor-element elementor-element-a9afd83 elementor-widget elementor-widget-image\" data-id=\"a9afd83\" data-element_type=\"widget\" data-settings=\"{&quot;ekit_we_effect_on&quot;:&quot;none&quot;}\" data-widget_type=\"image.default\">\n\t\t\t\t<div class=\"elementor-widget-container\">\n\t\t\t\t\t\t\t\t\t\t\t\t\t<img loading=\"lazy\" decoding=\"async\" width=\"1000\" height=\"1000\" src=\"https:\/\/www.xperiencehr.com\/wp-content\/uploads\/2024\/06\/world_map_xperiencehr.webp\" class=\"attachment-large size-large wp-image-656\" alt=\"\" srcset=\"https:\/\/www.xperiencehr.com\/wp-content\/uploads\/2024\/06\/world_map_xperiencehr.webp 1000w, https:\/\/www.xperiencehr.com\/wp-content\/uploads\/2024\/06\/world_map_xperiencehr-300x300.webp 300w, https:\/\/www.xperiencehr.com\/wp-content\/uploads\/2024\/06\/world_map_xperiencehr-150x150.webp 150w, https:\/\/www.xperiencehr.com\/wp-content\/uploads\/2024\/06\/world_map_xperiencehr-768x768.webp 768w, https:\/\/www.xperiencehr.com\/wp-content\/uploads\/2024\/06\/world_map_xperiencehr-710x710.webp 710w\" sizes=\"(max-width: 1000px) 100vw, 1000px\" \/>\t\t\t\t\t\t\t\t\t\t\t\t\t<\/div>\n\t\t\t\t<\/div>\n\t\t\t\t<\/div>\n\t\t\t\t<\/div>\n\t\t\t\t\t<\/div>\n\t\t\t\t<\/div>\n\t\t<div class=\"elementor-element elementor-element-b057937 e-flex e-con-boxed e-con e-parent\" data-id=\"b057937\" data-element_type=\"container\" data-settings=\"{&quot;background_background&quot;:&quot;classic&quot;}\">\n\t\t\t\t\t<div class=\"e-con-inner\">\n\t\t<div class=\"elementor-element elementor-element-7732c6c e-con-full e-flex e-con e-child\" data-id=\"7732c6c\" data-element_type=\"container\">\n\t\t<div class=\"elementor-element elementor-element-e8cef85 e-con-full e-flex e-con e-child\" data-id=\"e8cef85\" data-element_type=\"container\" data-settings=\"{&quot;background_background&quot;:&quot;classic&quot;}\">\n\t\t\t\t<div class=\"elementor-element elementor-element-720fe9d elementor-widget elementor-widget-image\" data-id=\"720fe9d\" data-element_type=\"widget\" data-settings=\"{&quot;ekit_we_effect_on&quot;:&quot;none&quot;}\" data-widget_type=\"image.default\">\n\t\t\t\t<div class=\"elementor-widget-container\">\n\t\t\t\t\t\t\t\t\t\t\t\t\t<img loading=\"lazy\" decoding=\"async\" width=\"1024\" height=\"1024\" src=\"https:\/\/www.xperiencehr.com\/wp-content\/uploads\/2024\/06\/Time_Off_Calendar_Mockup_xperiencehr-1024x1024.webp\" class=\"attachment-large size-large wp-image-694\" alt=\"\" srcset=\"https:\/\/www.xperiencehr.com\/wp-content\/uploads\/2024\/06\/Time_Off_Calendar_Mockup_xperiencehr-1024x1024.webp 1024w, https:\/\/www.xperiencehr.com\/wp-content\/uploads\/2024\/06\/Time_Off_Calendar_Mockup_xperiencehr-300x300.webp 300w, https:\/\/www.xperiencehr.com\/wp-content\/uploads\/2024\/06\/Time_Off_Calendar_Mockup_xperiencehr-150x150.webp 150w, https:\/\/www.xperiencehr.com\/wp-content\/uploads\/2024\/06\/Time_Off_Calendar_Mockup_xperiencehr-768x768.webp 768w, https:\/\/www.xperiencehr.com\/wp-content\/uploads\/2024\/06\/Time_Off_Calendar_Mockup_xperiencehr-710x710.webp 710w, https:\/\/www.xperiencehr.com\/wp-content\/uploads\/2024\/06\/Time_Off_Calendar_Mockup_xperiencehr.webp 1080w\" sizes=\"(max-width: 1024px) 100vw, 1024px\" \/>\t\t\t\t\t\t\t\t\t\t\t\t\t<\/div>\n\t\t\t\t<\/div>\n\t\t\t\t<\/div>\n\t\t<div class=\"elementor-element elementor-element-0b9e092 e-con-full e-flex e-con e-child\" data-id=\"0b9e092\" data-element_type=\"container\">\n\t\t\t\t<div class=\"elementor-element elementor-element-30941c9 elementor-widget elementor-widget-elementskit-heading\" data-id=\"30941c9\" data-element_type=\"widget\" data-settings=\"{&quot;ekit_we_effect_on&quot;:&quot;none&quot;}\" data-widget_type=\"elementskit-heading.default\">\n\t\t\t\t<div class=\"elementor-widget-container\">\n\t\t\t<div class=\"ekit-wid-con\" ><div class=\"ekit-heading elementskit-section-title-wraper text_left   ekit_heading_tablet-   ekit_heading_mobile-\"><a href=\"https:\/\/www.xperiencehr.com\/pricing\"><h2 class=\"ekit-heading--title elementskit-section-title \"><span><span>Reporty pracovn\u00e9ho vo\u013ena<\/span><\/span> a <span><span>mzdov\u00e9 reporty<\/span><\/span><\/h2><\/a>\t\t\t\t<div class='ekit-heading__description'>\n\t\t\t\t\t<p>Najv\u00e4\u010d\u0161\u00ed pr\u00ednos z pou\u017e\u00edvania funkcie riadenia pracovn\u00e9ho vo\u013ena m\u00e1 mzdov\u00e1 u\u010dt\u00e1re\u0148. Mo\u017enos\u0165 pracova\u0165 s t\u00fdmto transparentn\u00fdm online n\u00e1strojom dok\u00e1\u017ee u\u0161etri\u0165 mno\u017estvo hod\u00edn. Zabezpe\u010dovanie zamestnaneck\u00e9ho servisu a odpovedanie na ot\u00e1zky t\u00fdkaj\u00face sa pracovn\u00e9ho vo\u013ena u\u017e nie je \u010dasovo n\u00e1ro\u010dn\u00fd proces. Pou\u017e\u00edvatelia v roli personalistu maj\u00fa pr\u00edstup k mzdov\u00fdm v\u00fdkazom, spr\u00e1vam o absenci\u00e1ch a \u010derpan\u00ed absenci\u00ed v programe Excel. Tri ve\u013emi u\u017eito\u010dn\u00e9 n\u00e1stroje XperienceHR v ruk\u00e1ch personalistu s\u00fa ro\u010dn\u00fd preh\u013ead zamestnanca, preh\u013ead \u010derpania pracovn\u00e9ho vo\u013ena a firemn\u00fd kalend\u00e1r. Mzdov\u00e1 agenda m\u00f4\u017ee by\u0165 rados\u0165!<\/p>\n\t\t\t\t<\/div>\n\t\t\t<\/div><\/div>\t\t<\/div>\n\t\t\t\t<\/div>\n\t\t\t\t<\/div>\n\t\t\t\t<\/div>\n\t\t\t\t\t<\/div>\n\t\t\t\t<\/div>\n\t\t<div class=\"elementor-element elementor-element-112fc88 e-flex e-con-boxed e-con e-parent\" data-id=\"112fc88\" data-element_type=\"container\">\n\t\t\t\t\t<div class=\"e-con-inner\">\n\t\t\t\t<div class=\"elementor-element elementor-element-e40e7f2 elementor-widget elementor-widget-spacer\" data-id=\"e40e7f2\" data-element_type=\"widget\" data-settings=\"{&quot;ekit_we_effect_on&quot;:&quot;none&quot;}\" data-widget_type=\"spacer.default\">\n\t\t\t\t<div class=\"elementor-widget-container\">\n\t\t\t\t\t<div class=\"elementor-spacer\">\n\t\t\t<div class=\"elementor-spacer-inner\"><\/div>\n\t\t<\/div>\n\t\t\t\t<\/div>\n\t\t\t\t<\/div>\n\t\t\t\t\t<\/div>\n\t\t\t\t<\/div>\n\t\t\t\t<\/div>\n\t\t","protected":false},"excerpt":{"rendered":"<p>Platen\u00e9 pracovn\u00e9 vo\u013eno S XperienceHR sa m\u00f4\u017ete zbavi\u0165 viacer\u00fdch excelov, n\u00e1steniek a papierov\u00fdch priespustiek od lek\u00e1rov. Pre\u010d\u00edtajte s iviac o jednoduchom syst\u00e9me na pl\u00e1novanie, zaznamen\u00e1vanie a reportovanie platen\u00e9ho vo\u013ena. Platen\u00e9 pracovn\u00e9 vo\u013eno XperienceHR zah\u0155\u0148a funkciu riadenia platen\u00e9ho pracovn\u00e9ho vo\u013ena (PTO), ktor\u00e1 je plne integrovan\u00e1 so sledovan\u00edm \u010dasu zamestnancov. Ich vykazovanie v jednej spr\u00e1ve poskytne lep\u0161\u00ed [&hellip;]<\/p>\n","protected":false},"author":4,"featured_media":3286,"parent":0,"menu_order":0,"comment_status":"closed","ping_status":"closed","template":"","meta":{"footnotes":""},"class_list":["post-3355","page","type-page","status-publish","has-post-thumbnail","hentry"],"_links":{"self":[{"href":"https:\/\/www.xperiencehr.com\/sk\/wp-json\/wp\/v2\/pages\/3355","targetHints":{"allow":["GET"]}}],"collection":[{"href":"https:\/\/www.xperiencehr.com\/sk\/wp-json\/wp\/v2\/pages"}],"about":[{"href":"https:\/\/www.xperiencehr.com\/sk\/wp-json\/wp\/v2\/types\/page"}],"author":[{"embeddable":true,"href":"https:\/\/www.xperiencehr.com\/sk\/wp-json\/wp\/v2\/users\/4"}],"replies":[{"embeddable":true,"href":"https:\/\/www.xperiencehr.com\/sk\/wp-json\/wp\/v2\/comments?post=3355"}],"version-history":[{"count":4,"href":"https:\/\/www.xperiencehr.com\/sk\/wp-json\/wp\/v2\/pages\/3355\/revisions"}],"predecessor-version":[{"id":3468,"href":"https:\/\/www.xperiencehr.com\/sk\/wp-json\/wp\/v2\/pages\/3355\/revisions\/3468"}],"wp:featuredmedia":[{"embeddable":true,"href":"https:\/\/www.xperiencehr.com\/sk\/wp-json\/wp\/v2\/media\/3286"}],"wp:attachment":[{"href":"https:\/\/www.xperiencehr.com\/sk\/wp-json\/wp\/v2\/media?parent=3355"}],"curies":[{"name":"wp","href":"https:\/\/api.w.org\/{rel}","templated":true}]}}