{"id":3356,"date":"2024-06-22T06:13:42","date_gmt":"2024-06-22T06:13:42","guid":{"rendered":"https:\/\/wp.xperiencehr.com\/attendance\/"},"modified":"2024-08-14T18:25:14","modified_gmt":"2024-08-14T18:25:14","slug":"dochadzka","status":"publish","type":"page","link":"https:\/\/www.xperiencehr.com\/sk\/dochadzka\/","title":{"rendered":"Doch\u00e1dza"},"content":{"rendered":"\t\t<div data-elementor-type=\"wp-page\" data-elementor-id=\"3356\" class=\"elementor elementor-3356 elementor-737\">\n\t\t\t\t<div class=\"elementor-element elementor-element-203c62f e-flex e-con-boxed e-con e-parent\" data-id=\"203c62f\" data-element_type=\"container\" data-settings=\"{&quot;background_background&quot;:&quot;classic&quot;}\">\n\t\t\t\t\t<div class=\"e-con-inner\">\n\t\t<div class=\"elementor-element elementor-element-a35e211 e-con-full e-flex e-con e-child\" data-id=\"a35e211\" data-element_type=\"container\">\n\t\t<div class=\"elementor-element elementor-element-781b03f e-con-full e-flex e-con e-child\" data-id=\"781b03f\" data-element_type=\"container\">\n\t\t\t\t<div class=\"elementor-element elementor-element-b27d02d elementor-widget elementor-widget-elementskit-heading\" data-id=\"b27d02d\" data-element_type=\"widget\" data-settings=\"{&quot;ekit_we_effect_on&quot;:&quot;none&quot;}\" data-widget_type=\"elementskit-heading.default\">\n\t\t\t\t<div class=\"elementor-widget-container\">\n\t\t\t<div class=\"ekit-wid-con\" ><div class=\"ekit-heading elementskit-section-title-wraper text_left   ekit_heading_tablet-   ekit_heading_mobile-\"><h1 class=\"ekit-heading--title elementskit-section-title \"><span><span>Doch\u00e1dzka<\/span><\/span><\/h1>\t\t\t\t<div class='ekit-heading__description'>\n\t\t\t\t\t<p>Umo\u017enite zamestnancom sledova\u0165 doch\u00e1dzku pomocou zaznamen\u00e1vania pr\u00edchodov a odchodov na termin\u00e1loch, vo webovej aplik\u00e1cii, pomocou mobilnej aplik\u00e1cie, alebo kombin\u00e1ciou v\u0161etk\u00fdch mo\u017enost\u00ed.<\/p>\n\t\t\t\t<\/div>\n\t\t\t<\/div><\/div>\t\t<\/div>\n\t\t\t\t<\/div>\n\t\t\t\t<\/div>\n\t\t<div class=\"elementor-element elementor-element-9b7046a e-con-full e-flex e-con e-child\" data-id=\"9b7046a\" data-element_type=\"container\" data-settings=\"{&quot;background_background&quot;:&quot;classic&quot;}\">\n\t\t\t\t<div class=\"elementor-element elementor-element-a0fac31 elementor-widget elementor-widget-image\" data-id=\"a0fac31\" data-element_type=\"widget\" data-settings=\"{&quot;ekit_we_effect_on&quot;:&quot;none&quot;}\" data-widget_type=\"image.default\">\n\t\t\t\t<div class=\"elementor-widget-container\">\n\t\t\t\t\t\t\t\t\t\t\t\t\t<img fetchpriority=\"high\" decoding=\"async\" width=\"1000\" height=\"1000\" src=\"https:\/\/www.xperiencehr.com\/wp-content\/uploads\/2024\/06\/dochadzka_xperiencehr-1.webp\" class=\"attachment-large size-large wp-image-227\" alt=\"\" srcset=\"https:\/\/www.xperiencehr.com\/wp-content\/uploads\/2024\/06\/dochadzka_xperiencehr-1.webp 1000w, https:\/\/www.xperiencehr.com\/wp-content\/uploads\/2024\/06\/dochadzka_xperiencehr-1-300x300.webp 300w, https:\/\/www.xperiencehr.com\/wp-content\/uploads\/2024\/06\/dochadzka_xperiencehr-1-150x150.webp 150w, https:\/\/www.xperiencehr.com\/wp-content\/uploads\/2024\/06\/dochadzka_xperiencehr-1-768x768.webp 768w, https:\/\/www.xperiencehr.com\/wp-content\/uploads\/2024\/06\/dochadzka_xperiencehr-1-710x710.webp 710w\" sizes=\"(max-width: 1000px) 100vw, 1000px\" \/>\t\t\t\t\t\t\t\t\t\t\t\t\t<\/div>\n\t\t\t\t<\/div>\n\t\t\t\t<\/div>\n\t\t\t\t<\/div>\n\t\t\t\t\t<\/div>\n\t\t\t\t<\/div>\n\t\t<div class=\"elementor-element elementor-element-79b50d8 e-flex e-con-boxed e-con e-parent\" data-id=\"79b50d8\" data-element_type=\"container\">\n\t\t\t\t\t<div class=\"e-con-inner\">\n\t\t<div class=\"elementor-element elementor-element-5f00867 e-con-full e-grid e-con e-child\" data-id=\"5f00867\" data-element_type=\"container\">\n\t\t\t\t<div class=\"elementor-element elementor-element-a8374d1 ekit-equal-height-enable elementor-widget elementor-widget-elementskit-icon-box\" data-id=\"a8374d1\" data-element_type=\"widget\" data-settings=\"{&quot;ekit_we_effect_on&quot;:&quot;none&quot;}\" data-widget_type=\"elementskit-icon-box.default\">\n\t\t\t\t<div class=\"elementor-widget-container\">\n\t\t\t<div class=\"ekit-wid-con\" >        <!-- link opening -->\n                <!-- end link opening -->\n\n        <div class=\"elementskit-infobox text-center text- icon-top-align elementor-animation-   \">\n                    <div class=\"elementskit-box-header elementor-animation-\">\n                <div class=\"elementskit-info-box-icon  \">\n                    <i aria-hidden=\"true\" class=\"elementkit-infobox-icon fas fa-clock\"><\/i>\n                <\/div>\n          <\/div>\n                        <div class=\"box-body\">\n                            <h3 class=\"elementskit-info-box-title\">\n                    Zaznamen\u00e1vanie pr\u00edchodu \/ odchodu                <\/h3>\n                        \t\t  <p>Vyberte si medzi doch\u00e1dzkov\u00fdm termin\u00e1lom, mobilnou aplik\u00e1ciou, webovou aplik\u00e1ciou alebo nechajte rozhodova\u0165 svojich zamestnancov v\u00fdberom \u013eubovo\u013enej kombin\u00e1cie uveden\u00fdch met\u00f3d. A aj ke\u010f je sledovanie doch\u00e1dzky zamestnancov z poh\u013eadu zamestnancov skuto\u010dne jednoduch\u00e9, na \u00farovni mana\u017e\u00e9rov je to \u00faplne in\u00fd pr\u00edbeh. XperienceHR pon\u00faka funkcie s podrobn\u00fdmi preh\u013eadmi, ako hromadn\u00e9 schva\u013eovanie doch\u00e1dzky, podrobn\u00e9 zobrazenie a \u010fal\u0161ie.<\/p>\n                                <\/div>\n        \n        \n                <\/div>\n        <\/div>\t\t<\/div>\n\t\t\t\t<\/div>\n\t\t\t\t<div class=\"elementor-element elementor-element-10a1e5c ekit-equal-height-enable elementor-widget elementor-widget-elementskit-icon-box\" data-id=\"10a1e5c\" data-element_type=\"widget\" data-settings=\"{&quot;ekit_we_effect_on&quot;:&quot;none&quot;}\" data-widget_type=\"elementskit-icon-box.default\">\n\t\t\t\t<div class=\"elementor-widget-container\">\n\t\t\t<div class=\"ekit-wid-con\" >        <!-- link opening -->\n                <!-- end link opening -->\n\n        <div class=\"elementskit-infobox text-center text- icon-top-align elementor-animation-   \">\n                    <div class=\"elementskit-box-header elementor-animation-\">\n                <div class=\"elementskit-info-box-icon  \">\n                    <i aria-hidden=\"true\" class=\"elementkit-infobox-icon fas fa-user-clock\"><\/i>\n                <\/div>\n          <\/div>\n                        <div class=\"box-body\">\n                            <h3 class=\"elementskit-info-box-title\">\n                    Funkcia me\u0161kanie a nepr\u00edtomnos\u0165                <\/h3>\n                        \t\t  <p>Syst\u00e9m umo\u017e\u0148uje nastavi\u0165 pravidl\u00e1 pre neskor\u00e9 pr\u00edchody a napr\u00edtomn\u00fdch zamestnancov. Zmestnanci m\u00f4\u017eu by\u0165 upozornen\u00ed sms na povinnos\u0165 nast\u00fapi\u0165 do zmeny, mana\u017e\u00e9ri s\u00fa upozornen\u00ed emailom.<\/p>\n                                <\/div>\n        \n        \n                <\/div>\n        <\/div>\t\t<\/div>\n\t\t\t\t<\/div>\n\t\t\t\t<div class=\"elementor-element elementor-element-5abb6fc ekit-equal-height-enable elementor-widget elementor-widget-elementskit-icon-box\" data-id=\"5abb6fc\" data-element_type=\"widget\" data-settings=\"{&quot;ekit_we_effect_on&quot;:&quot;none&quot;}\" data-widget_type=\"elementskit-icon-box.default\">\n\t\t\t\t<div class=\"elementor-widget-container\">\n\t\t\t<div class=\"ekit-wid-con\" >        <!-- link opening -->\n                <!-- end link opening -->\n\n        <div class=\"elementskit-infobox text-center text- icon-top-align elementor-animation-   \">\n                    <div class=\"elementskit-box-header elementor-animation-\">\n                <div class=\"elementskit-info-box-icon  \">\n                    <i aria-hidden=\"true\" class=\"elementkit-infobox-icon icon icon-document\"><\/i>\n                <\/div>\n          <\/div>\n                        <div class=\"box-body\">\n                            <h3 class=\"elementskit-info-box-title\">\n                    Reporty doch\u00e1dzky                <\/h3>\n                        \t\t  <p>Syst\u00e9m generuje ka\u017ed\u00fd typ reportu, ktor\u00fd potrebujete na efekt\u00edvne spracovanie \u00fadajov o doch\u00e1dzke zamestnancov, napr\u00edklad Report Doch\u00e1dzky a preh\u013ead Absenci\u00ed.<\/p>\n                                <\/div>\n        \n        \n                <\/div>\n        <\/div>\t\t<\/div>\n\t\t\t\t<\/div>\n\t\t\t\t<\/div>\n\t\t\t\t\t<\/div>\n\t\t\t\t<\/div>\n\t\t<div class=\"elementor-element elementor-element-e013e96 e-flex e-con-boxed e-con e-parent\" data-id=\"e013e96\" data-element_type=\"container\" data-settings=\"{&quot;background_background&quot;:&quot;classic&quot;}\">\n\t\t\t\t\t<div class=\"e-con-inner\">\n\t\t<div class=\"elementor-element elementor-element-405d295 e-con-full e-flex e-con e-child\" data-id=\"405d295\" data-element_type=\"container\">\n\t\t\t\t<div class=\"elementor-element elementor-element-989dae7 animated-fast elementor-widget__width-initial elementor-invisible elementor-widget elementor-widget-elementskit-heading\" data-id=\"989dae7\" data-element_type=\"widget\" data-settings=\"{&quot;_animation&quot;:&quot;fadeIn&quot;,&quot;_animation_delay&quot;:100,&quot;ekit_we_effect_on&quot;:&quot;none&quot;}\" data-widget_type=\"elementskit-heading.default\">\n\t\t\t\t<div class=\"elementor-widget-container\">\n\t\t\t<div class=\"ekit-wid-con\" ><div class=\"ekit-heading elementskit-section-title-wraper text_center   ekit_heading_tablet-   ekit_heading_mobile-\"><h2 class=\"ekit-heading--title elementskit-section-title \"><span><span>Pripraven\u00ed vysk\u00fa\u0161a\u0165 XperienceHR vo Va\u0161ej spolo\u010dnosti ZADARMO?<\/span><\/span><\/h2><\/div><\/div>\t\t<\/div>\n\t\t\t\t<\/div>\n\t\t\t\t<\/div>\n\t\t<div class=\"elementor-element elementor-element-18d4858 e-flex e-con-boxed e-con e-child\" data-id=\"18d4858\" data-element_type=\"container\">\n\t\t\t\t\t<div class=\"e-con-inner\">\n\t\t\t\t<div class=\"elementor-element elementor-element-19909f3 elementor-widget elementor-widget-elementskit-button\" data-id=\"19909f3\" data-element_type=\"widget\" data-settings=\"{&quot;ekit_we_effect_on&quot;:&quot;none&quot;}\" data-widget_type=\"elementskit-button.default\">\n\t\t\t\t<div class=\"elementor-widget-container\">\n\t\t\t<div class=\"ekit-wid-con\" >\t\t<div class=\"ekit-btn-wraper\">\n\t\t\t\t\t\t\t<a href=\"https:\/\/www.xperiencehr.com\/sk\/registracia\" class=\"elementskit-btn  whitespace--normal\" id=\"\">\n\t\t\t\t\tREGISTRUJTE SA\t\t\t\t<\/a>\n\t\t\t\t\t<\/div>\n        <\/div>\t\t<\/div>\n\t\t\t\t<\/div>\n\t\t\t\t\t<\/div>\n\t\t\t\t<\/div>\n\t\t\t\t<div class=\"elementor-element elementor-element-0790160 elementor-absolute animated-fast elementor-hidden-tablet elementor-hidden-mobile elementor-invisible elementor-widget elementor-widget-image\" data-id=\"0790160\" data-element_type=\"widget\" data-settings=\"{&quot;_position&quot;:&quot;absolute&quot;,&quot;ekit_we_effect_on&quot;:&quot;onscroll&quot;,&quot;ekit_we_scroll_animation_value&quot;:100,&quot;ekit_we_scroll_smoothness&quot;:0,&quot;_animation&quot;:&quot;fadeIn&quot;,&quot;_animation_delay&quot;:200,&quot;ekit_we_on_test_mode&quot;:&quot;on&quot;,&quot;ekit_we_scroll_animation&quot;:&quot;translateY&quot;,&quot;ekit_we_scroll_offsettop&quot;:0,&quot;ekit_we_scroll_offsetbottom&quot;:0}\" data-widget_type=\"image.default\">\n\t\t\t\t<div class=\"elementor-widget-container\">\n\t\t\t\t\t\t\t\t\t\t\t\t\t<img decoding=\"async\" width=\"374\" height=\"374\" src=\"https:\/\/www.xperiencehr.com\/wp-content\/uploads\/2024\/06\/dots-shape.svg\" class=\"attachment-large size-large wp-image-99\" alt=\"\" \/>\t\t\t\t\t\t\t\t\t\t\t\t\t<\/div>\n\t\t\t\t<\/div>\n\t\t\t\t\t<\/div>\n\t\t\t\t<\/div>\n\t\t<div class=\"elementor-element elementor-element-fccecc2 e-flex e-con-boxed e-con e-parent\" data-id=\"fccecc2\" data-element_type=\"container\" data-settings=\"{&quot;background_background&quot;:&quot;classic&quot;}\">\n\t\t\t\t\t<div class=\"e-con-inner\">\n\t\t<div class=\"elementor-element elementor-element-1e255e1 e-con-full e-flex e-con e-child\" data-id=\"1e255e1\" data-element_type=\"container\">\n\t\t<div class=\"elementor-element elementor-element-5b892d7 e-con-full e-flex e-con e-child\" data-id=\"5b892d7\" data-element_type=\"container\" data-settings=\"{&quot;background_background&quot;:&quot;classic&quot;}\">\n\t\t\t\t<div class=\"elementor-element elementor-element-601cb84 elementor-widget elementor-widget-image\" data-id=\"601cb84\" data-element_type=\"widget\" data-settings=\"{&quot;ekit_we_effect_on&quot;:&quot;none&quot;}\" data-widget_type=\"image.default\">\n\t\t\t\t<div class=\"elementor-widget-container\">\n\t\t\t\t\t\t\t\t\t\t\t\t\t<img decoding=\"async\" width=\"1000\" height=\"1000\" src=\"https:\/\/www.xperiencehr.com\/wp-content\/uploads\/2024\/06\/dochadzka_pre_kazdeho_xperiencehr.webp\" class=\"attachment-large size-large wp-image-665\" alt=\"emplyee type xperiencehr\" srcset=\"https:\/\/www.xperiencehr.com\/wp-content\/uploads\/2024\/06\/dochadzka_pre_kazdeho_xperiencehr.webp 1000w, https:\/\/www.xperiencehr.com\/wp-content\/uploads\/2024\/06\/dochadzka_pre_kazdeho_xperiencehr-300x300.webp 300w, https:\/\/www.xperiencehr.com\/wp-content\/uploads\/2024\/06\/dochadzka_pre_kazdeho_xperiencehr-150x150.webp 150w, https:\/\/www.xperiencehr.com\/wp-content\/uploads\/2024\/06\/dochadzka_pre_kazdeho_xperiencehr-768x768.webp 768w, https:\/\/www.xperiencehr.com\/wp-content\/uploads\/2024\/06\/dochadzka_pre_kazdeho_xperiencehr-710x710.webp 710w\" sizes=\"(max-width: 1000px) 100vw, 1000px\" \/>\t\t\t\t\t\t\t\t\t\t\t\t\t<\/div>\n\t\t\t\t<\/div>\n\t\t\t\t<\/div>\n\t\t<div class=\"elementor-element elementor-element-4a2f02e e-con-full e-flex e-con e-child\" data-id=\"4a2f02e\" data-element_type=\"container\">\n\t\t\t\t<div class=\"elementor-element elementor-element-4d0544c elementor-widget elementor-widget-elementskit-heading\" data-id=\"4d0544c\" data-element_type=\"widget\" data-settings=\"{&quot;ekit_we_effect_on&quot;:&quot;none&quot;}\" data-widget_type=\"elementskit-heading.default\">\n\t\t\t\t<div class=\"elementor-widget-container\">\n\t\t\t<div class=\"ekit-wid-con\" ><div class=\"ekit-heading elementskit-section-title-wraper text_left   ekit_heading_tablet-   ekit_heading_mobile-\"><h2 class=\"ekit-heading--title elementskit-section-title \">Doch\u00e1dzka pre <span><span>ka\u017ed\u00e9ho<\/span><\/span><\/h2>\t\t\t\t<div class='ekit-heading__description'>\n\t\t\t\t\t<p>V ponuke je \u0161k\u00e1la mo\u017enost\u00ed, ktor\u00e1 umo\u017e\u0148uje sledova\u0165 \u010das ka\u017ed\u00e9ho zamestnanca a t\u00edmu. Je mo\u017en\u00e9 nastavi\u0165 sp\u00f4sob vykazovania \u010dasu tak, aby \u010do najlep\u0161ie vyhovovala syst\u00e9mu pr\u00e1ce vo va\u0161ej firme.<\/p>\n\t\t\t\t<\/div>\n\t\t\t<\/div><\/div>\t\t<\/div>\n\t\t\t\t<\/div>\n\t\t\t\t<div class=\"elementor-element elementor-element-4382668 elementor-widget elementor-widget-elementskit-button\" data-id=\"4382668\" data-element_type=\"widget\" data-settings=\"{&quot;ekit_we_effect_on&quot;:&quot;none&quot;}\" data-widget_type=\"elementskit-button.default\">\n\t\t\t\t<div class=\"elementor-widget-container\">\n\t\t\t<div class=\"ekit-wid-con\" >\t\t<div class=\"ekit-btn-wraper\">\n\t\t\t\t\t\t\t<a href=\"https:\/\/www.xperiencehr.com\/sk\/podla-typu-zamestnanca\/\" class=\"elementskit-btn  whitespace--normal\" id=\"\">\n\t\t\t\t\tDozvedie\u0165 sa viac\t\t\t\t<\/a>\n\t\t\t\t\t<\/div>\n        <\/div>\t\t<\/div>\n\t\t\t\t<\/div>\n\t\t\t\t<\/div>\n\t\t\t\t<\/div>\n\t\t\t\t\t<\/div>\n\t\t\t\t<\/div>\n\t\t<div class=\"elementor-element elementor-element-6ae94cd e-flex e-con-boxed e-con e-parent\" data-id=\"6ae94cd\" data-element_type=\"container\" data-settings=\"{&quot;background_background&quot;:&quot;classic&quot;}\">\n\t\t\t\t\t<div class=\"e-con-inner\">\n\t\t<div class=\"elementor-element elementor-element-2bd7da0 e-con-full e-flex e-con e-child\" data-id=\"2bd7da0\" data-element_type=\"container\">\n\t\t<div class=\"elementor-element elementor-element-7b6db47 e-con-full e-flex e-con e-child\" data-id=\"7b6db47\" data-element_type=\"container\">\n\t\t\t\t<div class=\"elementor-element elementor-element-200758e elementor-widget elementor-widget-elementskit-heading\" data-id=\"200758e\" data-element_type=\"widget\" data-settings=\"{&quot;ekit_we_effect_on&quot;:&quot;none&quot;}\" data-widget_type=\"elementskit-heading.default\">\n\t\t\t\t<div class=\"elementor-widget-container\">\n\t\t\t<div class=\"ekit-wid-con\" ><div class=\"ekit-heading elementskit-section-title-wraper text_left   ekit_heading_tablet-   ekit_heading_mobile-\"><h2 class=\"ekit-heading--title elementskit-section-title \">Doch\u00e1dzka pre <span><span>v\u00fdrobu<\/span><\/span> a <span><span>logistiku<\/span><\/span><\/h2>\t\t\t\t<div class='ekit-heading__description'>\n\t\t\t\t\t<p>Doch\u00e1dzka pre zamestnancov v\u00fdroby a logistiky predstavuje ur\u010dit\u00e9 nuansy. XperienceHR v\u00e1m poskytuje okam\u017eit\u00fd preh\u013ead o po\u010dte zamestnancov v z\u00e1vode, sklade a na ka\u017edej v\u00fdrobnej linke vr\u00e1tane inform\u00e1ci\u00ed o zru\u010dnostiach a certifik\u00e1toch.<\/p>\n\t\t\t\t<\/div>\n\t\t\t<\/div><\/div>\t\t<\/div>\n\t\t\t\t<\/div>\n\t\t\t\t<div class=\"elementor-element elementor-element-26337cf elementor-widget elementor-widget-elementskit-button\" data-id=\"26337cf\" data-element_type=\"widget\" data-settings=\"{&quot;ekit_we_effect_on&quot;:&quot;none&quot;}\" data-widget_type=\"elementskit-button.default\">\n\t\t\t\t<div class=\"elementor-widget-container\">\n\t\t\t<div class=\"ekit-wid-con\" >\t\t<div class=\"ekit-btn-wraper\">\n\t\t\t\t\t\t\t<a href=\"https:\/\/www.xperiencehr.com\/sk\/dochadzka-pre-vyrobu\/\" class=\"elementskit-btn  whitespace--normal\" id=\"\">\n\t\t\t\t\tZisti\u0165 viac\t\t\t\t<\/a>\n\t\t\t\t\t<\/div>\n        <\/div>\t\t<\/div>\n\t\t\t\t<\/div>\n\t\t\t\t<\/div>\n\t\t<div class=\"elementor-element elementor-element-c61ea98 e-con-full e-flex e-con e-child\" data-id=\"c61ea98\" data-element_type=\"container\" data-settings=\"{&quot;background_background&quot;:&quot;classic&quot;}\">\n\t\t\t\t<div class=\"elementor-element elementor-element-cd9b945 elementor-widget elementor-widget-image\" data-id=\"cd9b945\" data-element_type=\"widget\" data-settings=\"{&quot;ekit_we_effect_on&quot;:&quot;none&quot;}\" data-widget_type=\"image.default\">\n\t\t\t\t<div class=\"elementor-widget-container\">\n\t\t\t\t\t\t\t\t\t\t\t\t\t<img loading=\"lazy\" decoding=\"async\" width=\"1000\" height=\"1000\" src=\"https:\/\/www.xperiencehr.com\/wp-content\/uploads\/2024\/06\/manufacturing_xperiencehr.webp\" class=\"attachment-large size-large wp-image-676\" alt=\"manufacturing xperiencehr\" srcset=\"https:\/\/www.xperiencehr.com\/wp-content\/uploads\/2024\/06\/manufacturing_xperiencehr.webp 1000w, https:\/\/www.xperiencehr.com\/wp-content\/uploads\/2024\/06\/manufacturing_xperiencehr-300x300.webp 300w, https:\/\/www.xperiencehr.com\/wp-content\/uploads\/2024\/06\/manufacturing_xperiencehr-150x150.webp 150w, https:\/\/www.xperiencehr.com\/wp-content\/uploads\/2024\/06\/manufacturing_xperiencehr-768x768.webp 768w, https:\/\/www.xperiencehr.com\/wp-content\/uploads\/2024\/06\/manufacturing_xperiencehr-710x710.webp 710w\" sizes=\"(max-width: 1000px) 100vw, 1000px\" \/>\t\t\t\t\t\t\t\t\t\t\t\t\t<\/div>\n\t\t\t\t<\/div>\n\t\t\t\t<\/div>\n\t\t\t\t<\/div>\n\t\t\t\t\t<\/div>\n\t\t\t\t<\/div>\n\t\t<div class=\"elementor-element elementor-element-fda6e1e e-flex e-con-boxed e-con e-parent\" data-id=\"fda6e1e\" data-element_type=\"container\" data-settings=\"{&quot;background_background&quot;:&quot;classic&quot;}\">\n\t\t\t\t\t<div class=\"e-con-inner\">\n\t\t<div class=\"elementor-element elementor-element-6b12b8a e-con-full e-flex e-con e-child\" data-id=\"6b12b8a\" data-element_type=\"container\">\n\t\t<div class=\"elementor-element elementor-element-d6d5728 e-con-full e-flex e-con e-child\" data-id=\"d6d5728\" data-element_type=\"container\" data-settings=\"{&quot;background_background&quot;:&quot;classic&quot;}\">\n\t\t\t\t<div class=\"elementor-element elementor-element-cf05dce elementor-widget elementor-widget-image\" data-id=\"cf05dce\" data-element_type=\"widget\" data-settings=\"{&quot;ekit_we_effect_on&quot;:&quot;none&quot;}\" data-widget_type=\"image.default\">\n\t\t\t\t<div class=\"elementor-widget-container\">\n\t\t\t\t\t\t\t\t\t\t\t\t\t<img loading=\"lazy\" decoding=\"async\" width=\"1000\" height=\"1000\" src=\"https:\/\/www.xperiencehr.com\/wp-content\/uploads\/2024\/06\/staffing_xperiencehr.webp\" class=\"attachment-large size-large wp-image-692\" alt=\"staffing xperiencehr\" srcset=\"https:\/\/www.xperiencehr.com\/wp-content\/uploads\/2024\/06\/staffing_xperiencehr.webp 1000w, https:\/\/www.xperiencehr.com\/wp-content\/uploads\/2024\/06\/staffing_xperiencehr-300x300.webp 300w, https:\/\/www.xperiencehr.com\/wp-content\/uploads\/2024\/06\/staffing_xperiencehr-150x150.webp 150w, https:\/\/www.xperiencehr.com\/wp-content\/uploads\/2024\/06\/staffing_xperiencehr-768x768.webp 768w, https:\/\/www.xperiencehr.com\/wp-content\/uploads\/2024\/06\/staffing_xperiencehr-710x710.webp 710w\" sizes=\"(max-width: 1000px) 100vw, 1000px\" \/>\t\t\t\t\t\t\t\t\t\t\t\t\t<\/div>\n\t\t\t\t<\/div>\n\t\t\t\t<\/div>\n\t\t<div class=\"elementor-element elementor-element-1fc75e0 e-con-full e-flex e-con e-child\" data-id=\"1fc75e0\" data-element_type=\"container\">\n\t\t\t\t<div class=\"elementor-element elementor-element-c071162 elementor-widget elementor-widget-elementskit-heading\" data-id=\"c071162\" data-element_type=\"widget\" data-settings=\"{&quot;ekit_we_effect_on&quot;:&quot;none&quot;}\" data-widget_type=\"elementskit-heading.default\">\n\t\t\t\t<div class=\"elementor-widget-container\">\n\t\t\t<div class=\"ekit-wid-con\" ><div class=\"ekit-heading elementskit-section-title-wraper text_left   ekit_heading_tablet-   ekit_heading_mobile-\"><h2 class=\"ekit-heading--title elementskit-section-title \">Doch\u00e1dzka pre <span><span>agent\u00fary<\/span><\/span><\/h2>\t\t\t\t<div class='ekit-heading__description'>\n\t\t\t\t\t<p>Doch\u00e1dzka pre agent\u00fary do\u010dasn\u00e9ho zamestn\u00e1vanie pod XperienceHR je jednoducho \u0161k\u00e1lovate\u013en\u00e1 pre v\u0161etky miesta v\u00fdkonu pr\u00e1ce va\u0161ich klientov, vo v\u0161etk\u00fdch krajin\u00e1ch, pre ak\u00e9ko\u013evek druhy zmien, vypl\u00e1cania, bez obmedzenia.<\/p>\n\t\t\t\t<\/div>\n\t\t\t<\/div><\/div>\t\t<\/div>\n\t\t\t\t<\/div>\n\t\t\t\t<div class=\"elementor-element elementor-element-982fb48 elementor-widget elementor-widget-elementskit-button\" data-id=\"982fb48\" data-element_type=\"widget\" data-settings=\"{&quot;ekit_we_effect_on&quot;:&quot;none&quot;}\" data-widget_type=\"elementskit-button.default\">\n\t\t\t\t<div class=\"elementor-widget-container\">\n\t\t\t<div class=\"ekit-wid-con\" >\t\t<div class=\"ekit-btn-wraper\">\n\t\t\t\t\t\t\t<a href=\"https:\/\/www.xperiencehr.com\/sk\/agentury-pre-docasne-zamestnavanie\/\" class=\"elementskit-btn  whitespace--normal\" id=\"\">\n\t\t\t\t\t\u010c\u00edtajte viac\t\t\t\t<\/a>\n\t\t\t\t\t<\/div>\n        <\/div>\t\t<\/div>\n\t\t\t\t<\/div>\n\t\t\t\t<\/div>\n\t\t\t\t<\/div>\n\t\t\t\t\t<\/div>\n\t\t\t\t<\/div>\n\t\t\t\t<\/div>\n\t\t","protected":false},"excerpt":{"rendered":"<p>Doch\u00e1dzka Umo\u017enite zamestnancom sledova\u0165 doch\u00e1dzku pomocou zaznamen\u00e1vania pr\u00edchodov a odchodov na termin\u00e1loch, vo webovej aplik\u00e1cii, pomocou mobilnej aplik\u00e1cie, alebo kombin\u00e1ciou v\u0161etk\u00fdch mo\u017enost\u00ed. Zaznamen\u00e1vanie pr\u00edchodu \/ odchodu Vyberte si medzi doch\u00e1dzkov\u00fdm termin\u00e1lom, mobilnou aplik\u00e1ciou, webovou aplik\u00e1ciou alebo nechajte rozhodova\u0165 svojich zamestnancov v\u00fdberom \u013eubovo\u013enej kombin\u00e1cie uveden\u00fdch met\u00f3d. A aj ke\u010f je sledovanie doch\u00e1dzky zamestnancov z poh\u013eadu zamestnancov [&hellip;]<\/p>\n","protected":false},"author":4,"featured_media":3235,"parent":0,"menu_order":0,"comment_status":"closed","ping_status":"closed","template":"","meta":{"footnotes":""},"class_list":["post-3356","page","type-page","status-publish","has-post-thumbnail","hentry"],"_links":{"self":[{"href":"https:\/\/www.xperiencehr.com\/sk\/wp-json\/wp\/v2\/pages\/3356","targetHints":{"allow":["GET"]}}],"collection":[{"href":"https:\/\/www.xperiencehr.com\/sk\/wp-json\/wp\/v2\/pages"}],"about":[{"href":"https:\/\/www.xperiencehr.com\/sk\/wp-json\/wp\/v2\/types\/page"}],"author":[{"embeddable":true,"href":"https:\/\/www.xperiencehr.com\/sk\/wp-json\/wp\/v2\/users\/4"}],"replies":[{"embeddable":true,"href":"https:\/\/www.xperiencehr.com\/sk\/wp-json\/wp\/v2\/comments?post=3356"}],"version-history":[{"count":4,"href":"https:\/\/www.xperiencehr.com\/sk\/wp-json\/wp\/v2\/pages\/3356\/revisions"}],"predecessor-version":[{"id":3485,"href":"https:\/\/www.xperiencehr.com\/sk\/wp-json\/wp\/v2\/pages\/3356\/revisions\/3485"}],"wp:featuredmedia":[{"embeddable":true,"href":"https:\/\/www.xperiencehr.com\/sk\/wp-json\/wp\/v2\/media\/3235"}],"wp:attachment":[{"href":"https:\/\/www.xperiencehr.com\/sk\/wp-json\/wp\/v2\/media?parent=3356"}],"curies":[{"name":"wp","href":"https:\/\/api.w.org\/{rel}","templated":true}]}}