{"id":3359,"date":"2024-06-20T20:03:28","date_gmt":"2024-06-20T20:03:28","guid":{"rendered":"https:\/\/wp.xperiencehr.com\/about\/"},"modified":"2025-09-30T12:11:21","modified_gmt":"2025-09-30T12:11:21","slug":"o-nasej-spolocnosti","status":"publish","type":"page","link":"https:\/\/www.xperiencehr.com\/sk\/o-nasej-spolocnosti\/","title":{"rendered":"O na\u0161ej spolo\u010dnosti"},"content":{"rendered":"\t\t<div data-elementor-type=\"wp-page\" data-elementor-id=\"3359\" class=\"elementor elementor-3359 elementor-387\">\n\t\t\t\t<div class=\"elementor-element elementor-element-0a0a5fc e-flex e-con-boxed e-con e-parent\" data-id=\"0a0a5fc\" data-element_type=\"container\" data-settings=\"{&quot;background_background&quot;:&quot;classic&quot;}\">\n\t\t\t\t\t<div class=\"e-con-inner\">\n\t\t<div class=\"elementor-element elementor-element-45019ff e-con-full e-flex e-con e-child\" data-id=\"45019ff\" data-element_type=\"container\">\n\t\t<div class=\"elementor-element elementor-element-b6f81ff e-con-full e-flex e-con e-child\" data-id=\"b6f81ff\" data-element_type=\"container\">\n\t\t\t\t<div class=\"elementor-element elementor-element-7f0b851 elementor-widget elementor-widget-elementskit-heading\" data-id=\"7f0b851\" data-element_type=\"widget\" data-settings=\"{&quot;ekit_we_effect_on&quot;:&quot;none&quot;}\" data-widget_type=\"elementskit-heading.default\">\n\t\t\t\t<div class=\"elementor-widget-container\">\n\t\t\t<div class=\"ekit-wid-con\" ><div class=\"ekit-heading elementskit-section-title-wraper text_left   ekit_heading_tablet-   ekit_heading_mobile-\"><h1 class=\"ekit-heading--title elementskit-section-title \"><span><span>O na\u0161ej spolo\u010dnosti<\/span><\/span><\/h1>\t\t\t\t<div class='ekit-heading__description'>\n\t\t\t\t\t<p>O na\u0161ej spolo\u010dnosti je zn\u00e1me, \u017ee n\u00e1s bav\u00ed sledovanie \u010dasu. Intenz\u00edvne pracujeme na rozv\u00edjan\u00ed profesion\u00e1lneho sledovania \u010dasu vo firm\u00e1ch. Sme zameran\u00ed na vytv\u00e1ranie komplexn\u00fdch, av\u0161ak flexibiln\u00fdch rie\u0161en\u00ed SaaS novej gener\u00e1cie, v\u010faka ktor\u00fdm prin\u00e1\u0161ame \u00faspech na\u0161im klientom a ich zamestnancom.<\/p>\n\t\t\t\t<\/div>\n\t\t\t<\/div><\/div>\t\t<\/div>\n\t\t\t\t<\/div>\n\t\t\t\t<\/div>\n\t\t<div class=\"elementor-element elementor-element-5193c93 e-con-full e-flex e-con e-child\" data-id=\"5193c93\" data-element_type=\"container\" data-settings=\"{&quot;background_background&quot;:&quot;classic&quot;}\">\n\t\t\t\t<div class=\"elementor-element elementor-element-d28375f elementor-widget elementor-widget-image\" data-id=\"d28375f\" data-element_type=\"widget\" data-settings=\"{&quot;ekit_we_effect_on&quot;:&quot;none&quot;}\" data-widget_type=\"image.default\">\n\t\t\t\t<div class=\"elementor-widget-container\">\n\t\t\t\t\t\t\t\t\t\t\t\t\t<img fetchpriority=\"high\" decoding=\"async\" width=\"1000\" height=\"1000\" src=\"https:\/\/www.xperiencehr.com\/wp-content\/uploads\/2024\/06\/team_xperiencehr-1.webp\" class=\"attachment-large size-large wp-image-432\" alt=\"team xperiencehr\" srcset=\"https:\/\/www.xperiencehr.com\/wp-content\/uploads\/2024\/06\/team_xperiencehr-1.webp 1000w, https:\/\/www.xperiencehr.com\/wp-content\/uploads\/2024\/06\/team_xperiencehr-1-300x300.webp 300w, https:\/\/www.xperiencehr.com\/wp-content\/uploads\/2024\/06\/team_xperiencehr-1-150x150.webp 150w, https:\/\/www.xperiencehr.com\/wp-content\/uploads\/2024\/06\/team_xperiencehr-1-768x768.webp 768w, https:\/\/www.xperiencehr.com\/wp-content\/uploads\/2024\/06\/team_xperiencehr-1-710x710.webp 710w\" sizes=\"(max-width: 1000px) 100vw, 1000px\" \/>\t\t\t\t\t\t\t\t\t\t\t\t\t<\/div>\n\t\t\t\t<\/div>\n\t\t\t\t<\/div>\n\t\t\t\t<\/div>\n\t\t\t\t\t<\/div>\n\t\t\t\t<\/div>\n\t\t<div class=\"elementor-element elementor-element-f8a2fa2 e-flex e-con-boxed e-con e-parent\" data-id=\"f8a2fa2\" data-element_type=\"container\" data-settings=\"{&quot;background_background&quot;:&quot;classic&quot;}\">\n\t\t\t\t\t<div class=\"e-con-inner\">\n\t\t<div class=\"elementor-element elementor-element-5604b12 e-con-full e-flex e-con e-child\" data-id=\"5604b12\" data-element_type=\"container\">\n\t\t<div class=\"elementor-element elementor-element-9037c87 e-con-full e-flex e-con e-child\" data-id=\"9037c87\" data-element_type=\"container\">\n\t\t\t\t<div class=\"elementor-element elementor-element-db85903 animated-fast elementor-invisible elementor-widget elementor-widget-elementskit-heading\" data-id=\"db85903\" data-element_type=\"widget\" data-settings=\"{&quot;_animation&quot;:&quot;fadeIn&quot;,&quot;_animation_delay&quot;:200,&quot;ekit_we_effect_on&quot;:&quot;none&quot;}\" data-widget_type=\"elementskit-heading.default\">\n\t\t\t\t<div class=\"elementor-widget-container\">\n\t\t\t<div class=\"ekit-wid-con\" ><div class=\"ekit-heading elementskit-section-title-wraper text_left   ekit_heading_tablet-   ekit_heading_mobile-\"><h2 class=\"ekit-heading--title elementskit-section-title \"><span><span>XperienceHR<\/span><\/span> je <span><span>n\u00e1stroj<\/span><\/span> pre <span><span>va\u0161ich \u013eud\u00ed<\/span><\/span> <\/h2>\t\t\t\t<div class='ekit-heading__description'>\n\t\t\t\t\t<p>Vitajte vo svete XperienceHR, v mieste, kde n\u00e1jdete\u00a0<b><strong>najefekt\u00edvnej\u0161\u00ed a najmodernej\u0161\u00ed doch\u00e1dzkov\u00fd syst\u00e9m<\/strong><\/b>\u00a0na trhu. Na\u0161e cloudov\u00e9 rie\u0161enie v\u00e1m umo\u017e\u0148uje sledova\u0165 doch\u00e1dzku va\u0161ich zamestnancov v re\u00e1lnom \u010dase na akomko\u013evek mieste a cez ak\u00e9ko\u013evek zariadenie: web, mobiln\u00fa aplik\u00e1ciu alebo pomocou elegantn\u00fdch clock-in termin\u00e1lov.<\/p>\n<p>Ke\u010f u\u00a0n\u00e1s v\u00a0XperienceHR hovor\u00edme o technol\u00f3gii, kladieme si ot\u00e1zku: \u201ePre\u010do by niekto chcel pou\u017e\u00edva\u0165 n\u00e1\u0161 doch\u00e1dzkov\u00fd syst\u00e9m?\u201c Tu s\u00fa na\u0161e d\u00f4vody - kr\u00e1tka verzia\u00a0\ud83d\ude09<\/p>\n<p>V s\u00fa\u010dasnosti sa n\u00e1\u0161 HR softv\u00e9r pou\u017e\u00edva\u00a0<b><strong>v 16 krajin\u00e1ch sveta<\/strong><\/b>, \u010do dokazuje jeho spo\u013eahlivos\u0165 a funk\u010dnos\u0165. XperienceHR v\u00e1m umo\u017e\u0148uje nielen riadi\u0165 doch\u00e1dzku, ale aj efekt\u00edvne pl\u00e1nova\u0165 a sledova\u0165 projektov\u00e9 hodiny zamestnancov a zlep\u0161ova\u0165 v\u00fdsledky va\u0161ej spolo\u010dnosti. S nami m\u00f4\u017eete dosiahnu\u0165 pln\u00fa kontrolu nad pracovn\u00fdm \u010dasom va\u0161ich zamestnancov alebo m\u00f4\u017eete \u00eds\u0165 cestou pracovnej kult\u00fary, kde prevl\u00e1da d\u00f4vera a flexibilita.<\/p>\n<p>N\u00e1\u0161 syst\u00e9m je ide\u00e1lny pre obchodn\u00e9 re\u0165azce, logistick\u00e9 centr\u00e1, person\u00e1lne agent\u00fary a v\u00fdrobn\u00e9 spolo\u010dnosti, ktor\u00e9 potrebuj\u00fa\u00a0<b><strong>sledova\u0165 pracovn\u00fd \u010das svojich zamestnancov a optimalizova\u0165 ich pl\u00e1novanie<\/strong><\/b>. S XperienceHR m\u00f4\u017eete z\u00edska\u0165 preh\u013ead o doch\u00e1dzke va\u0161ich zamestnancov alebo extern\u00fdch spolupracovn\u00edkov a ich pracovnej n\u00e1plni, \u010di u\u017e sa nach\u00e1dzaj\u00fa v ter\u00e9ne, v kancel\u00e1rii, vo fabrike alebo doma.<\/p>\n<p>Pou\u017e\u00edvanie n\u00e1\u0161ho syst\u00e9mu je jednoduch\u00e9 a intuit\u00edvne. Poskytuje v\u00e1m podrobn\u00e9\u00a0<b><strong>\u0161tatistiky, doch\u00e1dzkov\u00e9 v\u00fdkazy a reporty<\/strong><\/b>, ktor\u00e9 v\u00e1m umo\u017enia lep\u0161ie porozumie\u0165 a riadi\u0165 va\u0161e HR procesy a nastavi\u0165 strategick\u00e9 pl\u00e1novanie. Koniec koncov, \u010cas Zamestnancov Znamen\u00e1 Peniaze.<\/p>\n<p>Nasadenie XperienceHR a jeho integr\u00e1cia do v\u00e1\u0161ho mzdov\u00e9ho syst\u00e9mu v\u00f4bec nemus\u00ed trva\u0165 pol roka, pri efekt\u00edvnej spolupr\u00e1ci m\u00f4\u017eete by\u0165\u00a0<b><strong>Live do 4-8 t\u00fd\u017ed\u0148ov.<\/strong><\/b><\/p>\n\t\t\t\t<\/div>\n\t\t\t<\/div><\/div>\t\t<\/div>\n\t\t\t\t<\/div>\n\t\t\t\t<\/div>\n\t\t<div class=\"elementor-element elementor-element-9da2bba e-con-full animated-fast e-flex elementor-invisible e-con e-child\" data-id=\"9da2bba\" data-element_type=\"container\" data-settings=\"{&quot;background_background&quot;:&quot;classic&quot;,&quot;animation&quot;:&quot;fadeInUp&quot;,&quot;animation_delay&quot;:200}\">\n\t\t\t\t<div class=\"elementor-element elementor-element-f1ff3b6 animated-fast elementor-invisible elementor-widget elementor-widget-image\" data-id=\"f1ff3b6\" data-element_type=\"widget\" data-settings=\"{&quot;_animation&quot;:&quot;fadeInUp&quot;,&quot;_animation_delay&quot;:400,&quot;ekit_we_effect_on&quot;:&quot;none&quot;}\" data-widget_type=\"image.default\">\n\t\t\t\t<div class=\"elementor-widget-container\">\n\t\t\t\t\t\t\t\t\t\t\t\t\t<img decoding=\"async\" width=\"1000\" height=\"1000\" src=\"https:\/\/www.xperiencehr.com\/wp-content\/uploads\/2024\/06\/app_xperiencehr-1.webp\" class=\"attachment-full size-full wp-image-429\" alt=\"\" srcset=\"https:\/\/www.xperiencehr.com\/wp-content\/uploads\/2024\/06\/app_xperiencehr-1.webp 1000w, https:\/\/www.xperiencehr.com\/wp-content\/uploads\/2024\/06\/app_xperiencehr-1-300x300.webp 300w, https:\/\/www.xperiencehr.com\/wp-content\/uploads\/2024\/06\/app_xperiencehr-1-150x150.webp 150w, https:\/\/www.xperiencehr.com\/wp-content\/uploads\/2024\/06\/app_xperiencehr-1-768x768.webp 768w, https:\/\/www.xperiencehr.com\/wp-content\/uploads\/2024\/06\/app_xperiencehr-1-710x710.webp 710w\" sizes=\"(max-width: 1000px) 100vw, 1000px\" \/>\t\t\t\t\t\t\t\t\t\t\t\t\t<\/div>\n\t\t\t\t<\/div>\n\t\t\t\t<\/div>\n\t\t\t\t<\/div>\n\t\t\t\t\t<\/div>\n\t\t\t\t<\/div>\n\t\t<div class=\"elementor-element elementor-element-0353e10 e-flex e-con-boxed e-con e-parent\" data-id=\"0353e10\" data-element_type=\"container\" data-settings=\"{&quot;background_background&quot;:&quot;classic&quot;}\">\n\t\t\t\t\t<div class=\"e-con-inner\">\n\t\t<div class=\"elementor-element elementor-element-c304b56 e-con-full e-flex e-con e-child\" data-id=\"c304b56\" data-element_type=\"container\">\n\t\t<div class=\"elementor-element elementor-element-de1c0a3 e-con-full e-flex e-con e-child\" data-id=\"de1c0a3\" data-element_type=\"container\">\n\t\t\t\t<div class=\"elementor-element elementor-element-6aefcae elementor-widget elementor-widget-elementskit-heading\" data-id=\"6aefcae\" data-element_type=\"widget\" data-settings=\"{&quot;ekit_we_effect_on&quot;:&quot;none&quot;}\" data-widget_type=\"elementskit-heading.default\">\n\t\t\t\t<div class=\"elementor-widget-container\">\n\t\t\t<div class=\"ekit-wid-con\" ><div class=\"ekit-heading elementskit-section-title-wraper text_left   ekit_heading_tablet-   ekit_heading_mobile-\"><h2 class=\"ekit-heading--title elementskit-section-title \"><span><span>Na\u0161a cesta<\/span><\/span><\/h2>\t\t\t\t<div class='ekit-heading__description'>\n\t\t\t\t\t<p>N\u00e1\u0161 prv\u00fd projekt sledovania \u010dasu v spolo\u010dnosti sme za\u010dali v roku 2000 spolu s jednou z Top 5 konzulta\u010dn\u00fdch spolo\u010dnost\u00ed a bolo to pre obrovsk\u00e9ho klienta z oblasti telekomunik\u00e1cii. O nieko\u013eko rokov nesk\u00f4r sme sa spojili s najv\u00e4\u010d\u0161\u00edm svetov\u00fdm v\u00fdrobcom po\u010d\u00edta\u010dov na projekte, kde sme vytv\u00e1rali n\u00e1stroja na sledovanie absencie. V roku 2010, kedy sme vytvorili online verziu n\u00e1\u0161ho produktu, sa z n\u00e1s stal Flapps. N\u00e1\u0161 softv\u00e9r sa dostal z podnikov\u00fdch d\u00e1tov\u00fdch centier a\u017e do cloudu. Prvotn\u00e9 zameranie bolo iba na sledovanie \u010dasu. Nezostali sme v\u0161ak len pri \u0148om, ale v\u010faka sledovaniu trendov a spolupr\u00e1ci s na\u0161imi klientmi sme neust\u00e1le roz\u0161irovali portf\u00f3lio o nov\u00e9 moduly a funkcie.<\/p>\n\t\t\t\t<\/div>\n\t\t\t<\/div><\/div>\t\t<\/div>\n\t\t\t\t<\/div>\n\t\t\t\t<\/div>\n\t\t<div class=\"elementor-element elementor-element-e6920aa e-con-full e-flex e-con e-child\" data-id=\"e6920aa\" data-element_type=\"container\" data-settings=\"{&quot;background_background&quot;:&quot;classic&quot;}\">\n\t\t\t\t<div class=\"elementor-element elementor-element-077d7f1 elementor-widget elementor-widget-image\" data-id=\"077d7f1\" data-element_type=\"widget\" data-settings=\"{&quot;ekit_we_effect_on&quot;:&quot;none&quot;}\" data-widget_type=\"image.default\">\n\t\t\t\t<div class=\"elementor-widget-container\">\n\t\t\t\t\t\t\t\t\t\t\t\t\t<img decoding=\"async\" width=\"1000\" height=\"1000\" src=\"https:\/\/www.xperiencehr.com\/wp-content\/uploads\/2024\/06\/journey_xperiencehr-1.webp\" class=\"attachment-large size-large wp-image-431\" alt=\"\" srcset=\"https:\/\/www.xperiencehr.com\/wp-content\/uploads\/2024\/06\/journey_xperiencehr-1.webp 1000w, https:\/\/www.xperiencehr.com\/wp-content\/uploads\/2024\/06\/journey_xperiencehr-1-300x300.webp 300w, https:\/\/www.xperiencehr.com\/wp-content\/uploads\/2024\/06\/journey_xperiencehr-1-150x150.webp 150w, https:\/\/www.xperiencehr.com\/wp-content\/uploads\/2024\/06\/journey_xperiencehr-1-768x768.webp 768w, https:\/\/www.xperiencehr.com\/wp-content\/uploads\/2024\/06\/journey_xperiencehr-1-710x710.webp 710w\" sizes=\"(max-width: 1000px) 100vw, 1000px\" \/>\t\t\t\t\t\t\t\t\t\t\t\t\t<\/div>\n\t\t\t\t<\/div>\n\t\t\t\t<\/div>\n\t\t\t\t<\/div>\n\t\t\t\t\t<\/div>\n\t\t\t\t<\/div>\n\t\t<div class=\"elementor-element elementor-element-dc1b5cb e-flex e-con-boxed e-con e-parent\" data-id=\"dc1b5cb\" data-element_type=\"container\" data-settings=\"{&quot;background_background&quot;:&quot;classic&quot;}\">\n\t\t\t\t\t<div class=\"e-con-inner\">\n\t\t<div class=\"elementor-element elementor-element-9973b18 e-con-full e-flex e-con e-child\" data-id=\"9973b18\" data-element_type=\"container\">\n\t\t<div class=\"elementor-element elementor-element-d407b12 e-con-full e-flex e-con e-child\" data-id=\"d407b12\" data-element_type=\"container\">\n\t\t\t\t<div class=\"elementor-element elementor-element-0ba5768 animated-fast elementor-invisible elementor-widget elementor-widget-elementskit-heading\" data-id=\"0ba5768\" data-element_type=\"widget\" data-settings=\"{&quot;_animation&quot;:&quot;fadeIn&quot;,&quot;_animation_delay&quot;:200,&quot;ekit_we_effect_on&quot;:&quot;none&quot;}\" data-widget_type=\"elementskit-heading.default\">\n\t\t\t\t<div class=\"elementor-widget-container\">\n\t\t\t<div class=\"ekit-wid-con\" ><div class=\"ekit-heading elementskit-section-title-wraper text_left   ekit_heading_tablet-   ekit_heading_mobile-\"><h2 class=\"ekit-heading--title elementskit-section-title \"><span><span>Rebrandovali sme<\/span><\/span><\/h2>\t\t\t\t<div class='ekit-heading__description'>\n\t\t\t\t\t<p>Vo v\u00fdsledku sme na jese\u0148 2018 rebrandovali na XperienceHR, aby na\u0161e meno lep\u0161ie odr\u00e1\u017ealo zlo\u017eitos\u0165 n\u00e1\u0161ho HR rie\u0161enia. XperienceHR aplik\u00e1cia je ob\u013e\u00faben\u00e1 pre u\u017e\u00edvate\u013esk\u00fa nen\u00e1ro\u010dnos\u0165 a pr\u00edjemn\u00fd a flexibiln\u00fd dizajn. XperienceHR z mal\u00e9ho start-upu vyr\u00e1stla na spolo\u010dnos\u0165, ktor\u00e1 sl\u00fa\u017ei klientom po celom svete. S hrdos\u0165ou spolupracujeme s nieko\u013ek\u00fdmi spolo\u010dnos\u0165ami z rebr\u00ed\u010dka Fortune 100. Budeme sa te\u0161i\u0165 na spolupr\u00e1cu aj s vami!<\/p>\n\t\t\t\t<\/div>\n\t\t\t<\/div><\/div>\t\t<\/div>\n\t\t\t\t<\/div>\n\t\t\t\t<\/div>\n\t\t<div class=\"elementor-element elementor-element-047a37b e-con-full animated-fast e-flex elementor-invisible e-con e-child\" data-id=\"047a37b\" data-element_type=\"container\" data-settings=\"{&quot;background_background&quot;:&quot;classic&quot;,&quot;animation&quot;:&quot;fadeInUp&quot;,&quot;animation_delay&quot;:200}\">\n\t\t\t\t<div class=\"elementor-element elementor-element-3dbdfa6 animated-fast elementor-invisible elementor-widget elementor-widget-image\" data-id=\"3dbdfa6\" data-element_type=\"widget\" data-settings=\"{&quot;_animation&quot;:&quot;fadeInUp&quot;,&quot;_animation_delay&quot;:400,&quot;ekit_we_effect_on&quot;:&quot;none&quot;}\" data-widget_type=\"image.default\">\n\t\t\t\t<div class=\"elementor-widget-container\">\n\t\t\t\t\t\t\t\t\t\t\t\t\t<img loading=\"lazy\" decoding=\"async\" width=\"1000\" height=\"1000\" src=\"https:\/\/www.xperiencehr.com\/wp-content\/uploads\/2024\/06\/creative_process_xperiencehr-1.webp\" class=\"attachment-full size-full wp-image-430\" alt=\"\" srcset=\"https:\/\/www.xperiencehr.com\/wp-content\/uploads\/2024\/06\/creative_process_xperiencehr-1.webp 1000w, https:\/\/www.xperiencehr.com\/wp-content\/uploads\/2024\/06\/creative_process_xperiencehr-1-300x300.webp 300w, https:\/\/www.xperiencehr.com\/wp-content\/uploads\/2024\/06\/creative_process_xperiencehr-1-150x150.webp 150w, https:\/\/www.xperiencehr.com\/wp-content\/uploads\/2024\/06\/creative_process_xperiencehr-1-768x768.webp 768w, https:\/\/www.xperiencehr.com\/wp-content\/uploads\/2024\/06\/creative_process_xperiencehr-1-710x710.webp 710w\" sizes=\"(max-width: 1000px) 100vw, 1000px\" \/>\t\t\t\t\t\t\t\t\t\t\t\t\t<\/div>\n\t\t\t\t<\/div>\n\t\t\t\t<\/div>\n\t\t\t\t<\/div>\n\t\t\t\t\t<\/div>\n\t\t\t\t<\/div>\n\t\t<div class=\"elementor-element elementor-element-5aab6e4 e-flex e-con-boxed e-con e-parent\" data-id=\"5aab6e4\" data-element_type=\"container\" data-settings=\"{&quot;background_background&quot;:&quot;classic&quot;}\">\n\t\t\t\t\t<div class=\"e-con-inner\">\n\t\t<div class=\"elementor-element elementor-element-8beff92 e-con-full e-flex e-con e-child\" data-id=\"8beff92\" data-element_type=\"container\">\n\t\t\t\t<div class=\"elementor-element elementor-element-5720cb0 animated-fast elementor-widget__width-initial elementor-invisible elementor-widget elementor-widget-elementskit-heading\" data-id=\"5720cb0\" data-element_type=\"widget\" data-settings=\"{&quot;_animation&quot;:&quot;fadeIn&quot;,&quot;_animation_delay&quot;:100,&quot;ekit_we_effect_on&quot;:&quot;none&quot;}\" data-widget_type=\"elementskit-heading.default\">\n\t\t\t\t<div class=\"elementor-widget-container\">\n\t\t\t<div class=\"ekit-wid-con\" ><div class=\"ekit-heading elementskit-section-title-wraper text_center   ekit_heading_tablet-   ekit_heading_mobile-\"><h2 class=\"ekit-heading--title elementskit-section-title \">Stiahnite si na\u0161u mobiln\u00fa aplik\u00e1ciu<\/h2><\/div><\/div>\t\t<\/div>\n\t\t\t\t<\/div>\n\t\t<div class=\"elementor-element elementor-element-d8947e0 e-grid e-con-boxed e-con e-child\" data-id=\"d8947e0\" data-element_type=\"container\">\n\t\t\t\t\t<div class=\"e-con-inner\">\n\t\t\t\t<div class=\"elementor-element elementor-element-46d1d19 elementor-widget elementor-widget-image\" data-id=\"46d1d19\" data-element_type=\"widget\" data-settings=\"{&quot;ekit_we_effect_on&quot;:&quot;none&quot;}\" data-widget_type=\"image.default\">\n\t\t\t\t<div class=\"elementor-widget-container\">\n\t\t\t\t\t\t\t\t\t\t\t\t\t\t<a href=\"https:\/\/apps.apple.com\/sk\/app\/xperience-hcm\/id1241373702\">\n\t\t\t\t\t\t\t<img loading=\"lazy\" decoding=\"async\" width=\"200\" height=\"60\" src=\"https:\/\/www.xperiencehr.com\/wp-content\/uploads\/2024\/06\/appstore_xperiencehr.webp\" class=\"attachment-medium size-medium wp-image-381\" alt=\"appstore xperiencehr\" \/>\t\t\t\t\t\t\t\t<\/a>\n\t\t\t\t\t\t\t\t\t\t\t\t\t<\/div>\n\t\t\t\t<\/div>\n\t\t\t\t<div class=\"elementor-element elementor-element-6046b1f elementor-widget elementor-widget-image\" data-id=\"6046b1f\" data-element_type=\"widget\" data-settings=\"{&quot;ekit_we_effect_on&quot;:&quot;none&quot;}\" data-widget_type=\"image.default\">\n\t\t\t\t<div class=\"elementor-widget-container\">\n\t\t\t\t\t\t\t\t\t\t\t\t\t\t<a href=\"https:\/\/play.google.com\/store\/apps\/details?id=container.com.flapps.mobile.android.flapps.containerappnfc&#038;hl=en\">\n\t\t\t\t\t\t\t<img loading=\"lazy\" decoding=\"async\" width=\"200\" height=\"60\" src=\"https:\/\/www.xperiencehr.com\/wp-content\/uploads\/2024\/06\/playstore_xperiencehr.webp\" class=\"attachment-medium size-medium wp-image-382\" alt=\"playstore xperiencehr\" \/>\t\t\t\t\t\t\t\t<\/a>\n\t\t\t\t\t\t\t\t\t\t\t\t\t<\/div>\n\t\t\t\t<\/div>\n\t\t\t\t\t<\/div>\n\t\t\t\t<\/div>\n\t\t\t\t<\/div>\n\t\t\t\t<div class=\"elementor-element elementor-element-1c94d87 elementor-absolute animated-fast elementor-hidden-tablet elementor-hidden-mobile elementor-invisible elementor-widget elementor-widget-image\" data-id=\"1c94d87\" data-element_type=\"widget\" data-settings=\"{&quot;_position&quot;:&quot;absolute&quot;,&quot;ekit_we_effect_on&quot;:&quot;onscroll&quot;,&quot;ekit_we_scroll_animation_value&quot;:100,&quot;ekit_we_scroll_smoothness&quot;:0,&quot;_animation&quot;:&quot;fadeIn&quot;,&quot;_animation_delay&quot;:200,&quot;ekit_we_on_test_mode&quot;:&quot;on&quot;,&quot;ekit_we_scroll_animation&quot;:&quot;translateY&quot;,&quot;ekit_we_scroll_offsettop&quot;:0,&quot;ekit_we_scroll_offsetbottom&quot;:0}\" data-widget_type=\"image.default\">\n\t\t\t\t<div class=\"elementor-widget-container\">\n\t\t\t\t\t\t\t\t\t\t\t\t\t<img loading=\"lazy\" decoding=\"async\" width=\"374\" height=\"374\" src=\"https:\/\/www.xperiencehr.com\/wp-content\/uploads\/2024\/06\/dots-shape.svg\" class=\"attachment-large size-large wp-image-99\" alt=\"\" \/>\t\t\t\t\t\t\t\t\t\t\t\t\t<\/div>\n\t\t\t\t<\/div>\n\t\t\t\t\t<\/div>\n\t\t\t\t<\/div>\n\t\t\t\t<\/div>\n\t\t","protected":false},"excerpt":{"rendered":"<p>O na\u0161ej spolo\u010dnosti O na\u0161ej spolo\u010dnosti je zn\u00e1me, \u017ee n\u00e1s bav\u00ed sledovanie \u010dasu. Intenz\u00edvne pracujeme na rozv\u00edjan\u00ed profesion\u00e1lneho sledovania \u010dasu vo firm\u00e1ch. Sme zameran\u00ed na vytv\u00e1ranie komplexn\u00fdch, av\u0161ak flexibiln\u00fdch rie\u0161en\u00ed SaaS novej gener\u00e1cie, v\u010faka ktor\u00fdm prin\u00e1\u0161ame \u00faspech na\u0161im klientom a ich zamestnancom. XperienceHR je n\u00e1stroj pre va\u0161ich \u013eud\u00ed Vitajte vo svete XperienceHR, v mieste, kde [&hellip;]<\/p>\n","protected":false},"author":4,"featured_media":3247,"parent":0,"menu_order":0,"comment_status":"closed","ping_status":"closed","template":"","meta":{"footnotes":""},"class_list":["post-3359","page","type-page","status-publish","has-post-thumbnail","hentry"],"_links":{"self":[{"href":"https:\/\/www.xperiencehr.com\/sk\/wp-json\/wp\/v2\/pages\/3359","targetHints":{"allow":["GET"]}}],"collection":[{"href":"https:\/\/www.xperiencehr.com\/sk\/wp-json\/wp\/v2\/pages"}],"about":[{"href":"https:\/\/www.xperiencehr.com\/sk\/wp-json\/wp\/v2\/types\/page"}],"author":[{"embeddable":true,"href":"https:\/\/www.xperiencehr.com\/sk\/wp-json\/wp\/v2\/users\/4"}],"replies":[{"embeddable":true,"href":"https:\/\/www.xperiencehr.com\/sk\/wp-json\/wp\/v2\/comments?post=3359"}],"version-history":[{"count":10,"href":"https:\/\/www.xperiencehr.com\/sk\/wp-json\/wp\/v2\/pages\/3359\/revisions"}],"predecessor-version":[{"id":4466,"href":"https:\/\/www.xperiencehr.com\/sk\/wp-json\/wp\/v2\/pages\/3359\/revisions\/4466"}],"wp:featuredmedia":[{"embeddable":true,"href":"https:\/\/www.xperiencehr.com\/sk\/wp-json\/wp\/v2\/media\/3247"}],"wp:attachment":[{"href":"https:\/\/www.xperiencehr.com\/sk\/wp-json\/wp\/v2\/media?parent=3359"}],"curies":[{"name":"wp","href":"https:\/\/api.w.org\/{rel}","templated":true}]}}