{"id":3801,"date":"2024-09-05T18:53:07","date_gmt":"2024-09-05T18:53:07","guid":{"rendered":"https:\/\/wp.xperiencehr.com\/whats-next\/"},"modified":"2024-09-06T16:05:35","modified_gmt":"2024-09-06T16:05:35","slug":"co-dalej","status":"publish","type":"page","link":"https:\/\/www.xperiencehr.com\/sk\/co-dalej\/","title":{"rendered":"\u010co \u010falej?"},"content":{"rendered":"\t\t<div data-elementor-type=\"wp-page\" data-elementor-id=\"3801\" class=\"elementor elementor-3801 elementor-3747\">\n\t\t\t\t<div class=\"elementor-element elementor-element-854a706 e-flex e-con-boxed e-con e-parent\" data-id=\"854a706\" data-element_type=\"container\" data-settings=\"{&quot;background_background&quot;:&quot;classic&quot;}\">\n\t\t\t\t\t<div class=\"e-con-inner\">\n\t\t<div class=\"elementor-element elementor-element-5140c59 e-con-full e-flex e-con e-child\" data-id=\"5140c59\" data-element_type=\"container\">\n\t\t<div class=\"elementor-element elementor-element-9203428 e-con-full e-flex e-con e-child\" data-id=\"9203428\" data-element_type=\"container\">\n\t\t\t\t<div class=\"elementor-element elementor-element-95aa16a animated-fast elementor-invisible elementor-widget elementor-widget-elementskit-heading\" data-id=\"95aa16a\" data-element_type=\"widget\" data-settings=\"{&quot;_animation&quot;:&quot;fadeIn&quot;,&quot;_animation_delay&quot;:100,&quot;ekit_we_effect_on&quot;:&quot;none&quot;}\" data-widget_type=\"elementskit-heading.default\">\n\t\t\t\t<div class=\"elementor-widget-container\">\n\t\t\t<div class=\"ekit-wid-con\" ><div class=\"ekit-heading elementskit-section-title-wraper text_left   ekit_heading_tablet-   ekit_heading_mobile-\"><a href=\"https:\/\/www.xperiencehr.com\/sk\/aplikacia-na-sledovanie-casu-pre-iphone-a-android\/\"><h1 class=\"ekit-heading--title elementskit-section-title \"><span><span>\u010co \u010falej?<\/span><\/span><\/h1><\/a>\t\t\t\t<div class='ekit-heading__description'>\n\t\t\t\t\t<p>Va\u0161a registr\u00e1cia bola \u00faspe\u0161n\u00e1, prihlasovacie \u00fadaje n\u00e1jdete v emaily. \u010co \u010falej? Pre \u00fapln\u00fd z\u00e1\u017eitok z testovania, pozrite si demo a stiahnite mobiln\u00fa aplik\u00e1ciu.<\/p>\n\t\t\t\t<\/div>\n\t\t\t<\/div><\/div>\t\t<\/div>\n\t\t\t\t<\/div>\n\t\t\t\t<div class=\"elementor-element elementor-element-2b67cc5 elementor-widget__width-auto animated-fast elementor-invisible elementor-widget elementor-widget-elementskit-button\" data-id=\"2b67cc5\" data-element_type=\"widget\" data-settings=\"{&quot;_animation&quot;:&quot;pulse&quot;,&quot;_animation_delay&quot;:200,&quot;ekit_we_effect_on&quot;:&quot;none&quot;}\" data-widget_type=\"elementskit-button.default\">\n\t\t\t\t<div class=\"elementor-widget-container\">\n\t\t\t<div class=\"ekit-wid-con\" >\t\t<div class=\"ekit-btn-wraper\">\n\t\t\t\t\t\t\t<a href=\"https:\/\/www.xperiencehr.com\/sk\/aplikacia-na-sledovanie-casu-pre-iphone-a-android\/\" class=\"elementskit-btn  whitespace--normal\" id=\"\">\n\t\t\t\t\tStiahnite si appku<i aria-hidden=\"true\" class=\"icon icon-right-arrow\"><\/i>\t\t\t\t<\/a>\n\t\t\t\t\t<\/div>\n        <\/div>\t\t<\/div>\n\t\t\t\t<\/div>\n\t\t\t\t<\/div>\n\t\t<div class=\"elementor-element elementor-element-66abf1b e-con-full animated-fast e-flex elementor-invisible e-con e-child\" data-id=\"66abf1b\" data-element_type=\"container\" data-settings=\"{&quot;background_background&quot;:&quot;classic&quot;,&quot;animation&quot;:&quot;fadeInUp&quot;,&quot;animation_delay&quot;:200}\">\n\t\t\t\t<div class=\"elementor-element elementor-element-d3ec4f3 animated-fast elementor-invisible elementor-widget elementor-widget-image\" data-id=\"d3ec4f3\" data-element_type=\"widget\" data-settings=\"{&quot;_animation&quot;:&quot;fadeInUp&quot;,&quot;_animation_delay&quot;:400,&quot;ekit_we_effect_on&quot;:&quot;none&quot;}\" data-widget_type=\"image.default\">\n\t\t\t\t<div class=\"elementor-widget-container\">\n\t\t\t\t\t\t\t\t\t\t\t\t\t<img fetchpriority=\"high\" decoding=\"async\" width=\"1000\" height=\"1000\" src=\"https:\/\/www.xperiencehr.com\/wp-content\/uploads\/2024\/09\/full_inbox_xperiencehr.webp\" class=\"attachment-full size-full wp-image-3749\" alt=\"full inbox xperiencehr\" srcset=\"https:\/\/www.xperiencehr.com\/wp-content\/uploads\/2024\/09\/full_inbox_xperiencehr.webp 1000w, https:\/\/www.xperiencehr.com\/wp-content\/uploads\/2024\/09\/full_inbox_xperiencehr-300x300.webp 300w, https:\/\/www.xperiencehr.com\/wp-content\/uploads\/2024\/09\/full_inbox_xperiencehr-150x150.webp 150w, https:\/\/www.xperiencehr.com\/wp-content\/uploads\/2024\/09\/full_inbox_xperiencehr-768x768.webp 768w, https:\/\/www.xperiencehr.com\/wp-content\/uploads\/2024\/09\/full_inbox_xperiencehr-710x710.webp 710w\" sizes=\"(max-width: 1000px) 100vw, 1000px\" \/>\t\t\t\t\t\t\t\t\t\t\t\t\t<\/div>\n\t\t\t\t<\/div>\n\t\t\t\t<\/div>\n\t\t\t\t<\/div>\n\t\t\t\t\t<\/div>\n\t\t\t\t<\/div>\n\t\t<div class=\"elementor-element elementor-element-5b57127 e-flex e-con-boxed e-con e-parent\" data-id=\"5b57127\" data-element_type=\"container\" data-settings=\"{&quot;background_background&quot;:&quot;classic&quot;}\">\n\t\t\t\t\t<div class=\"e-con-inner\">\n\t\t<div class=\"elementor-element elementor-element-e1ab38e e-con-full e-flex e-con e-child\" data-id=\"e1ab38e\" data-element_type=\"container\">\n\t\t<div class=\"elementor-element elementor-element-7681dd9 e-con-full e-flex e-con e-child\" data-id=\"7681dd9\" data-element_type=\"container\">\n\t\t<div class=\"elementor-element elementor-element-466a91a e-con-full e-flex e-con e-child\" data-id=\"466a91a\" data-element_type=\"container\">\n\t\t\t\t<div class=\"elementor-element elementor-element-4715c4e animated-fast elementor-invisible elementor-widget elementor-widget-elementskit-heading\" data-id=\"4715c4e\" data-element_type=\"widget\" data-settings=\"{&quot;_animation&quot;:&quot;fadeIn&quot;,&quot;_animation_delay&quot;:200,&quot;ekit_we_effect_on&quot;:&quot;none&quot;}\" data-widget_type=\"elementskit-heading.default\">\n\t\t\t\t<div class=\"elementor-widget-container\">\n\t\t\t<div class=\"ekit-wid-con\" ><div class=\"ekit-heading elementskit-section-title-wraper text_left   ekit_heading_tablet-   ekit_heading_mobile-\"><h2 class=\"ekit-heading--title elementskit-section-title \">Pozrite si <span><span>demo video<\/span><\/span><\/h2>\t\t\t\t<div class='ekit-heading__description'>\n\t\t\t\t\t<p>Pozrite si toto 23-min\u00fatov\u00e9 demo video, kde vysvetl\u00edme modul po module a budeme v\u00e1s sprev\u00e1dza\u0165 po\u010das testovania.<\/p>\n\t\t\t\t<\/div>\n\t\t\t<\/div><\/div>\t\t<\/div>\n\t\t\t\t<\/div>\n\t\t\t\t<\/div>\n\t\t\t\t<\/div>\n\t\t<div class=\"elementor-element elementor-element-29993a5 e-con-full animated-fast e-flex elementor-invisible e-con e-child\" data-id=\"29993a5\" data-element_type=\"container\" data-settings=\"{&quot;background_background&quot;:&quot;classic&quot;,&quot;animation&quot;:&quot;fadeInUp&quot;,&quot;animation_delay&quot;:200}\">\n\t\t\t\t<div class=\"elementor-element elementor-element-f554ed3 elementor-widget elementor-widget-elementskit-video\" data-id=\"f554ed3\" data-element_type=\"widget\" data-settings=\"{&quot;ekit_we_effect_on&quot;:&quot;none&quot;}\" data-widget_type=\"elementskit-video.default\">\n\t\t\t\t<div class=\"elementor-widget-container\">\n\t\t\t<div class=\"ekit-wid-con\" >\t\t<div class=\"video-content\" data-video-player=\"[]\" data-video-setting=\"{&quot;videoVolume&quot;:&quot;horizontal&quot;,&quot;startVolume&quot;:0.8,&quot;videoType&quot;:&quot;iframe&quot;,&quot;videoClass&quot;:&quot;mfp-fade&quot;}\">\n\t\t\t\n<a class=\"ekit_icon_button glow-btn ekit-video-popup ekit-video-popup-btn\" href=\"https:\/\/www.youtube.com\/embed\/bDSOyFiK4ao?feature=oembed?playlist=bDSOyFiK4ao&amp;mute=0&amp;autoplay=0&amp;loop=no&amp;controls=0&amp;start=0&amp;end=\" aria-label=\"video-popup\">\n\t\t\t\t<i aria-hidden=\"true\" class=\"icon icon-play\"><\/i>\t\t<\/a>\n\t\t\t\t\t<\/div>\n\t\t<\/div>\t\t<\/div>\n\t\t\t\t<\/div>\n\t\t\t\t<\/div>\n\t\t\t\t<\/div>\n\t\t\t\t\t<\/div>\n\t\t\t\t<\/div>\n\t\t<div class=\"elementor-element elementor-element-b193d10 e-flex e-con-boxed e-con e-parent\" data-id=\"b193d10\" data-element_type=\"container\" data-settings=\"{&quot;background_background&quot;:&quot;classic&quot;}\">\n\t\t\t\t\t<div class=\"e-con-inner\">\n\t\t<div class=\"elementor-element elementor-element-3ccc21f e-con-full e-flex e-con e-child\" data-id=\"3ccc21f\" data-element_type=\"container\">\n\t\t\t\t<div class=\"elementor-element elementor-element-a2a5bc5 animated-fast elementor-widget__width-initial elementor-invisible elementor-widget elementor-widget-elementskit-heading\" data-id=\"a2a5bc5\" data-element_type=\"widget\" data-settings=\"{&quot;_animation&quot;:&quot;fadeIn&quot;,&quot;_animation_delay&quot;:100,&quot;ekit_we_effect_on&quot;:&quot;none&quot;}\" data-widget_type=\"elementskit-heading.default\">\n\t\t\t\t<div class=\"elementor-widget-container\">\n\t\t\t<div class=\"ekit-wid-con\" ><div class=\"ekit-heading elementskit-section-title-wraper text_center   ekit_heading_tablet-   ekit_heading_mobile-\"><h2 class=\"ekit-heading--title elementskit-section-title \">Stiahnite si mobiln\u00fa appku<\/h2><\/div><\/div>\t\t<\/div>\n\t\t\t\t<\/div>\n\t\t<div class=\"elementor-element elementor-element-649109f e-grid e-con-boxed e-con e-child\" data-id=\"649109f\" data-element_type=\"container\">\n\t\t\t\t\t<div class=\"e-con-inner\">\n\t\t\t\t<div class=\"elementor-element elementor-element-84a40c8 elementor-widget elementor-widget-image\" data-id=\"84a40c8\" data-element_type=\"widget\" data-settings=\"{&quot;ekit_we_effect_on&quot;:&quot;none&quot;}\" data-widget_type=\"image.default\">\n\t\t\t\t<div class=\"elementor-widget-container\">\n\t\t\t\t\t\t\t\t\t\t\t\t\t\t<a href=\"https:\/\/apps.apple.com\/sk\/app\/xperience-hcm\/id1241373702\">\n\t\t\t\t\t\t\t<img decoding=\"async\" width=\"200\" height=\"60\" src=\"https:\/\/www.xperiencehr.com\/wp-content\/uploads\/2024\/06\/appstore_xperiencehr.webp\" class=\"attachment-medium size-medium wp-image-381\" alt=\"appstore xperiencehr\" \/>\t\t\t\t\t\t\t\t<\/a>\n\t\t\t\t\t\t\t\t\t\t\t\t\t<\/div>\n\t\t\t\t<\/div>\n\t\t\t\t<div class=\"elementor-element elementor-element-5632676 elementor-widget elementor-widget-image\" data-id=\"5632676\" data-element_type=\"widget\" data-settings=\"{&quot;ekit_we_effect_on&quot;:&quot;none&quot;}\" data-widget_type=\"image.default\">\n\t\t\t\t<div class=\"elementor-widget-container\">\n\t\t\t\t\t\t\t\t\t\t\t\t\t\t<a href=\"https:\/\/play.google.com\/store\/apps\/details?id=container.com.flapps.mobile.android.flapps.containerappnfc&#038;hl=en\">\n\t\t\t\t\t\t\t<img decoding=\"async\" width=\"200\" height=\"60\" src=\"https:\/\/www.xperiencehr.com\/wp-content\/uploads\/2024\/06\/playstore_xperiencehr.webp\" class=\"attachment-medium size-medium wp-image-382\" alt=\"playstore xperiencehr\" \/>\t\t\t\t\t\t\t\t<\/a>\n\t\t\t\t\t\t\t\t\t\t\t\t\t<\/div>\n\t\t\t\t<\/div>\n\t\t\t\t\t<\/div>\n\t\t\t\t<\/div>\n\t\t\t\t<\/div>\n\t\t\t\t<div class=\"elementor-element elementor-element-0e5eebb elementor-absolute animated-fast elementor-hidden-tablet elementor-hidden-mobile elementor-invisible elementor-widget elementor-widget-image\" data-id=\"0e5eebb\" data-element_type=\"widget\" data-settings=\"{&quot;_position&quot;:&quot;absolute&quot;,&quot;ekit_we_effect_on&quot;:&quot;onscroll&quot;,&quot;ekit_we_scroll_animation_value&quot;:100,&quot;ekit_we_scroll_smoothness&quot;:0,&quot;_animation&quot;:&quot;fadeIn&quot;,&quot;_animation_delay&quot;:200,&quot;ekit_we_on_test_mode&quot;:&quot;on&quot;,&quot;ekit_we_scroll_animation&quot;:&quot;translateY&quot;,&quot;ekit_we_scroll_offsettop&quot;:0,&quot;ekit_we_scroll_offsetbottom&quot;:0}\" data-widget_type=\"image.default\">\n\t\t\t\t<div class=\"elementor-widget-container\">\n\t\t\t\t\t\t\t\t\t\t\t\t\t<img loading=\"lazy\" decoding=\"async\" width=\"374\" height=\"374\" src=\"https:\/\/www.xperiencehr.com\/wp-content\/uploads\/2024\/06\/dots-shape.svg\" class=\"attachment-large size-large wp-image-99\" alt=\"\" \/>\t\t\t\t\t\t\t\t\t\t\t\t\t<\/div>\n\t\t\t\t<\/div>\n\t\t\t\t\t<\/div>\n\t\t\t\t<\/div>\n\t\t<div class=\"elementor-element elementor-element-e6e2210 e-flex e-con-boxed e-con e-parent\" data-id=\"e6e2210\" data-element_type=\"container\" data-settings=\"{&quot;background_background&quot;:&quot;classic&quot;}\">\n\t\t\t\t\t<div class=\"e-con-inner\">\n\t\t<div class=\"elementor-element elementor-element-f67a1f2 e-con-full e-flex e-con e-child\" data-id=\"f67a1f2\" data-element_type=\"container\">\n\t\t<div class=\"elementor-element elementor-element-a539796 e-con-full e-flex e-con e-child\" data-id=\"a539796\" data-element_type=\"container\">\n\t\t\t\t<div class=\"elementor-element elementor-element-30a91cc animated-fast elementor-invisible elementor-widget elementor-widget-elementskit-heading\" data-id=\"30a91cc\" data-element_type=\"widget\" data-settings=\"{&quot;_animation&quot;:&quot;fadeIn&quot;,&quot;_animation_delay&quot;:200,&quot;ekit_we_effect_on&quot;:&quot;none&quot;}\" data-widget_type=\"elementskit-heading.default\">\n\t\t\t\t<div class=\"elementor-widget-container\">\n\t\t\t<div class=\"ekit-wid-con\" ><div class=\"ekit-heading elementskit-section-title-wraper text_left   ekit_heading_tablet-   ekit_heading_mobile-\"><a href=\"https:\/\/calendly.com\/diana_xperiencehr\/quick-intro\"><h2 class=\"ekit-heading--title elementskit-section-title \">Rezervujte si <span><span>personalizovan\u00e9 demo<\/span><\/span>  <\/h2><\/a>\t\t\t\t<div class='ekit-heading__description'>\n\t\t\t\t\t<p>Vysk\u00fa\u0161ajte n\u00e1\u0161 produkt na vlastnej ko\u017ei a zarezervujte si svoje personalizovan\u00e9 demo e\u0161te dnes. N\u00e1\u0161 t\u00edm v\u00e1s prevedie \u017eivou uk\u00e1\u017ekou, ktor\u00e1 v\u00e1m uk\u00e1\u017ee, ako m\u00f4\u017ee na\u0161a aplik\u00e1cia zmeni\u0165 va\u0161e podnikanie. Objavte funkcie, presk\u00famajte v\u00fdhody a zistite, ako dok\u00e1\u017ee splni\u0165 va\u0161e \u0161pecifick\u00e9 potreby. Napl\u00e1nujte si \u017eiv\u00e9 demo u\u017e teraz a urobte prv\u00fd krok k vyu\u017eitiu pln\u00e9ho potenci\u00e1lu v\u00e1\u0161ho podnikania.<\/p>\n\t\t\t\t<\/div>\n\t\t\t<\/div><\/div>\t\t<\/div>\n\t\t\t\t<\/div>\n\t\t\t\t<div class=\"elementor-element elementor-element-e29acae elementor-widget__width-auto animated-fast elementor-invisible elementor-widget elementor-widget-elementskit-button\" data-id=\"e29acae\" data-element_type=\"widget\" data-settings=\"{&quot;_animation&quot;:&quot;pulse&quot;,&quot;_animation_delay&quot;:300,&quot;ekit_we_effect_on&quot;:&quot;none&quot;}\" data-widget_type=\"elementskit-button.default\">\n\t\t\t\t<div class=\"elementor-widget-container\">\n\t\t\t<div class=\"ekit-wid-con\" >\t\t<div class=\"ekit-btn-wraper\">\n\t\t\t\t\t\t\t<a href=\"https:\/\/calendly.com\/diana_xperiencehr\/quick-intro\" class=\"elementskit-btn  whitespace--normal\" id=\"\">\n\t\t\t\t\tBook a demo\t\t\t\t<\/a>\n\t\t\t\t\t<\/div>\n        <\/div>\t\t<\/div>\n\t\t\t\t<\/div>\n\t\t\t\t<\/div>\n\t\t<div class=\"elementor-element elementor-element-afb692f e-con-full animated-fast e-flex elementor-invisible e-con e-child\" data-id=\"afb692f\" data-element_type=\"container\" data-settings=\"{&quot;background_background&quot;:&quot;classic&quot;,&quot;animation&quot;:&quot;fadeInUp&quot;,&quot;animation_delay&quot;:200}\">\n\t\t\t\t<div class=\"elementor-element elementor-element-15d04eb animated-fast elementor-invisible elementor-widget elementor-widget-image\" data-id=\"15d04eb\" data-element_type=\"widget\" data-settings=\"{&quot;_animation&quot;:&quot;fadeInUp&quot;,&quot;_animation_delay&quot;:400,&quot;ekit_we_effect_on&quot;:&quot;none&quot;}\" data-widget_type=\"image.default\">\n\t\t\t\t<div class=\"elementor-widget-container\">\n\t\t\t\t\t\t\t\t\t\t\t\t\t<img loading=\"lazy\" decoding=\"async\" width=\"1000\" height=\"1000\" src=\"https:\/\/www.xperiencehr.com\/wp-content\/uploads\/2024\/09\/Online_presentation_Monochromatic_xperiencehr.webp\" class=\"attachment-full size-full wp-image-3757\" alt=\"Online presentation Monochromatic xperiencehr\" srcset=\"https:\/\/www.xperiencehr.com\/wp-content\/uploads\/2024\/09\/Online_presentation_Monochromatic_xperiencehr.webp 1000w, https:\/\/www.xperiencehr.com\/wp-content\/uploads\/2024\/09\/Online_presentation_Monochromatic_xperiencehr-300x300.webp 300w, https:\/\/www.xperiencehr.com\/wp-content\/uploads\/2024\/09\/Online_presentation_Monochromatic_xperiencehr-150x150.webp 150w, https:\/\/www.xperiencehr.com\/wp-content\/uploads\/2024\/09\/Online_presentation_Monochromatic_xperiencehr-768x768.webp 768w, https:\/\/www.xperiencehr.com\/wp-content\/uploads\/2024\/09\/Online_presentation_Monochromatic_xperiencehr-710x710.webp 710w\" sizes=\"(max-width: 1000px) 100vw, 1000px\" \/>\t\t\t\t\t\t\t\t\t\t\t\t\t<\/div>\n\t\t\t\t<\/div>\n\t\t\t\t<\/div>\n\t\t\t\t<\/div>\n\t\t\t\t\t<\/div>\n\t\t\t\t<\/div>\n\t\t<div class=\"elementor-element elementor-element-bc13865 e-flex e-con-boxed e-con e-parent\" data-id=\"bc13865\" data-element_type=\"container\" data-settings=\"{&quot;background_background&quot;:&quot;classic&quot;}\">\n\t\t\t\t\t<div class=\"e-con-inner\">\n\t\t<div class=\"elementor-element elementor-element-725fb09 e-con-full e-flex e-con e-child\" data-id=\"725fb09\" data-element_type=\"container\">\n\t\t<div class=\"elementor-element elementor-element-ea03f04 e-con-full e-flex e-con e-child\" data-id=\"ea03f04\" data-element_type=\"container\">\n\t\t\t\t<div class=\"elementor-element elementor-element-7cb641c animated-fast elementor-invisible elementor-widget elementor-widget-elementskit-heading\" data-id=\"7cb641c\" data-element_type=\"widget\" data-settings=\"{&quot;_animation&quot;:&quot;fadeIn&quot;,&quot;_animation_delay&quot;:100,&quot;ekit_we_effect_on&quot;:&quot;none&quot;}\" data-widget_type=\"elementskit-heading.default\">\n\t\t\t\t<div class=\"elementor-widget-container\">\n\t\t\t<div class=\"ekit-wid-con\" ><div class=\"ekit-heading elementskit-section-title-wraper text_left   ekit_heading_tablet-   ekit_heading_mobile-\"><a href=\"https:\/\/www.xperiencehr.com\/sk\/kontakt\/\"><h2 class=\"ekit-heading--title elementskit-section-title \"><span><span>Dar\u010dek pre V\u00e1s!<\/span><\/span><\/h2><\/a>\t\t\t\t<div class='ekit-heading__description'>\n\t\t\t\t\t<p>Rozhodnite sa v\u010das! Vyu\u017eite 10% z\u013eavu z poplatku za implement\u00e1ciu. Ako? Podp\u00ed\u0161te s nami zmluvu do 30 kalend\u00e1rnych dn\u00ed od registr\u00e1cie na bezplatn\u00fa sk\u00fa\u0161obn\u00fa verziu. Ak m\u00e1te ak\u00e9ko\u013evek ot\u00e1zky, kontaktujte n\u00e1s.<\/p>\n\t\t\t\t<\/div>\n\t\t\t<\/div><\/div>\t\t<\/div>\n\t\t\t\t<\/div>\n\t\t\t\t<div class=\"elementor-element elementor-element-23be6f6 elementor-widget__width-auto animated-fast elementor-invisible elementor-widget elementor-widget-elementskit-button\" data-id=\"23be6f6\" data-element_type=\"widget\" data-settings=\"{&quot;_animation&quot;:&quot;pulse&quot;,&quot;_animation_delay&quot;:200,&quot;ekit_we_effect_on&quot;:&quot;none&quot;}\" data-widget_type=\"elementskit-button.default\">\n\t\t\t\t<div class=\"elementor-widget-container\">\n\t\t\t<div class=\"ekit-wid-con\" >\t\t<div class=\"ekit-btn-wraper\">\n\t\t\t\t\t\t\t<a href=\"https:\/\/www.xperiencehr.com\/sk\/kontakt\/\" class=\"elementskit-btn  whitespace--normal\" id=\"\">\n\t\t\t\t\tKontaktujte n\u00e1s\t\t\t\t<\/a>\n\t\t\t\t\t<\/div>\n        <\/div>\t\t<\/div>\n\t\t\t\t<\/div>\n\t\t\t\t<\/div>\n\t\t<div class=\"elementor-element elementor-element-8acf1fa e-con-full animated-fast e-flex elementor-invisible e-con e-child\" data-id=\"8acf1fa\" data-element_type=\"container\" data-settings=\"{&quot;background_background&quot;:&quot;classic&quot;,&quot;animation&quot;:&quot;fadeInUp&quot;,&quot;animation_delay&quot;:200}\">\n\t\t\t\t<div class=\"elementor-element elementor-element-9c1d5a6 animated-fast elementor-invisible elementor-widget elementor-widget-image\" data-id=\"9c1d5a6\" data-element_type=\"widget\" data-settings=\"{&quot;_animation&quot;:&quot;fadeInUp&quot;,&quot;_animation_delay&quot;:400,&quot;ekit_we_effect_on&quot;:&quot;none&quot;}\" data-widget_type=\"image.default\">\n\t\t\t\t<div class=\"elementor-widget-container\">\n\t\t\t\t\t\t\t\t\t\t\t\t\t<img loading=\"lazy\" decoding=\"async\" width=\"1000\" height=\"1000\" src=\"https:\/\/www.xperiencehr.com\/wp-content\/uploads\/2024\/09\/Piggy_bank_Monochromatic_xperiencehr.webp\" class=\"attachment-full size-full wp-image-3759\" alt=\"Piggy bank Monochromatic xperiencehr\" srcset=\"https:\/\/www.xperiencehr.com\/wp-content\/uploads\/2024\/09\/Piggy_bank_Monochromatic_xperiencehr.webp 1000w, https:\/\/www.xperiencehr.com\/wp-content\/uploads\/2024\/09\/Piggy_bank_Monochromatic_xperiencehr-300x300.webp 300w, https:\/\/www.xperiencehr.com\/wp-content\/uploads\/2024\/09\/Piggy_bank_Monochromatic_xperiencehr-150x150.webp 150w, https:\/\/www.xperiencehr.com\/wp-content\/uploads\/2024\/09\/Piggy_bank_Monochromatic_xperiencehr-768x768.webp 768w, https:\/\/www.xperiencehr.com\/wp-content\/uploads\/2024\/09\/Piggy_bank_Monochromatic_xperiencehr-710x710.webp 710w\" sizes=\"(max-width: 1000px) 100vw, 1000px\" \/>\t\t\t\t\t\t\t\t\t\t\t\t\t<\/div>\n\t\t\t\t<\/div>\n\t\t\t\t<\/div>\n\t\t\t\t<\/div>\n\t\t\t\t\t<\/div>\n\t\t\t\t<\/div>\n\t\t\t\t<\/div>\n\t\t","protected":false},"excerpt":{"rendered":"<p>\u010co \u010falej? Va\u0161a registr\u00e1cia bola \u00faspe\u0161n\u00e1, prihlasovacie \u00fadaje n\u00e1jdete v emaily. \u010co \u010falej? Pre \u00fapln\u00fd z\u00e1\u017eitok z testovania, pozrite si demo a stiahnite mobiln\u00fa aplik\u00e1ciu. Stiahnite si appku Pozrite si demo video Pozrite si toto 23-min\u00fatov\u00e9 demo video, kde vysvetl\u00edme modul po module a budeme v\u00e1s sprev\u00e1dza\u0165 po\u010das testovania. Stiahnite si mobiln\u00fa appku Rezervujte si [&hellip;]<\/p>\n","protected":false},"author":4,"featured_media":3750,"parent":0,"menu_order":0,"comment_status":"closed","ping_status":"closed","template":"","meta":{"footnotes":""},"class_list":["post-3801","page","type-page","status-publish","has-post-thumbnail","hentry"],"_links":{"self":[{"href":"https:\/\/www.xperiencehr.com\/sk\/wp-json\/wp\/v2\/pages\/3801","targetHints":{"allow":["GET"]}}],"collection":[{"href":"https:\/\/www.xperiencehr.com\/sk\/wp-json\/wp\/v2\/pages"}],"about":[{"href":"https:\/\/www.xperiencehr.com\/sk\/wp-json\/wp\/v2\/types\/page"}],"author":[{"embeddable":true,"href":"https:\/\/www.xperiencehr.com\/sk\/wp-json\/wp\/v2\/users\/4"}],"replies":[{"embeddable":true,"href":"https:\/\/www.xperiencehr.com\/sk\/wp-json\/wp\/v2\/comments?post=3801"}],"version-history":[{"count":4,"href":"https:\/\/www.xperiencehr.com\/sk\/wp-json\/wp\/v2\/pages\/3801\/revisions"}],"predecessor-version":[{"id":3805,"href":"https:\/\/www.xperiencehr.com\/sk\/wp-json\/wp\/v2\/pages\/3801\/revisions\/3805"}],"wp:featuredmedia":[{"embeddable":true,"href":"https:\/\/www.xperiencehr.com\/sk\/wp-json\/wp\/v2\/media\/3750"}],"wp:attachment":[{"href":"https:\/\/www.xperiencehr.com\/sk\/wp-json\/wp\/v2\/media?parent=3801"}],"curies":[{"name":"wp","href":"https:\/\/api.w.org\/{rel}","templated":true}]}}